{"id":757180,"date":"2025-08-28T07:28:59","date_gmt":"2025-08-28T04:28:59","guid":{"rendered":"https:\/\/roveyayinevi.com.tr\/index.php\/urun\/turkiyede-siyasal-partiler-cilt-1\/"},"modified":"2026-04-16T03:10:06","modified_gmt":"2026-04-16T00:10:06","slug":"turkiyede-siyasal-partiler-cilt-1","status":"publish","type":"product","link":"https:\/\/roveyayinevi.com.tr\/index.php\/urun\/turkiyede-siyasal-partiler-cilt-1\/","title":{"rendered":"T\u00fcrkiye\u2019de Siyasal Partiler Cilt 1"},"content":{"rendered":"<p>&#8220;T\u00fcrkiye&#8217;de Siyasal Partiler, Tar\u0131k Zafer Tunaya&#8217;n\u0131n T\u00fcrk tefekk\u00fcr tarihine ve T\u00fcrk siyasal tarih\u00e7ili\u011fine b\u0131rakt\u0131\u011f\u0131 (eskilerin tabiriyle muhalled) kal\u0131c\u0131, \u00f6l\u00fcms\u00fcz \u00e7al\u0131\u015fmas\u0131d\u0131r.&#8221; \u0130lber Ortayl\u0131 \u201c40 y\u0131ld\u0131r a\u015f\u0131lamam\u0131\u015f bir \u2018opus magnum\u2019. T\u00fcrk siyasal ya\u015fam\u0131na de\u011finen t\u00fcm siyaset bilimcilerin, tarih\u00e7ilerin ve sosyal bilimcilerin ba\u015fucu kitab\u0131. Bir\u00e7ok ge\u00e7 Osmanl\u0131 ve erken Cumhuriyet d\u00f6nemleri ara\u015ft\u0131rmac\u0131lar\u0131n\u0131n esin kayna\u011f\u0131. Tarihte \u00e7ok az bilim adam\u0131 bu denli uzun bir s\u00fcre g\u00f6nderme yap\u0131lan esere sahip.\u201d Zafer Toprak   Cumhuriyet \u00f6ncesi T\u00fcrk siyasi ya\u015fam\u0131n\u0131n en hareketli ve ara\u015ft\u0131rmac\u0131lar a\u00e7\u0131s\u0131ndan en zengin d\u00f6nemini bir nesil Tar\u0131k Zafer Tunaya\u2019n\u0131n rehberli\u011finde \u00f6\u011frendi. \u00dc\u00e7 ciltten olu\u015fan T\u00fcrkiye\u2019de Siyasal Partiler, alan\u0131nda bir ilk olmas\u0131n\u0131n yan\u0131 s\u0131ra T\u00fcrk siyasi tarihi a\u00e7\u0131s\u0131ndan \u00f6l\u00fcms\u00fcz tabir edilen, bug\u00fcn bile h\u00e2l\u00e2 ge\u00e7ilememi\u015f bir \u00e7al\u0131\u015fma. Zengin i\u00e7eri\u011fiyle sadece ara\u015ft\u0131rmac\u0131lar\u0131n ve tarih\u00e7ilerin de\u011fil, \u00f6\u011frencilerin ve merakl\u0131lar\u0131n da ba\u015fucundan eksik etmedi\u011fi bir kaynak eser.T\u00fcrkiye\u2019de Siyasal Partiler\u2019in elinizdeki ilk cildi, II. Me\u015frutiyet d\u00f6nemini ele al\u0131yor. Tunaya\u2019n\u0131n deyi\u015fiyle bu d\u00f6nem hem bir laboratuvar hem de T\u00fcrkleri imparatorluktan demokratik Cumhuriyet form\u00fcl\u00fcne iletmi\u015f bir k\u00f6pr\u00fc. \u00d6te yandan d\u00fcnle bug\u00fcn aras\u0131nda ba\u011flant\u0131 kurmak, ink\u0131l\u00e2p tarihimizin k\u00f6klerine inmek, ulus-devlet tecr\u00fcbemizi derinlemesine analiz etmek i\u00e7in II. Me\u015frutiyet bize her zaman \u0131\u015f\u0131k tutan bir merkez noktas\u0131. \u00c7ok b\u00fcy\u00fck bir titizlikle siyasal partilerin Eski Yunan ve Roma\u2019dan bu yana ne oldu\u011funa dair m\u00fckemmel bir giri\u015f ile ba\u015flayan ilk cilt, ard\u0131ndan II. Me\u015frutiyet d\u00f6nemi ve \u00f6zellikleri, \u0130ttihat ve Terakki\u2019nin kurulu\u015fundan partinin sonuna kadarki d\u00f6nem, yine bu d\u00f6nemde kurulan di\u011fer partiler, cemiyetler, dernekler de kurulu\u015f belgelerinden, faaliyetleri ve \u00fcyelerine kadar her y\u00f6n\u00fcyle de\u011ferlendiriliyor. B\u00f6ylece okuyucular Osmanl\u0131 Sosyalist F\u0131rkas\u0131\u2019ndan Hal\u00e2sk\u00e2r Zabitan Grubu\u2019na, H\u00fcrriyet ve \u0130tilaf F\u0131rkas\u0131\u2019ndan T\u00fcrk Oca\u011f\u0131\u2019na, Mason localar\u0131ndan Arap derneklerine, Ermeni sorunundan komitelerine kadar kurulan her yap\u0131y\u0131 Tar\u0131k Zafer Tunaya\u2019n\u0131n bak\u0131\u015f a\u00e7\u0131s\u0131yla de\u011ferlendirme imk\u00e2n\u0131 buluyor.Yay\u0131mland\u0131\u011f\u0131 1952 y\u0131l\u0131ndan bug\u00fcne kadar g\u00fcncelli\u011finden hi\u00e7bir \u015fey kaybetmemi\u015f T\u00fcrkiye\u2019de Siyasal Partiler\u2019i Kronik Kitap olarak yeniden g\u00fcn y\u00fcz\u00fcne \u00e7\u0131karmaktan ve merakl\u0131 okurlara sunmaktan mutluluk duyuyoruz. <\/p>\n","protected":false},"excerpt":{"rendered":"<p>&#8220;T\u00fcrkiye&#8217;de Siyasal Partiler, Tar\u0131k Zafer Tunaya&#8217;n\u0131n T\u00fcrk tefekk\u00fcr tarihine ve T\u00fcrk siyasal tarih\u00e7ili\u011fine b\u0131rakt\u0131\u011f\u0131 (eskilerin tabiriyle muhalled) kal\u0131c\u0131, \u00f6l\u00fcms\u00fcz \u00e7al\u0131\u015fmas\u0131d\u0131r.&#8221; \u0130lber Ortayl\u0131 \u201c40 y\u0131ld\u0131r a\u015f\u0131lamam\u0131\u015f bir<span class=\"excerpt-hellip\"> [\u2026]<\/span><\/p>\n","protected":false},"featured_media":0,"template":"","meta":{"_monsterinsights_skip_tracking":false,"_monsterinsights_sitenote_active":false,"_monsterinsights_sitenote_note":"","_monsterinsights_sitenote_category":0},"product_brand":[],"product_cat":[12304,13650],"product_tag":[],"class_list":{"0":"post-757180","1":"product","2":"type-product","3":"status-publish","5":"product_cat-tarih","6":"product_cat-turk-tarihi-arastirmalari","7":"pa_cilt-ciltsiz","8":"pa_tur-kitap","9":"pa_yayinevi-kronik-kitap","10":"pa_yazar-tarik-zafer-tunaya","12":"first","13":"instock","14":"sale","15":"shipping-taxable","16":"purchasable","17":"product-type-simple"},"_links":{"self":[{"href":"https:\/\/roveyayinevi.com.tr\/index.php\/wp-json\/wp\/v2\/product\/757180","targetHints":{"allow":["GET"]}}],"collection":[{"href":"https:\/\/roveyayinevi.com.tr\/index.php\/wp-json\/wp\/v2\/product"}],"about":[{"href":"https:\/\/roveyayinevi.com.tr\/index.php\/wp-json\/wp\/v2\/types\/product"}],"wp:attachment":[{"href":"https:\/\/roveyayinevi.com.tr\/index.php\/wp-json\/wp\/v2\/media?parent=757180"}],"wp:term":[{"taxonomy":"product_brand","embeddable":true,"href":"https:\/\/roveyayinevi.com.tr\/index.php\/wp-json\/wp\/v2\/product_brand?post=757180"},{"taxonomy":"product_cat","embeddable":true,"href":"https:\/\/roveyayinevi.com.tr\/index.php\/wp-json\/wp\/v2\/product_cat?post=757180"},{"taxonomy":"product_tag","embeddable":true,"href":"https:\/\/roveyayinevi.com.tr\/index.php\/wp-json\/wp\/v2\/product_tag?post=757180"}],"curies":[{"name":"wp","href":"https:\/\/api.w.org\/{rel}","templated":true}]}}