{"id":757178,"date":"2025-08-28T07:28:56","date_gmt":"2025-08-28T04:28:56","guid":{"rendered":"https:\/\/roveyayinevi.com.tr\/index.php\/urun\/asyada-kilik-degistirerek-yolculuk\/"},"modified":"2026-04-16T03:10:06","modified_gmt":"2026-04-16T00:10:06","slug":"asyada-kilik-degistirerek-yolculuk","status":"publish","type":"product","link":"https:\/\/roveyayinevi.com.tr\/index.php\/urun\/asyada-kilik-degistirerek-yolculuk\/","title":{"rendered":"Asya\u2019da K\u0131l\u0131k De\u011fi\u015ftirerek Yolculuk"},"content":{"rendered":"<p>Bir \u0130ngiliz Subay\u0131n\u0131n Anadolu, \u0130ran ve Hindistan Hat\u0131ralar\u0131 B\u00fcy\u00fck Britanya\u2019n\u0131n alt\u0131n \u00e7a\u011f\u0131nda \u00e7e\u015fitli diplomatik ve asker\u00ee g\u00f6revlerle Hindistan\u2019dan Afganistan\u2019a, \u0130ran\u2019dan Rusya\u2019ya, Anadolu\u2019dan K\u0131z\u0131l Deniz\u2019e, Suriye\u2019den Musul\u2019a kadar Do\u011fu d\u00fcnyas\u0131n\u0131n hemen hemen her b\u00f6lgesini gezen Seylan do\u011fumlu \u0130ngiliz subay\u0131 ve diplomat\u0131 Charles Edward Stewart\u2019\u0131n kaleme ald\u0131\u011f\u0131 Asya\u2019da K\u0131l\u0131k De\u011fi\u015ftirerek Yolculuk sizleri 19. y\u00fczy\u0131l d\u00fcnyas\u0131n\u0131n renkli ve bir o kadar da zorlu d\u00fcnyas\u0131na g\u00f6t\u00fcrecek. Eserde bir yandan Hindistan yerlilerinin \u0130ngiliz boyunduru\u011funa kar\u015f\u0131 son bir gayretle giri\u015ftikleri ba\u015far\u0131s\u0131z ba\u015fkald\u0131r\u0131 hareketi, Afgan kabilelerinin \u0130ngilizlere kar\u015f\u0131 amans\u0131z direni\u015fi, Sultan Abd\u00fclhamid\u2019in tahta \u00e7\u0131k\u0131\u015f\u0131n\u0131n ilk y\u0131llar\u0131nda \u0130stanbul\u2019un durumu, 93 Harbi sonras\u0131nda Anadolu\u2019da h\u00fck\u00fcm s\u00fcren a\u00e7l\u0131k ve sefalet, Ka\u00e7ar Hanedan\u0131 idaresindeki \u0130ran\u2019\u0131n her bak\u0131mdan peri\u015fan vaziyeti anlat\u0131lmakta, bir yandan da \u0130ngiltere ile Rusya\u2019n\u0131n K\u0131r\u0131m Harbi sonras\u0131nda yeniden k\u0131z\u0131\u015fan rekabetinin heyecanl\u0131 bir \u0130ngiliz subay\u0131n\u0131n g\u00f6z\u00fcnden nas\u0131l g\u00f6r\u00fcnd\u00fc\u011f\u00fc tasvir edilmektedir. Yazar Hristiyan kimli\u011fiyle Do\u011fu\u2019daki dinda\u015flar\u0131n\u0131n durumundan ve misyonerlik faaliyetlerinden s\u00f6z etmekte, Do\u011fu Hristiyanl\u0131\u011f\u0131n\u0131n \u00f6zellikle de Ka\u00e7ar Hanedan\u0131\u2019n\u0131n idaresindeki \u0130ran\u2019a ve Osmanl\u0131\u2019ya bak\u0131\u015f\u0131n\u0131 yans\u0131tmaktad\u0131r. Rusya\u2019n\u0131n T\u00fcrkistan\u2019daki i\u015fgalleri s\u0131ras\u0131nda kar\u015f\u0131la\u015ft\u0131\u011f\u0131 son ve destans\u0131 direni\u015fi, yani G\u00f6ktepe Sava\u015f\u0131\u2019n\u0131 yak\u0131ndan takip eden yazar T\u00fcrkistan T\u00fcrkmenlerinin siyasi, sosyal, k\u00fclt\u00fcrel ve asker\u00ee durumlar\u0131 hakk\u0131nda birinci elden bilgiler sunmaktad\u0131r. 19. y\u00fczy\u0131l\u0131n son \u00e7eyre\u011finden itibaren yayg\u0131nla\u015fan petrol\u00fcn gemilerde ve trenlerde kullan\u0131m\u0131 uygulamas\u0131 da yazar\u0131n ilgi duydu\u011fu konular aras\u0131ndad\u0131r. Asya\u2019da K\u0131l\u0131k De\u011fi\u015ftirerek Yolculuk, 19. y\u00fczy\u0131lda b\u00fcy\u00fck de\u011fi\u015fimlere sahne olan Asya\u2019daki geli\u015fmelere \u015fahit olan bir \u0130ngiliz subay\u0131n\u0131n 50 y\u0131ll\u0131k hat\u0131ralar\u0131n\u0131 ve Do\u011fu d\u00fcnyas\u0131n\u0131 tasvirini kaps\u0131yor. <\/p>\n","protected":false},"excerpt":{"rendered":"<p>Bir \u0130ngiliz Subay\u0131n\u0131n Anadolu, \u0130ran ve Hindistan Hat\u0131ralar\u0131 B\u00fcy\u00fck Britanya\u2019n\u0131n alt\u0131n \u00e7a\u011f\u0131nda \u00e7e\u015fitli diplomatik ve asker\u00ee g\u00f6revlerle Hindistan\u2019dan Afganistan\u2019a, \u0130ran\u2019dan Rusya\u2019ya, Anadolu\u2019dan K\u0131z\u0131l Deniz\u2019e, Suriye\u2019den Musul\u2019a<span class=\"excerpt-hellip\"> [\u2026]<\/span><\/p>\n","protected":false},"featured_media":0,"template":"","meta":{"_monsterinsights_skip_tracking":false,"_monsterinsights_sitenote_active":false,"_monsterinsights_sitenote_note":"","_monsterinsights_sitenote_category":0},"product_brand":[],"product_cat":[12304],"product_tag":[],"class_list":{"0":"post-757178","1":"product","2":"type-product","3":"status-publish","5":"product_cat-tarih","6":"pa_cilt-ciltsiz","7":"pa_tur-kitap","8":"pa_yayinevi-kronik-kitap","9":"pa_yazar-charles-edward-stewart","11":"first","12":"instock","13":"sale","14":"shipping-taxable","15":"purchasable","16":"product-type-simple"},"_links":{"self":[{"href":"https:\/\/roveyayinevi.com.tr\/index.php\/wp-json\/wp\/v2\/product\/757178","targetHints":{"allow":["GET"]}}],"collection":[{"href":"https:\/\/roveyayinevi.com.tr\/index.php\/wp-json\/wp\/v2\/product"}],"about":[{"href":"https:\/\/roveyayinevi.com.tr\/index.php\/wp-json\/wp\/v2\/types\/product"}],"wp:attachment":[{"href":"https:\/\/roveyayinevi.com.tr\/index.php\/wp-json\/wp\/v2\/media?parent=757178"}],"wp:term":[{"taxonomy":"product_brand","embeddable":true,"href":"https:\/\/roveyayinevi.com.tr\/index.php\/wp-json\/wp\/v2\/product_brand?post=757178"},{"taxonomy":"product_cat","embeddable":true,"href":"https:\/\/roveyayinevi.com.tr\/index.php\/wp-json\/wp\/v2\/product_cat?post=757178"},{"taxonomy":"product_tag","embeddable":true,"href":"https:\/\/roveyayinevi.com.tr\/index.php\/wp-json\/wp\/v2\/product_tag?post=757178"}],"curies":[{"name":"wp","href":"https:\/\/api.w.org\/{rel}","templated":true}]}}