{"id":757177,"date":"2025-08-28T07:28:55","date_gmt":"2025-08-28T04:28:55","guid":{"rendered":"https:\/\/roveyayinevi.com.tr\/index.php\/urun\/zenginlik-ve-mutluluk-icin-7-strateji\/"},"modified":"2026-04-16T03:10:06","modified_gmt":"2026-04-16T00:10:06","slug":"zenginlik-ve-mutluluk-icin-7-strateji","status":"publish","type":"product","link":"https:\/\/roveyayinevi.com.tr\/index.php\/urun\/zenginlik-ve-mutluluk-icin-7-strateji\/","title":{"rendered":"Zenginlik ve Mutluluk i\u00e7in 7 Strateji"},"content":{"rendered":"<p>M\u0130LYONLARCA \u0130NSANIN HAYATINA DOKUNAN JIM ROHN\u2019UN KALEM\u0130NDEN \u0130\u00c7\u0130N\u0130ZDEK\u0130 SERVET\u0130 ORTAYA \u00c7IKARACAK B\u0130R K\u0130TAP: ZENG\u0130NL\u0130K VE MUTLULUK \u0130\u00c7\u0130N 7 STRATEJ\u0130   Bu kitap size ac\u0131 \u00e7ekece\u011finizin garantisini veriyor: Ya disiplin sahibi olup hedefiniz do\u011frultusunda y\u00fcr\u00fcyecek ve bu ba\u011fl\u0131l\u0131\u011f\u0131n\u0131z\u0131n ac\u0131s\u0131n\u0131 b\u00fcy\u00fck bir memnuniyet i\u00e7erisinde \u00e7ekeceksiniz. Ya da ba\u015far\u0131s\u0131zl\u0131\u011f\u0131n\u0131za bahaneler bulup vicdan azab\u0131n\u0131z\u0131 dindirmeye \u00e7al\u0131\u015facak ama nihayetinde pi\u015fmanl\u0131\u011f\u0131n\u0131z\u0131n ac\u0131s\u0131yla k\u0131vranacaks\u0131n\u0131z.   Ba\u015farmak i\u00e7in kendilerini adayanlar\u0131n \u00f6n\u00fcnde sonsuz olas\u0131l\u0131k duruyor. Peki ama bu olas\u0131l\u0131klardan ka\u00e7\u0131 g\u00f6r\u00fcn\u00fcr halde? Ka\u00e7\u0131 kullan\u0131labilir? Ka\u00e7\u0131 ger\u00e7ekten kendini ba\u015far\u0131ya adam\u0131\u015f birisinin izleyebilece\u011fi do\u011fru yol?  Yolun ba\u015f\u0131nda bu sorulara cevap vermenin imk\u00e2n\u0131 yok, ama Jim Rohn\u2019un bir tavsiyesi var: \u0130steyin, yola \u00e7\u0131k\u0131n ve disiplinli olun! Ba\u015far\u0131ya giden yol hedefe varman\u0131z i\u00e7in size gerekli nitelikleri kazand\u0131racak, \u015fayet hayat\u0131n\u0131zda baz\u0131 de\u011fi\u015fiklikler yapmay\u0131 g\u00f6ze al\u0131rsan\u0131z:  \u00b7         Hedeflerin G\u00fcc\u00fcn\u00fc A\u00e7\u0131\u011fa \u00c7\u0131kar\u0131n \u00b7         Bilgiyi Aray\u0131n  \u00b7         De\u011fi\u015fmeyi \u00d6\u011frenin  \u00b7         Maddi Kaynaklar\u0131n Kontrol\u00fcn\u00fc Elinize Al\u0131n \u00b7         Zaman\u0131 Y\u00f6netin \u00b7         Etraf\u0131n\u0131za Kazananlar\u0131 Toplay\u0131n  \u00b7         \u0130yi Ya\u015fam Sanat\u0131n\u0131 \u00d6\u011frenin   D\u00fcnyan\u0131n \u00f6nde gelen motivasyon konu\u015fmac\u0131s\u0131 ve i\u015f filozofu Jim Rohn Mutluluk ve Zenginlik i\u00e7in 7 Strateji kitab\u0131nda, kendisini Amerika\u2019n\u0131n k\u0131rsal\u0131ndan 25 ya\u015f\u0131nda \u00e7\u0131km\u0131\u015f, fabrika i\u015f\u00e7isi bir orta s\u0131n\u0131f vatanda\u015ftan bir milyonere d\u00f6n\u00fc\u015ft\u00fcren yollar\u0131 sunuyor. Bu kitap sizde bir d\u00f6n\u00fc\u015f\u00fcm\u00fc ate\u015fleyecek! <\/p>\n","protected":false},"excerpt":{"rendered":"<p>M\u0130LYONLARCA \u0130NSANIN HAYATINA DOKUNAN JIM ROHN\u2019UN KALEM\u0130NDEN \u0130\u00c7\u0130N\u0130ZDEK\u0130 SERVET\u0130 ORTAYA \u00c7IKARACAK B\u0130R K\u0130TAP: ZENG\u0130NL\u0130K VE MUTLULUK \u0130\u00c7\u0130N 7 STRATEJ\u0130 Bu kitap size ac\u0131 \u00e7ekece\u011finizin garantisini veriyor:<span class=\"excerpt-hellip\"> [\u2026]<\/span><\/p>\n","protected":false},"featured_media":0,"template":"","meta":{"_monsterinsights_skip_tracking":false,"_monsterinsights_sitenote_active":false,"_monsterinsights_sitenote_note":"","_monsterinsights_sitenote_category":0},"product_brand":[],"product_cat":[12364,12376],"product_tag":[],"class_list":{"0":"post-757177","1":"product","2":"type-product","3":"status-publish","5":"product_cat-genel-konular","6":"product_cat-kisisel-gelisim","7":"pa_cilt-ciltsiz","8":"pa_tur-kitap","9":"pa_yayinevi-kronik-kitap","10":"pa_yazar-jim-rohn","12":"first","13":"instock","14":"sale","15":"shipping-taxable","16":"purchasable","17":"product-type-simple"},"_links":{"self":[{"href":"https:\/\/roveyayinevi.com.tr\/index.php\/wp-json\/wp\/v2\/product\/757177","targetHints":{"allow":["GET"]}}],"collection":[{"href":"https:\/\/roveyayinevi.com.tr\/index.php\/wp-json\/wp\/v2\/product"}],"about":[{"href":"https:\/\/roveyayinevi.com.tr\/index.php\/wp-json\/wp\/v2\/types\/product"}],"wp:attachment":[{"href":"https:\/\/roveyayinevi.com.tr\/index.php\/wp-json\/wp\/v2\/media?parent=757177"}],"wp:term":[{"taxonomy":"product_brand","embeddable":true,"href":"https:\/\/roveyayinevi.com.tr\/index.php\/wp-json\/wp\/v2\/product_brand?post=757177"},{"taxonomy":"product_cat","embeddable":true,"href":"https:\/\/roveyayinevi.com.tr\/index.php\/wp-json\/wp\/v2\/product_cat?post=757177"},{"taxonomy":"product_tag","embeddable":true,"href":"https:\/\/roveyayinevi.com.tr\/index.php\/wp-json\/wp\/v2\/product_tag?post=757177"}],"curies":[{"name":"wp","href":"https:\/\/api.w.org\/{rel}","templated":true}]}}