{"id":757175,"date":"2025-08-28T07:28:51","date_gmt":"2025-08-28T04:28:51","guid":{"rendered":"https:\/\/roveyayinevi.com.tr\/index.php\/urun\/oluler-savasi\/"},"modified":"2026-04-16T03:10:06","modified_gmt":"2026-04-16T00:10:06","slug":"oluler-savasi","status":"publish","type":"product","link":"https:\/\/roveyayinevi.com.tr\/index.php\/urun\/oluler-savasi\/","title":{"rendered":"\u00d6l\u00fcler Sava\u015f\u0131"},"content":{"rendered":"<p>Alexander R. Grey\u2019in kaleminden, s\u00fcr\u00fckleyici &#8220;Ejderha Krali\u00e7e&#8221; serisinin d\u00f6rd\u00fcnc\u00fc ve son kitab\u0131 &#8220;\u00d6l\u00fcler Sava\u015f\u0131&#8221;nda; gizemli ormanlar\u0131n, unutulmu\u015f krall\u0131klar\u0131n ve eski sava\u015flar\u0131n g\u00f6lgesinde, Kaila&#8217;n\u0131n hayatta kalma m\u00fccadelesi sizleri bekliyor. Bu kitab\u0131n sayfalar\u0131n\u0131 aralayarak g\u00fc\u00e7l\u00fc ve cesur bir kad\u0131n\u0131n, kaderini de\u011fi\u015ftirecek yolculu\u011funa tan\u0131k olun. Kaila\u2019n\u0131n ya\u015fam\u0131, kendisine gelen bir davetiye ile alt\u00fcst olur. Bu, sadece bir yemek daveti de\u011fil, ayn\u0131 zamanda onun ve t\u00fcm vadinin gelece\u011fini \u015fekillendirecek bir s\u0131navd\u0131r. Gizemli Yavenn Lordu Gri ve kadim k\u0131\u015f kurtlar\u0131n\u0131n s\u0131rlar\u0131na dalarken, Kaila\u2019n\u0131n heyecanl\u0131 yolculu\u011funda kar\u015f\u0131la\u015faca\u011f\u0131 zorluklar\u0131, kurdu\u011fu dostluk ba\u011flar\u0131n\u0131 ve ald\u0131\u011f\u0131 ihanet yaralar\u0131n\u0131 soluksuz okuyacaks\u0131n\u0131z. Unutmay\u0131n ki bu yolda her ad\u0131m bir tehlikenin, her g\u00f6lge bir s\u0131rr\u0131n habercisi olabilir. G\u00fc\u00e7 m\u00fccadeleleri ve karanl\u0131k b\u00fcy\u00fclerle dolu bu destans\u0131 ser\u00fcvende, Kaila\u2019n\u0131n kaderi sizin ellerinizde. <\/p>\n","protected":false},"excerpt":{"rendered":"<p>Alexander R. Grey\u2019in kaleminden, s\u00fcr\u00fckleyici &#8220;Ejderha Krali\u00e7e&#8221; serisinin d\u00f6rd\u00fcnc\u00fc ve son kitab\u0131 &#8220;\u00d6l\u00fcler Sava\u015f\u0131&#8221;nda; gizemli ormanlar\u0131n, unutulmu\u015f krall\u0131klar\u0131n ve eski sava\u015flar\u0131n g\u00f6lgesinde, Kaila&#8217;n\u0131n hayatta kalma m\u00fccadelesi<span class=\"excerpt-hellip\"> [\u2026]<\/span><\/p>\n","protected":false},"featured_media":0,"template":"","meta":{"_monsterinsights_skip_tracking":false,"_monsterinsights_sitenote_active":false,"_monsterinsights_sitenote_note":"","_monsterinsights_sitenote_category":0},"product_brand":[],"product_cat":[12291,14777],"product_tag":[],"class_list":{"0":"post-757175","1":"product","2":"type-product","3":"status-publish","5":"product_cat-edebiyat","6":"product_cat-fantastik","7":"pa_cilt-ciltsiz","8":"pa_tur-kitap","9":"pa_yayinevi-profil-kitap","10":"pa_yazar-alexander-r-grey","12":"first","13":"instock","14":"sale","15":"shipping-taxable","16":"purchasable","17":"product-type-simple"},"_links":{"self":[{"href":"https:\/\/roveyayinevi.com.tr\/index.php\/wp-json\/wp\/v2\/product\/757175","targetHints":{"allow":["GET"]}}],"collection":[{"href":"https:\/\/roveyayinevi.com.tr\/index.php\/wp-json\/wp\/v2\/product"}],"about":[{"href":"https:\/\/roveyayinevi.com.tr\/index.php\/wp-json\/wp\/v2\/types\/product"}],"wp:attachment":[{"href":"https:\/\/roveyayinevi.com.tr\/index.php\/wp-json\/wp\/v2\/media?parent=757175"}],"wp:term":[{"taxonomy":"product_brand","embeddable":true,"href":"https:\/\/roveyayinevi.com.tr\/index.php\/wp-json\/wp\/v2\/product_brand?post=757175"},{"taxonomy":"product_cat","embeddable":true,"href":"https:\/\/roveyayinevi.com.tr\/index.php\/wp-json\/wp\/v2\/product_cat?post=757175"},{"taxonomy":"product_tag","embeddable":true,"href":"https:\/\/roveyayinevi.com.tr\/index.php\/wp-json\/wp\/v2\/product_tag?post=757175"}],"curies":[{"name":"wp","href":"https:\/\/api.w.org\/{rel}","templated":true}]}}