{"id":757174,"date":"2025-08-28T07:28:49","date_gmt":"2025-08-28T04:28:49","guid":{"rendered":"https:\/\/roveyayinevi.com.tr\/index.php\/urun\/kiliclar-tapinagi\/"},"modified":"2026-04-16T03:10:06","modified_gmt":"2026-04-16T00:10:06","slug":"kiliclar-tapinagi","status":"publish","type":"product","link":"https:\/\/roveyayinevi.com.tr\/index.php\/urun\/kiliclar-tapinagi\/","title":{"rendered":"K\u0131l\u0131\u00e7lar Tap\u0131na\u011f\u0131"},"content":{"rendered":"<p>Ge\u00e7mi\u015ften gelece\u011fe, g\u00f6lgelerden \u0131\u015f\u0131\u011fa s\u00fcr\u00fcklendikleri bir hik\u00e2yenin i\u00e7indeler. Kaybettiklerinin yas\u0131, zaferlerini g\u00f6lgelerken her ad\u0131mlar\u0131 daha zor, daha b\u00fcy\u00fck s\u0131navlar i\u00e7eriyor. Bu snavlar i\u00e7in yeterince haz\u0131rlar m\u0131? Bilinmez. B\u00fcy\u00fcc\u00fclerin yollad\u0131\u011f\u0131, kan ve zehir ak\u0131tan ordulara kar\u015f\u0131 koyarak; b\u00fcy\u00fc, \u00e7elik ve y\u0131ld\u0131r\u0131mlar\u0131n aras\u0131nda kayboluyorlar. Bu Sava\u015f i\u00e7in yeterince iyiler mi? Bilinmez. Kadim bir ormam\u0131n i\u00e7inden ge\u00e7ip kayp \u015fehirlere varacaklar. Ejderha kemikleri arasnndan ge\u00e7mi\u015fe yol al\u0131p her \u015feye g\u00f6\u011f\u00fcs gererek, kaderlerine teslim olmadan sava\u015facaklar. Gri\u2019nin g\u00fcnbeg\u00fcn meydana \u00e7\u0131kan hik\u00e2yesi i\u00e7inde yitecek; kan\u0131n i\u00e7inde karanl\u011f\u0131 bulacaklar. Bunu kaldrabilecek kadar g\u00fc\u00e7l\u00fcler mi? Bilinmez. D\u00fc\u015ft\u00fcklerinde bunu kader say\u0131p teslim olanlar ve d\u00fc\u015ft\u00fc\u011f\u00fc yerden daha da g\u00fc\u00e7l\u00fc kalk\u0131p sava\u015fa devam edenler . M\u00fccadele ruhunu diri tutanlar\u0131 gururla hat\u0131rlay\u0131n ve dualar\u0131n\u0131zda onlar\u0131 merhametle an\u0131n. Serinin \u00fc\u00e7\u00fcnc\u0169 kitab\u0131 olan &#8220;Unutulmu\u015f K\u0131l\u0131\u00e7lar Tap\u0131na\u011f\u0131&#8221; g\u00f6z\u00fc pek bir \u015fekilde zirveye ilerleyenler i\u00e7in yaz\u0131lm\u0131\u015ft\u0131r. <\/p>\n","protected":false},"excerpt":{"rendered":"<p>Ge\u00e7mi\u015ften gelece\u011fe, g\u00f6lgelerden \u0131\u015f\u0131\u011fa s\u00fcr\u00fcklendikleri bir hik\u00e2yenin i\u00e7indeler. Kaybettiklerinin yas\u0131, zaferlerini g\u00f6lgelerken her ad\u0131mlar\u0131 daha zor, daha b\u00fcy\u00fck s\u0131navlar i\u00e7eriyor. Bu snavlar i\u00e7in yeterince haz\u0131rlar m\u0131?<span class=\"excerpt-hellip\"> [\u2026]<\/span><\/p>\n","protected":false},"featured_media":0,"template":"","meta":{"_monsterinsights_skip_tracking":false,"_monsterinsights_sitenote_active":false,"_monsterinsights_sitenote_note":"","_monsterinsights_sitenote_category":0},"product_brand":[],"product_cat":[12291,14777],"product_tag":[],"class_list":{"0":"post-757174","1":"product","2":"type-product","3":"status-publish","5":"product_cat-edebiyat","6":"product_cat-fantastik","7":"pa_cilt-ciltsiz","8":"pa_tur-kitap","9":"pa_yayinevi-profil-kitap","10":"pa_yazar-alexander-r-grey","12":"first","13":"instock","14":"sale","15":"shipping-taxable","16":"purchasable","17":"product-type-simple"},"_links":{"self":[{"href":"https:\/\/roveyayinevi.com.tr\/index.php\/wp-json\/wp\/v2\/product\/757174","targetHints":{"allow":["GET"]}}],"collection":[{"href":"https:\/\/roveyayinevi.com.tr\/index.php\/wp-json\/wp\/v2\/product"}],"about":[{"href":"https:\/\/roveyayinevi.com.tr\/index.php\/wp-json\/wp\/v2\/types\/product"}],"wp:attachment":[{"href":"https:\/\/roveyayinevi.com.tr\/index.php\/wp-json\/wp\/v2\/media?parent=757174"}],"wp:term":[{"taxonomy":"product_brand","embeddable":true,"href":"https:\/\/roveyayinevi.com.tr\/index.php\/wp-json\/wp\/v2\/product_brand?post=757174"},{"taxonomy":"product_cat","embeddable":true,"href":"https:\/\/roveyayinevi.com.tr\/index.php\/wp-json\/wp\/v2\/product_cat?post=757174"},{"taxonomy":"product_tag","embeddable":true,"href":"https:\/\/roveyayinevi.com.tr\/index.php\/wp-json\/wp\/v2\/product_tag?post=757174"}],"curies":[{"name":"wp","href":"https:\/\/api.w.org\/{rel}","templated":true}]}}