{"id":757173,"date":"2025-08-28T07:28:47","date_gmt":"2025-08-28T04:28:47","guid":{"rendered":"https:\/\/roveyayinevi.com.tr\/index.php\/urun\/yasak-sehir-2\/"},"modified":"2026-04-16T03:10:06","modified_gmt":"2026-04-16T00:10:06","slug":"yasak-sehir-2","status":"publish","type":"product","link":"https:\/\/roveyayinevi.com.tr\/index.php\/urun\/yasak-sehir-2\/","title":{"rendered":"Yasak \u015eehir"},"content":{"rendered":"<p>Bazen korktu\u011funuz seyler karanl\u0131\u011f\u0131n i\u00e7inde, duvarlar\u0131n veya kap\u0131lar\u0131n ard\u0131nda de\u011fildir. Bazen sadece kendimizden korkar\u0131z. Deneyip ba\u015faramamaktan hatta hayallerimizi ger\u00e7ekle\u015ftirmekten&#8230; Ve korkular\u0131m\u0131zla y\u00fczle\u015fmeyi son ana kadar erteleriz. Oysa korkular\u0131m\u0131z bir kaplan gibidir. Biz ne kadar g\u00f6z\u00fcm\u00fcz\u00fc kaparsak kapayal\u0131m, o bizi bulur. Cennet Ge\u00e7idi kahramanlar\u0131, kimsenin yapamad\u0131\u011f\u0131n\u0131 yapt\u0131. Batakl\u011f\u0131n cad\u0131s\u0131n\u0131 yenip Nord&#8217;u kurtard\u0131lar. B\u00fcy\u00fcc\u00fcn\u00fcn kulesine gittiler ve bir di\u011ferinin tuza\u011fandan kurtuldular. Peki bunlar Cennet Ge\u00e7idini kurtarmaya yetecek mi? Kaderleri de\u011fi\u015fecek mi? Serinin ikinci kitab\u0131 &#8220;Yasak \u015eehir&#8221;de Cennet Ge\u00e7idi\u2019nin zaferine inanan bir grup gen\u00e7 b\u00fcy\u00fck bir maceraya yol al\u0131yor. Onlar\u0131 bekleyen karma\u015fadan yeni bir varolu\u015f yaratabilecekler mi? Buna inanyorlar ve oyunda fedakar\u0131\u011fa haz\u0131rlarlar . Ancak g\u00f6lgeler i\u00e7inde bir oyun ba\u015flad\u0131 bile, Bu oyunda h\u0131rs\u0131zlar kral ; krallar ise merhamete muhta\u00e7\u2026 Ama unutulmamal\u0131 ki zafer, yaln\u0131zca ona inananlan\u0131 sever! <\/p>\n","protected":false},"excerpt":{"rendered":"<p>Bazen korktu\u011funuz seyler karanl\u0131\u011f\u0131n i\u00e7inde, duvarlar\u0131n veya kap\u0131lar\u0131n ard\u0131nda de\u011fildir. Bazen sadece kendimizden korkar\u0131z. Deneyip ba\u015faramamaktan hatta hayallerimizi ger\u00e7ekle\u015ftirmekten&#8230; Ve korkular\u0131m\u0131zla y\u00fczle\u015fmeyi son ana kadar erteleriz.<span class=\"excerpt-hellip\"> [\u2026]<\/span><\/p>\n","protected":false},"featured_media":0,"template":"","meta":{"_monsterinsights_skip_tracking":false,"_monsterinsights_sitenote_active":false,"_monsterinsights_sitenote_note":"","_monsterinsights_sitenote_category":0},"product_brand":[],"product_cat":[12291,14777],"product_tag":[],"class_list":{"0":"post-757173","1":"product","2":"type-product","3":"status-publish","5":"product_cat-edebiyat","6":"product_cat-fantastik","7":"pa_cilt-ciltsiz","8":"pa_tur-kitap","9":"pa_yayinevi-profil-kitap","10":"pa_yazar-alexander-r-grey","12":"first","13":"instock","14":"sale","15":"shipping-taxable","16":"purchasable","17":"product-type-simple"},"_links":{"self":[{"href":"https:\/\/roveyayinevi.com.tr\/index.php\/wp-json\/wp\/v2\/product\/757173","targetHints":{"allow":["GET"]}}],"collection":[{"href":"https:\/\/roveyayinevi.com.tr\/index.php\/wp-json\/wp\/v2\/product"}],"about":[{"href":"https:\/\/roveyayinevi.com.tr\/index.php\/wp-json\/wp\/v2\/types\/product"}],"wp:attachment":[{"href":"https:\/\/roveyayinevi.com.tr\/index.php\/wp-json\/wp\/v2\/media?parent=757173"}],"wp:term":[{"taxonomy":"product_brand","embeddable":true,"href":"https:\/\/roveyayinevi.com.tr\/index.php\/wp-json\/wp\/v2\/product_brand?post=757173"},{"taxonomy":"product_cat","embeddable":true,"href":"https:\/\/roveyayinevi.com.tr\/index.php\/wp-json\/wp\/v2\/product_cat?post=757173"},{"taxonomy":"product_tag","embeddable":true,"href":"https:\/\/roveyayinevi.com.tr\/index.php\/wp-json\/wp\/v2\/product_tag?post=757173"}],"curies":[{"name":"wp","href":"https:\/\/api.w.org\/{rel}","templated":true}]}}