{"id":757172,"date":"2025-08-28T07:28:45","date_gmt":"2025-08-28T04:28:45","guid":{"rendered":"https:\/\/roveyayinevi.com.tr\/index.php\/urun\/golge-oyunlari\/"},"modified":"2026-04-16T03:10:06","modified_gmt":"2026-04-16T00:10:06","slug":"golge-oyunlari","status":"publish","type":"product","link":"https:\/\/roveyayinevi.com.tr\/index.php\/urun\/golge-oyunlari\/","title":{"rendered":"G\u00f6lge Oyunlar\u0131"},"content":{"rendered":"<p>Cesaret korkusuzluk de\u011fildlir. Cesaret do\u011fru olan\u0131 korkular\u0131n\u0131za ra\u011fmen yapma iradesidir. Cennet Ge\u00e7idi, Mhir adl\u0131 bir gezegende, insanlar\u0131n hakim oldu\u011fu en b\u00fcy\u00fck krall\u0131\u011f\u0131n en k\u00fc\u00e7\u00fck kasabalar\u0131ndand\u0131. Asker atalar\u0131n\u0131 onurland\u0131rmak i\u00e7in sava\u015fmay\u0131 \u00f6\u011frenmi\u015f kasabal\u0131lar\u0131n k\u00fc\u00e7\u00fck d\u00fcnyalar\u0131nda sadece g\u00fcnl\u00fck i\u015fleri ve pirin\u00e7 yeti\u015ftirmek vard\u0131. Ta ki kader Cennet Ge\u00e7idi\u2019ni kendi f\u0131rt\u0131nas\u0131n\u0131n i\u00e7ine alncaya kadar. Bu f\u0131rt\u0131nadan sadece cesur olanlar kurtulabilecekti.. &#8220;Ejderha Krali\u00e7e&#8221; serisi ile sizleri unutamayaca\u011f\u0131n\u0131z bir maceraya davet ediyoruz. Tabii bu \u00e7a\u011frya cevap verebilecek kadar cesursan\u0131z. Ka\u00e7mak en basiti. Hemen, kitab\u0131 ald\u0131\u011f\u0131n\u0131z yere geri koyun ve arkan\u0131z\u0131 d\u00f6n\u016bp bu meydan okuyu\u015fu unutun. Gece uyumadan \u00f6nce i\u00e7inde ne yazd\u0131\u011f\u0131n\u0131 merak edebilece\u011finizi bile d\u00fc\u015f\u00fcnmeyin. Zira merak\u0131n\u0131z\u0131 uyand\u0131ran maceralar hayatn\u0131z\u0131 de\u011fi\u015ftirir ve sizin i\u00e7in hi\u00e7bir \u015fey bir daha eskisi gibi olmaz. \u00c7\u00fcnk\u00fc bir kez hayal kurmaya ba\u015flad\u0131\u011f\u0131nrzda geriye d\u00f6n\u00fc\u015f yoktur. Bir daha kimse size zincir vuramaz. <\/p>\n","protected":false},"excerpt":{"rendered":"<p>Cesaret korkusuzluk de\u011fildlir. Cesaret do\u011fru olan\u0131 korkular\u0131n\u0131za ra\u011fmen yapma iradesidir. Cennet Ge\u00e7idi, Mhir adl\u0131 bir gezegende, insanlar\u0131n hakim oldu\u011fu en b\u00fcy\u00fck krall\u0131\u011f\u0131n en k\u00fc\u00e7\u00fck kasabalar\u0131ndand\u0131. Asker<span class=\"excerpt-hellip\"> [\u2026]<\/span><\/p>\n","protected":false},"featured_media":0,"template":"","meta":{"_monsterinsights_skip_tracking":false,"_monsterinsights_sitenote_active":false,"_monsterinsights_sitenote_note":"","_monsterinsights_sitenote_category":0},"product_brand":[],"product_cat":[12291,14777],"product_tag":[],"class_list":{"0":"post-757172","1":"product","2":"type-product","3":"status-publish","5":"product_cat-edebiyat","6":"product_cat-fantastik","7":"pa_cilt-ciltsiz","8":"pa_tur-kitap","9":"pa_yayinevi-profil-kitap","10":"pa_yazar-alexander-r-grey","12":"first","13":"instock","14":"sale","15":"shipping-taxable","16":"purchasable","17":"product-type-simple"},"_links":{"self":[{"href":"https:\/\/roveyayinevi.com.tr\/index.php\/wp-json\/wp\/v2\/product\/757172","targetHints":{"allow":["GET"]}}],"collection":[{"href":"https:\/\/roveyayinevi.com.tr\/index.php\/wp-json\/wp\/v2\/product"}],"about":[{"href":"https:\/\/roveyayinevi.com.tr\/index.php\/wp-json\/wp\/v2\/types\/product"}],"wp:attachment":[{"href":"https:\/\/roveyayinevi.com.tr\/index.php\/wp-json\/wp\/v2\/media?parent=757172"}],"wp:term":[{"taxonomy":"product_brand","embeddable":true,"href":"https:\/\/roveyayinevi.com.tr\/index.php\/wp-json\/wp\/v2\/product_brand?post=757172"},{"taxonomy":"product_cat","embeddable":true,"href":"https:\/\/roveyayinevi.com.tr\/index.php\/wp-json\/wp\/v2\/product_cat?post=757172"},{"taxonomy":"product_tag","embeddable":true,"href":"https:\/\/roveyayinevi.com.tr\/index.php\/wp-json\/wp\/v2\/product_tag?post=757172"}],"curies":[{"name":"wp","href":"https:\/\/api.w.org\/{rel}","templated":true}]}}