{"id":757168,"date":"2025-08-28T07:28:39","date_gmt":"2025-08-28T04:28:39","guid":{"rendered":"https:\/\/roveyayinevi.com.tr\/index.php\/urun\/turkiye-komunist-partisinin-bolunmesi-1928-1932-komintern-donemi-tkp-tarihi-3\/"},"modified":"2026-04-16T03:10:05","modified_gmt":"2026-04-16T00:10:05","slug":"turkiye-komunist-partisinin-bolunmesi-1928-1932-komintern-donemi-tkp-tarihi-3","status":"publish","type":"product","link":"https:\/\/roveyayinevi.com.tr\/index.php\/urun\/turkiye-komunist-partisinin-bolunmesi-1928-1932-komintern-donemi-tkp-tarihi-3\/","title":{"rendered":"T\u00fcrkiye Kom\u00fcnist Partisi\u2019nin B\u00f6l\u00fcnmesi 1928-1932 \/ Komintern D\u00f6nemi TKP Tarihi &#8211; 3"},"content":{"rendered":"<p>T\u00fcrkiye Kom\u00fcnist Partisi\u2019nin B\u00f6l\u00fcnmesi 1928-1932, \u00e7alkant\u0131l\u0131 bir d\u00f6neme odaklan\u0131yor. T\u00fcm d\u00fcnyay\u0131 etkisi alt\u0131na alan B\u00fcy\u00fck Buhran\u2019\u0131n ba\u015flad\u0131\u011f\u0131, T\u00fcrkiye\u2019nin de kendi ekonomik ve siyasi krizlerini ya\u015fad\u0131\u011f\u0131 y\u0131llar. TKP bu d\u00f6nemde i\u00e7 tart\u0131\u015fmalar ve b\u00f6l\u00fcnmeler neticesinde giderek g\u00fc\u00e7ten d\u00fc\u015ferken ciddi bir devlet bask\u0131s\u0131n\u0131 ve polis operasyonlar\u0131n\u0131 g\u00f6\u011f\u00fcslemeye \u00e7al\u0131\u015f\u0131yor. Menemen olay\u0131na, Serbest F\u0131rka\u2019n\u0131n ortaya \u00e7\u0131k\u0131\u015f\u0131na, A\u011fr\u0131\u2019daki K\u00fcrt isyan\u0131na ve T\u00fcrkiye\u2019nin g\u00fcndemine dair TKP yetkililerinin kitapta yer verilen siyasi analizlerini ilgiyle okuyaca\u011f\u0131n\u0131z\u0131 umuyoruz. Komintern\u2019in 6. Kongresi\u2019nde ortaya konan \u201cs\u0131n\u0131fa kar\u015f\u0131 s\u0131n\u0131f\u201d y\u00f6neliminin T\u00fcrkiye\u2019deki kar\u015f\u0131l\u0131\u011f\u0131 \u201cKahrolsun Kemalist diktat\u00f6rl\u00fck\u201d slogan\u0131nda ifade buluyor. Erden Akbulut ve Erol \u00dclker, TKP\u2019nin bu d\u00f6nemde y\u00fckseltti\u011fi rejime y\u00f6nelik muhalif tutumun temel ele\u015ftiri noktalar\u0131n\u0131 belgeleriyle seriyor \u00f6n\u00fcm\u00fcze\u2026 Bu kitapta yine toplant\u0131 tutanaklar\u0131, raporlar, g\u00fcnl\u00fck gazeteler, mektuplar, partinin yay\u0131nlar\u0131, k\u0131sacas\u0131 siyasi ar\u015fiv konu\u015fuyor. T\u0131pk\u0131 Yordam Kitap taraf\u0131ndan daha \u00f6nce yay\u0131mlanan T\u00fcrkiye Kom\u00fcnist Partisi\u2019nin Kurulu\u015fu 1919-1925 ba\u015fl\u0131kl\u0131 birinci cilt ile T\u00fcrkiye Kom\u00fcnist Partisi\u2019nin Bol\u015fevikle\u015fmesi 1925-1928 ba\u015fl\u0131kl\u0131 ikinci ciltte oldu\u011fu gibi\u2026 Dr. \u015eefik H\u00fcsn\u00fc\u2019n\u00fcn, Dr. Hikmet K\u0131v\u0131lc\u0131ml\u0131\u2019n\u0131n, N\u00e2z\u0131m Hikmet\u2019in, Re\u015fat Fuat Baraner\u2019in, Komintern temsilcisi Grete\u2019nin, ad\u0131 \u00e7oktan unutulan binlerce partili kad\u0131n ve erke\u011fin sesi g\u00fcn\u00fcm\u00fcze ve gelece\u011fe ta\u015f\u0131n\u0131yor. <\/p>\n","protected":false},"excerpt":{"rendered":"<p>T\u00fcrkiye Kom\u00fcnist Partisi\u2019nin B\u00f6l\u00fcnmesi 1928-1932, \u00e7alkant\u0131l\u0131 bir d\u00f6neme odaklan\u0131yor. T\u00fcm d\u00fcnyay\u0131 etkisi alt\u0131na alan B\u00fcy\u00fck Buhran\u2019\u0131n ba\u015flad\u0131\u011f\u0131, T\u00fcrkiye\u2019nin de kendi ekonomik ve siyasi krizlerini ya\u015fad\u0131\u011f\u0131 y\u0131llar.<span class=\"excerpt-hellip\"> [\u2026]<\/span><\/p>\n","protected":false},"featured_media":0,"template":"","meta":{"_monsterinsights_skip_tracking":false,"_monsterinsights_sitenote_active":false,"_monsterinsights_sitenote_note":"","_monsterinsights_sitenote_category":0},"product_brand":[],"product_cat":[13590,12337],"product_tag":[],"class_list":{"0":"post-757168","1":"product","2":"type-product","3":"status-publish","5":"product_cat-arastirma-inceleme-politika-siyaset","6":"product_cat-politika-siyaset","7":"pa_cilt-ciltsiz","8":"pa_tur-kitap","9":"pa_yayinevi-yordam-kitap","10":"pa_yazar-erden-akbulut-erol-ulker","12":"first","13":"instock","14":"sale","15":"shipping-taxable","16":"purchasable","17":"product-type-simple"},"_links":{"self":[{"href":"https:\/\/roveyayinevi.com.tr\/index.php\/wp-json\/wp\/v2\/product\/757168","targetHints":{"allow":["GET"]}}],"collection":[{"href":"https:\/\/roveyayinevi.com.tr\/index.php\/wp-json\/wp\/v2\/product"}],"about":[{"href":"https:\/\/roveyayinevi.com.tr\/index.php\/wp-json\/wp\/v2\/types\/product"}],"wp:attachment":[{"href":"https:\/\/roveyayinevi.com.tr\/index.php\/wp-json\/wp\/v2\/media?parent=757168"}],"wp:term":[{"taxonomy":"product_brand","embeddable":true,"href":"https:\/\/roveyayinevi.com.tr\/index.php\/wp-json\/wp\/v2\/product_brand?post=757168"},{"taxonomy":"product_cat","embeddable":true,"href":"https:\/\/roveyayinevi.com.tr\/index.php\/wp-json\/wp\/v2\/product_cat?post=757168"},{"taxonomy":"product_tag","embeddable":true,"href":"https:\/\/roveyayinevi.com.tr\/index.php\/wp-json\/wp\/v2\/product_tag?post=757168"}],"curies":[{"name":"wp","href":"https:\/\/api.w.org\/{rel}","templated":true}]}}