{"id":757167,"date":"2025-08-28T07:28:38","date_gmt":"2025-08-28T04:28:38","guid":{"rendered":"https:\/\/roveyayinevi.com.tr\/index.php\/urun\/lenin-dunya-devriminin-onderi\/"},"modified":"2026-04-16T03:10:05","modified_gmt":"2026-04-16T00:10:05","slug":"lenin-dunya-devriminin-onderi","status":"publish","type":"product","link":"https:\/\/roveyayinevi.com.tr\/index.php\/urun\/lenin-dunya-devriminin-onderi\/","title":{"rendered":"Lenin : D\u00fcnya Devriminin \u00d6nderi"},"content":{"rendered":"<p>Lenin: D\u00fcnya Devriminin \u00d6nderi, modern tarihin Karl Marx\u2019tan sonra ikinci b\u00fcy\u00fck devrimci d\u00fc\u015f\u00fcn\u00fcr\u00fc ve eylem adam\u0131 olan Vladimir \u0130lyi\u00e7 Lenin\u2019in \u00f6l\u00fcm\u00fcn\u00fcn 100. y\u0131l\u0131 vesilesiyle, onun insanl\u0131\u011fa sundu\u011fu, b\u00fct\u00fcn\u00fcyle ihmal ve ink\u00e2r edilmi\u015f, hatta fark edilmemi\u015f, tan\u0131nmam\u0131\u015f, anla\u015f\u0131lmam\u0131\u015f d\u00fcnya vizyonunu 21. y\u00fczy\u0131l gen\u00e7li\u011finin \u00f6n\u00fcne getirmek amac\u0131yla yaz\u0131ld\u0131. Yazara g\u00f6re Lenin d\u00fcnya devrimidir. Lenin sadece s\u0131n\u0131f s\u00f6m\u00fcr\u00fcs\u00fcne son vermek de\u011fildir; ezilen uluslar\u0131n ve din\u00ee gruplar\u0131n kurtulu\u015fudur. Lenin, kad\u0131nlar\u0131n \u00f6zg\u00fcrle\u015fmesidir. Lenin bize d\u00fcnya devriminin b\u00fct\u00fcn ara\u00e7lar\u0131n\u0131 vermi\u015ftir: devrimci parti, d\u00fcnya devrimi program\u0131, burjuvazinin sava\u015flar\u0131 kar\u015f\u0131s\u0131nda s\u00f6m\u00fcr\u00fclen ve ezilenlerin lehine politikalar, d\u00fcnya devrimi i\u00e7in d\u00fcnya partisi (Enternasyonal), ba\u015fta uluslar olmak \u00fczere, ezilen b\u00fct\u00fcn sosyal gruplar\u0131n kurtulu\u015fu i\u00e7in y\u00f6ntem ve politikalar, d\u00fcnya sosyalist federasyonuna ula\u015fmak i\u00e7in y\u00fcr\u00fcnecek yolun haritas\u0131. Lenin, ge\u00e7mi\u015f de\u011fildir. Gelecektir. Ya insanl\u0131k d\u00fcnya devrimi program\u0131n\u0131 ger\u00e7ekle\u015ftiremeyecek ve kapitalizmin barbarl\u0131\u011f\u0131na teslim olacakt\u0131r. Ya da bu sava\u015f\u0131 kazanmak i\u00e7in Lenin\u2019i yeniden \u00f6nderi yapacakt\u0131r. Lenin \u00f6leli 100 y\u0131l oluyor ama miras\u0131 y\u00fczy\u0131llar boyunca ya\u015fayacakt\u0131r. <\/p>\n","protected":false},"excerpt":{"rendered":"<p>Lenin: D\u00fcnya Devriminin \u00d6nderi, modern tarihin Karl Marx\u2019tan sonra ikinci b\u00fcy\u00fck devrimci d\u00fc\u015f\u00fcn\u00fcr\u00fc ve eylem adam\u0131 olan Vladimir \u0130lyi\u00e7 Lenin\u2019in \u00f6l\u00fcm\u00fcn\u00fcn 100. y\u0131l\u0131 vesilesiyle, onun insanl\u0131\u011fa<span class=\"excerpt-hellip\"> [\u2026]<\/span><\/p>\n","protected":false},"featured_media":0,"template":"","meta":{"_monsterinsights_skip_tracking":false,"_monsterinsights_sitenote_active":false,"_monsterinsights_sitenote_note":"","_monsterinsights_sitenote_category":0},"product_brand":[],"product_cat":[13590,12337],"product_tag":[],"class_list":{"0":"post-757167","1":"product","2":"type-product","3":"status-publish","5":"product_cat-arastirma-inceleme-politika-siyaset","6":"product_cat-politika-siyaset","7":"pa_cilt-ciltsiz","8":"pa_tur-kitap","9":"pa_yayinevi-yordam-kitap","10":"pa_yazar-sungur-savran","12":"first","13":"instock","14":"sale","15":"shipping-taxable","16":"purchasable","17":"product-type-simple"},"_links":{"self":[{"href":"https:\/\/roveyayinevi.com.tr\/index.php\/wp-json\/wp\/v2\/product\/757167","targetHints":{"allow":["GET"]}}],"collection":[{"href":"https:\/\/roveyayinevi.com.tr\/index.php\/wp-json\/wp\/v2\/product"}],"about":[{"href":"https:\/\/roveyayinevi.com.tr\/index.php\/wp-json\/wp\/v2\/types\/product"}],"wp:attachment":[{"href":"https:\/\/roveyayinevi.com.tr\/index.php\/wp-json\/wp\/v2\/media?parent=757167"}],"wp:term":[{"taxonomy":"product_brand","embeddable":true,"href":"https:\/\/roveyayinevi.com.tr\/index.php\/wp-json\/wp\/v2\/product_brand?post=757167"},{"taxonomy":"product_cat","embeddable":true,"href":"https:\/\/roveyayinevi.com.tr\/index.php\/wp-json\/wp\/v2\/product_cat?post=757167"},{"taxonomy":"product_tag","embeddable":true,"href":"https:\/\/roveyayinevi.com.tr\/index.php\/wp-json\/wp\/v2\/product_tag?post=757167"}],"curies":[{"name":"wp","href":"https:\/\/api.w.org\/{rel}","templated":true}]}}