{"id":757162,"date":"2025-08-28T07:28:30","date_gmt":"2025-08-28T04:28:30","guid":{"rendered":"https:\/\/roveyayinevi.com.tr\/index.php\/urun\/prof-dr-siir-erkok-yilmaza-armagan-kapitalizmin-krizleri-ve-turkiye\/"},"modified":"2026-04-16T03:10:05","modified_gmt":"2026-04-16T00:10:05","slug":"prof-dr-siir-erkok-yilmaza-armagan-kapitalizmin-krizleri-ve-turkiye","status":"publish","type":"product","link":"https:\/\/roveyayinevi.com.tr\/index.php\/urun\/prof-dr-siir-erkok-yilmaza-armagan-kapitalizmin-krizleri-ve-turkiye\/","title":{"rendered":"Prof. Dr. \u015eiir Erk\u00f6k Y\u0131lmaz\u2019a Arma\u011fan: Kapitalizmin Krizleri ve T\u00fcrkiye"},"content":{"rendered":"<p>1973 Krizi, farkl\u0131 bir krizdi; enflasyon ile i\u015fsizli\u011fin birlikte oldu\u011fu stagflasyonist kriz olarak kar\u015f\u0131m\u0131za \u00e7\u0131kt\u0131. Bu defa yeni bir d\u00f6n\u00fc\u015f\u00fcm daha ya\u015fand\u0131 ve Keynes kap\u0131 d\u0131\u015far\u0131 edilirken Monetarizm g\u00f6zde okul oldu. Kapitalizm, 1973 Krizi sonras\u0131 farkl\u0131 kavramlar\u0131 da i\u00e7ine alarak geni\u015fledi. Hi\u00e7 \u015f\u00fcphesiz kapitalizmle birlikte an\u0131lan en \u00f6nemli kavram k\u00fcreselle\u015fme oldu. K\u00fcreselle\u015fmeciler geli\u015fmi\u015f ve geli\u015fmekte olan \u00fclkelerin yurtta\u015flar\u0131na adeta cennetin kap\u0131lar\u0131na ula\u015fmay\u0131 vadetti. E\u015fitlik, \u00f6zg\u00fcrl\u00fck, istikrarl\u0131 b\u00fcy\u00fcme ve d\u00fcnyayla entegrasyon. Bu kula\u011fa ho\u015f gelen de\u011ferlere eri\u015fmek i\u00e7in kendilerince k\u00fc\u00e7\u00fcc\u00fck kabul edilen bir istekleri vard\u0131: \u00dclkelerin d\u0131\u015f ticarete ve sermayeye kap\u0131lar\u0131n\u0131 a\u00e7malar\u0131 ve tam serbestlik tan\u0131malar\u0131. K\u00fcreselle\u015fme, yakla\u015f\u0131k otuz y\u0131l s\u00fcren bu d\u00f6nemde \u00e7e\u015fitli k\u00fc\u00e7\u00fck krizlere girip \u00e7\u0131kt\u0131ysa da en b\u00fcy\u00fck darbeyi 2008 Krizi\u2019yle ald\u0131. Ya\u015fanan kriz bitti gibi g\u00f6z\u00fckse de farkl\u0131 alanlarda kendi dinami\u011fi i\u00e7inde devam ediyor. T\u00fcrkiye de bundan pay\u0131n\u0131 al\u0131yor. \u00dclke ekonomisi halen Cumhuriyet tarihinin en uzun ve maliyetli krizini ya\u015famakta. \u201cKapitalizmin Krizleri ve T\u00fcrkiye\u201d ba\u015fl\u0131kl\u0131 \u00e7al\u0131\u015fma, Prof. Dr. \u015eiir Erk\u00f6k Y\u0131lmaz\u2019a arma\u011fan olarak haz\u0131rlanm\u0131\u015ft\u0131r. Kitapta ba\u015fta kriz olmak \u00fczere k\u00fcreselle\u015fme s\u00fcrecinde T\u00fcrkiye ekonomisine ili\u015fkin yirmi \u00fc\u00e7 akademisyen taraf\u0131ndan yaz\u0131lan on yedi b\u00f6l\u00fcm bulunmaktad\u0131r.<\/p>\n","protected":false},"excerpt":{"rendered":"<p>1973 Krizi, farkl\u0131 bir krizdi; enflasyon ile i\u015fsizli\u011fin birlikte oldu\u011fu stagflasyonist kriz olarak kar\u015f\u0131m\u0131za \u00e7\u0131kt\u0131. Bu defa yeni bir d\u00f6n\u00fc\u015f\u00fcm daha ya\u015fand\u0131 ve Keynes kap\u0131 d\u0131\u015far\u0131<span class=\"excerpt-hellip\"> [\u2026]<\/span><\/p>\n","protected":false},"featured_media":0,"template":"","meta":{"_monsterinsights_skip_tracking":false,"_monsterinsights_sitenote_active":false,"_monsterinsights_sitenote_note":"","_monsterinsights_sitenote_category":0},"product_brand":[],"product_cat":[13043],"product_tag":[],"class_list":{"0":"post-757162","1":"product","2":"type-product","3":"status-publish","5":"product_cat-ekonomi","6":"pa_cilt-ciltsiz","7":"pa_tur-kitap","8":"pa_yayinevi-efil-yayinevi","9":"pa_yazar-omer-faruk-colak","11":"first","12":"instock","13":"sale","14":"shipping-taxable","15":"purchasable","16":"product-type-simple"},"_links":{"self":[{"href":"https:\/\/roveyayinevi.com.tr\/index.php\/wp-json\/wp\/v2\/product\/757162","targetHints":{"allow":["GET"]}}],"collection":[{"href":"https:\/\/roveyayinevi.com.tr\/index.php\/wp-json\/wp\/v2\/product"}],"about":[{"href":"https:\/\/roveyayinevi.com.tr\/index.php\/wp-json\/wp\/v2\/types\/product"}],"wp:attachment":[{"href":"https:\/\/roveyayinevi.com.tr\/index.php\/wp-json\/wp\/v2\/media?parent=757162"}],"wp:term":[{"taxonomy":"product_brand","embeddable":true,"href":"https:\/\/roveyayinevi.com.tr\/index.php\/wp-json\/wp\/v2\/product_brand?post=757162"},{"taxonomy":"product_cat","embeddable":true,"href":"https:\/\/roveyayinevi.com.tr\/index.php\/wp-json\/wp\/v2\/product_cat?post=757162"},{"taxonomy":"product_tag","embeddable":true,"href":"https:\/\/roveyayinevi.com.tr\/index.php\/wp-json\/wp\/v2\/product_tag?post=757162"}],"curies":[{"name":"wp","href":"https:\/\/api.w.org\/{rel}","templated":true}]}}