{"id":757160,"date":"2025-08-28T07:28:27","date_gmt":"2025-08-28T04:28:27","guid":{"rendered":"https:\/\/roveyayinevi.com.tr\/index.php\/urun\/wabi-sabi-kusurdaki-bilgelik\/"},"modified":"2025-12-30T11:18:21","modified_gmt":"2025-12-30T08:18:21","slug":"wabi-sabi-kusurdaki-bilgelik","status":"publish","type":"product","link":"https:\/\/roveyayinevi.com.tr\/index.php\/urun\/wabi-sabi-kusurdaki-bilgelik\/","title":{"rendered":"Wabi-Sabi \/ Kusurdaki Bilgelik"},"content":{"rendered":"<p>Olabilece\u011finiz En \u0130yi Kusurlu \u0130nsan Olun Wabi-sabi; her \u015feyin kusurlu, tamamlanmam\u0131\u015f ve ge\u00e7ici oldu\u011funa dair bir Japon felsefesidir. \u0130lkeleriyle bizi Budizme g\u00f6t\u00fcren bu kavram, m\u00fckemmelli\u011fi hedefleyen bak\u0131\u015f a\u00e7\u0131s\u0131na kar\u015f\u0131 d\u00fcnyay\u0131 oldu\u011fu gibi g\u00f6r\u00fcp bizi hem b\u00fcy\u00fck bir y\u00fckten kurtar\u0131r hem de b\u00f6ylesi bir hayat\u0131n getirece\u011fi g\u00fczellikleri \u00f6n\u00fcm\u00fcze sunar. Elinizde tuttu\u011funuz bu kitap; bu felsefeyi derinlemesine \u00f6\u011frendikten sonra g\u00fcnl\u00fck ya\u015fam\u0131n\u0131za, d\u00fc\u015f\u00fcncelerinize, nesnelere ve farkl\u0131 durumlara nas\u0131l dahil edece\u011finize dair \u00e7ok say\u0131da fikir bar\u0131nd\u0131ran \u00f6nemli bir kaynak niteli\u011findedir. Hayat\u0131n\u0131z\u0131 kalabal\u0131kla\u015ft\u0131ran \u015feylerden uzakla\u015f\u0131p minimalist bir hayat tarz\u0131na ge\u00e7meniz i\u00e7in kolay uygulanabilir ve e\u011flenceli \u00f6neriler sunan bu \u00e7al\u0131\u015fman\u0131n \u00fczerinizde b\u00fcy\u00fck bir hafifleme sa\u011flayacak etkilerini, okumay\u0131 bitirir bitirmez g\u00f6receksiniz.   <\/p>\n","protected":false},"excerpt":{"rendered":"<p>Olabilece\u011finiz En \u0130yi Kusurlu \u0130nsan Olun Wabi-sabi; her \u015feyin kusurlu, tamamlanmam\u0131\u015f ve ge\u00e7ici oldu\u011funa dair bir Japon felsefesidir. \u0130lkeleriyle bizi Budizme g\u00f6t\u00fcren bu kavram, m\u00fckemmelli\u011fi hedefleyen<span class=\"excerpt-hellip\"> [\u2026]<\/span><\/p>\n","protected":false},"featured_media":0,"template":"","meta":{"_monsterinsights_skip_tracking":false,"_monsterinsights_sitenote_active":false,"_monsterinsights_sitenote_note":"","_monsterinsights_sitenote_category":0},"product_brand":[],"product_cat":[12364,12376],"product_tag":[],"class_list":{"0":"post-757160","1":"product","2":"type-product","3":"status-publish","5":"product_cat-genel-konular","6":"product_cat-kisisel-gelisim","7":"pa_cilt-ciltsiz","8":"pa_tur-kitap","9":"pa_yayinevi-indigo-kitap","10":"pa_yazar-nobuo-suzuki","12":"first","13":"instock","14":"sale","15":"shipping-taxable","16":"purchasable","17":"product-type-simple"},"_links":{"self":[{"href":"https:\/\/roveyayinevi.com.tr\/index.php\/wp-json\/wp\/v2\/product\/757160","targetHints":{"allow":["GET"]}}],"collection":[{"href":"https:\/\/roveyayinevi.com.tr\/index.php\/wp-json\/wp\/v2\/product"}],"about":[{"href":"https:\/\/roveyayinevi.com.tr\/index.php\/wp-json\/wp\/v2\/types\/product"}],"wp:attachment":[{"href":"https:\/\/roveyayinevi.com.tr\/index.php\/wp-json\/wp\/v2\/media?parent=757160"}],"wp:term":[{"taxonomy":"product_brand","embeddable":true,"href":"https:\/\/roveyayinevi.com.tr\/index.php\/wp-json\/wp\/v2\/product_brand?post=757160"},{"taxonomy":"product_cat","embeddable":true,"href":"https:\/\/roveyayinevi.com.tr\/index.php\/wp-json\/wp\/v2\/product_cat?post=757160"},{"taxonomy":"product_tag","embeddable":true,"href":"https:\/\/roveyayinevi.com.tr\/index.php\/wp-json\/wp\/v2\/product_tag?post=757160"}],"curies":[{"name":"wp","href":"https:\/\/api.w.org\/{rel}","templated":true}]}}