{"id":757155,"date":"2025-08-28T07:28:20","date_gmt":"2025-08-28T04:28:20","guid":{"rendered":"https:\/\/roveyayinevi.com.tr\/index.php\/urun\/yapinin-yoklugu\/"},"modified":"2026-04-16T03:10:05","modified_gmt":"2026-04-16T00:10:05","slug":"yapinin-yoklugu","status":"publish","type":"product","link":"https:\/\/roveyayinevi.com.tr\/index.php\/urun\/yapinin-yoklugu\/","title":{"rendered":"Yap\u0131n\u0131n Yoklu\u011fu"},"content":{"rendered":"<p>G\u00f6stergebilim \u00fczerine \u00e7al\u0131\u015fmalar\u0131 1960\u2019l\u0131 y\u0131llarda ba\u015flayan Umberto Eco, kitle k\u00fclt\u00fcr\u00fc \u00fczerine yapt\u0131\u011f\u0131 \u00e7al\u0131\u015fmalarda, k\u00fclt\u00fcr fenomenleri \u00fczerine \u00e7al\u0131\u015fmak ad\u0131na bir g\u00f6stergeler kuram\u0131na ihtiya\u00e7 duyuldu\u011funu g\u00f6rm\u00fc\u015f ve Yap\u0131n\u0131n Yoklu\u011fu\u2019nda b\u00f6yle bir kuram\u0131n ilk form\u00fclasyonuna imza atm\u0131\u015ft\u0131r. Yirminci y\u00fczy\u0131l g\u00f6stergebiliminin ard\u0131ndaki iki d\u00fc\u015f\u00fcn\u00fcr\u00fcn; Amerikal\u0131 pragmatik filozof Charles Sanders Peirce ve \u0130svi\u00e7reli dilbilimci Ferdinand de Saussure\u2019\u00fcn d\u00fc\u015f\u00fcncelerini detayland\u0131ran Eco, g\u00f6stergebilimin temel kavramlar\u0131na genel bir bak\u0131\u015f sunuyor: g\u00f6sterge, kod, ileti, g\u00f6nderen ve g\u00f6nderilen. Claude L\u00e9vi-Strauss ve Jacques Lacan aras\u0131ndaki ontolojik yap\u0131salc\u0131l\u0131k tart\u0131\u015fmas\u0131ndan do\u011fan bir \u00e7al\u0131\u015fma olan Yap\u0131n\u0131n Yoklu\u011fu, belirtke sistemlerinin ge\u00e7ici ve tarihsel do\u011fas\u0131na b\u00fcy\u00fck bir vurgu yapar.  Umberto Eco Yap\u0131n\u0131n Yoklu\u011fu\u2019nda dilbilim alan\u0131ndaki g\u00fcncel ara\u015ft\u0131rmalar\u0131, yap\u0131salc\u0131l\u0131\u011f\u0131n durumunu, g\u00f6stergebilimin ilgilendi\u011fi konular\u0131 geni\u015f ve b\u00fct\u00fcnl\u00fckl\u00fc bir bak\u0131\u015f a\u00e7\u0131s\u0131ndan inceliyor ve bu alanda g\u00fcn\u00fcm\u00fcze kadar \u00f6ne s\u00fcr\u00fclen g\u00f6r\u00fc\u015flerle birlikte kendi kuramsal g\u00f6r\u00fc\u015flerini de okura sunuyor.<\/p>\n","protected":false},"excerpt":{"rendered":"<p>G\u00f6stergebilim \u00fczerine \u00e7al\u0131\u015fmalar\u0131 1960\u2019l\u0131 y\u0131llarda ba\u015flayan Umberto Eco, kitle k\u00fclt\u00fcr\u00fc \u00fczerine yapt\u0131\u011f\u0131 \u00e7al\u0131\u015fmalarda, k\u00fclt\u00fcr fenomenleri \u00fczerine \u00e7al\u0131\u015fmak ad\u0131na bir g\u00f6stergeler kuram\u0131na ihtiya\u00e7 duyuldu\u011funu g\u00f6rm\u00fc\u015f ve Yap\u0131n\u0131n<span class=\"excerpt-hellip\"> [\u2026]<\/span><\/p>\n","protected":false},"featured_media":0,"template":"","meta":{"_monsterinsights_skip_tracking":false,"_monsterinsights_sitenote_active":false,"_monsterinsights_sitenote_note":"","_monsterinsights_sitenote_category":0},"product_brand":[],"product_cat":[52477],"product_tag":[],"class_list":{"0":"post-757155","1":"product","2":"type-product","3":"status-publish","5":"product_cat-arastirma","6":"pa_cilt-ciltsiz","7":"pa_tur-kitap","8":"pa_yayinevi-alfa-yayinlari","9":"pa_yazar-umberto-eco","11":"first","12":"instock","13":"sale","14":"shipping-taxable","15":"purchasable","16":"product-type-simple"},"_links":{"self":[{"href":"https:\/\/roveyayinevi.com.tr\/index.php\/wp-json\/wp\/v2\/product\/757155","targetHints":{"allow":["GET"]}}],"collection":[{"href":"https:\/\/roveyayinevi.com.tr\/index.php\/wp-json\/wp\/v2\/product"}],"about":[{"href":"https:\/\/roveyayinevi.com.tr\/index.php\/wp-json\/wp\/v2\/types\/product"}],"wp:attachment":[{"href":"https:\/\/roveyayinevi.com.tr\/index.php\/wp-json\/wp\/v2\/media?parent=757155"}],"wp:term":[{"taxonomy":"product_brand","embeddable":true,"href":"https:\/\/roveyayinevi.com.tr\/index.php\/wp-json\/wp\/v2\/product_brand?post=757155"},{"taxonomy":"product_cat","embeddable":true,"href":"https:\/\/roveyayinevi.com.tr\/index.php\/wp-json\/wp\/v2\/product_cat?post=757155"},{"taxonomy":"product_tag","embeddable":true,"href":"https:\/\/roveyayinevi.com.tr\/index.php\/wp-json\/wp\/v2\/product_tag?post=757155"}],"curies":[{"name":"wp","href":"https:\/\/api.w.org\/{rel}","templated":true}]}}