{"id":757152,"date":"2025-08-28T07:28:16","date_gmt":"2025-08-28T04:28:16","guid":{"rendered":"https:\/\/roveyayinevi.com.tr\/index.php\/urun\/modernlesme-surecinde-osmanli-kentleri\/"},"modified":"2026-04-08T03:18:12","modified_gmt":"2026-04-08T00:18:12","slug":"modernlesme-surecinde-osmanli-kentleri","status":"publish","type":"product","link":"https:\/\/roveyayinevi.com.tr\/index.php\/urun\/modernlesme-surecinde-osmanli-kentleri\/","title":{"rendered":"Modernle\u015fme S\u00fcrecinde Osmanl\u0131 Kentleri"},"content":{"rendered":"<p>Modernle\u015fme S\u00fcrecinde Osmanl\u0131 Kentleri, imparatorlu\u011fun kritik kentlerine farkl\u0131 a\u00e7\u0131lardan yakla\u015fan, ama yollar\u0131 g\u00fcn\u00fcn sonunda devlet m\u00fcdahalesi ve de\u011fi\u015fim mevzuunda kesi\u015fen on incelemeyi bir araya getiriyor. \u0130dari anlay\u0131\u015f\u0131n, dini yap\u0131lanmalar\u0131n, modernle\u015fmenin, yang\u0131nlar\u0131n, salg\u0131nlar\u0131n, halk sa\u011fl\u0131\u011f\u0131n\u0131n ve \u00e7at\u0131\u015fmalar\u0131n kent dokusu \u00fczerindeki etkisine hasredilmi\u015f olan bu incelemelerde \u0130stanbul, Selanik, Manast\u0131r, Bursa, Ankara, Van, Ba\u011fdat ve \u0130skenderiye gibi kentlerin bir ba\u015fka hik\u00e2yesini okuyor, ge\u00e7mi\u015ften kopar\u0131l\u0131p getirilmi\u015f ac\u0131 tatl\u0131 bir karanfili kokluyoruz. <\/p>\n","protected":false},"excerpt":{"rendered":"<p>Modernle\u015fme S\u00fcrecinde Osmanl\u0131 Kentleri, imparatorlu\u011fun kritik kentlerine farkl\u0131 a\u00e7\u0131lardan yakla\u015fan, ama yollar\u0131 g\u00fcn\u00fcn sonunda devlet m\u00fcdahalesi ve de\u011fi\u015fim mevzuunda kesi\u015fen on incelemeyi bir araya getiriyor. \u0130dari<span class=\"excerpt-hellip\"> [\u2026]<\/span><\/p>\n","protected":false},"featured_media":0,"template":"","meta":{"_monsterinsights_skip_tracking":false,"_monsterinsights_sitenote_active":false,"_monsterinsights_sitenote_note":"","_monsterinsights_sitenote_category":0},"product_brand":[],"product_cat":[12370,12304],"product_tag":[],"class_list":{"0":"post-757152","1":"product","2":"type-product","3":"status-publish","5":"product_cat-arastirma-inceleme","6":"product_cat-tarih","7":"pa_cilt-ciltsiz","8":"pa_tur-kitap","9":"pa_yayinevi-alfa-yayinlari","10":"pa_yazar-kolektif","12":"first","13":"instock","14":"sale","15":"shipping-taxable","16":"purchasable","17":"product-type-simple"},"_links":{"self":[{"href":"https:\/\/roveyayinevi.com.tr\/index.php\/wp-json\/wp\/v2\/product\/757152","targetHints":{"allow":["GET"]}}],"collection":[{"href":"https:\/\/roveyayinevi.com.tr\/index.php\/wp-json\/wp\/v2\/product"}],"about":[{"href":"https:\/\/roveyayinevi.com.tr\/index.php\/wp-json\/wp\/v2\/types\/product"}],"wp:attachment":[{"href":"https:\/\/roveyayinevi.com.tr\/index.php\/wp-json\/wp\/v2\/media?parent=757152"}],"wp:term":[{"taxonomy":"product_brand","embeddable":true,"href":"https:\/\/roveyayinevi.com.tr\/index.php\/wp-json\/wp\/v2\/product_brand?post=757152"},{"taxonomy":"product_cat","embeddable":true,"href":"https:\/\/roveyayinevi.com.tr\/index.php\/wp-json\/wp\/v2\/product_cat?post=757152"},{"taxonomy":"product_tag","embeddable":true,"href":"https:\/\/roveyayinevi.com.tr\/index.php\/wp-json\/wp\/v2\/product_tag?post=757152"}],"curies":[{"name":"wp","href":"https:\/\/api.w.org\/{rel}","templated":true}]}}