{"id":757151,"date":"2025-08-28T07:28:14","date_gmt":"2025-08-28T04:28:14","guid":{"rendered":"https:\/\/roveyayinevi.com.tr\/index.php\/urun\/erik-vogler-maceralari-seti-4-kitap-takim\/"},"modified":"2026-04-16T03:10:05","modified_gmt":"2026-04-16T00:10:05","slug":"erik-vogler-maceralari-seti-4-kitap-takim","status":"publish","type":"product","link":"https:\/\/roveyayinevi.com.tr\/index.php\/urun\/erik-vogler-maceralari-seti-4-kitap-takim\/","title":{"rendered":"Erik Vogler Maceralar\u0131 Seti  (4 Kitap Tak\u0131m)"},"content":{"rendered":"<p>Dedektiflik romanlar\u0131 ile paranormal edebiyat\u0131 ustaca birle\u015ftiren \u0130spanyol yazar Beatriz Os\u00e9s\u2019in ilgin\u00e7 karakteri Erik Vogler\u2019in maceralar\u0131na ho\u015f geldiniz. Bu sette Erik Vogler serisinin d\u00f6rt kitab\u0131n\u0131 birlikte sunuyoruz. Set i\u00e7inde yer alan kitaplar: \u00b7         Erik Vogler ve Beyaz \u015eah\u0131n Su\u00e7lar\u0131 \u00b7         Erik Vogler ve \u00d6l\u00fcmc\u00fcl Mango \u015eerbeti \u00b7         Erik Vogler ve Misty Abbey Kalesi Laneti \u00b7         Erik Vogler ve Yanl\u0131\u015f K\u0131z   12+ ya\u015f i\u00e7in uygundur. <\/p>\n","protected":false},"excerpt":{"rendered":"<p>Dedektiflik romanlar\u0131 ile paranormal edebiyat\u0131 ustaca birle\u015ftiren \u0130spanyol yazar Beatriz Os\u00e9s\u2019in ilgin\u00e7 karakteri Erik Vogler\u2019in maceralar\u0131na ho\u015f geldiniz. Bu sette Erik Vogler serisinin d\u00f6rt kitab\u0131n\u0131 birlikte<span class=\"excerpt-hellip\"> [\u2026]<\/span><\/p>\n","protected":false},"featured_media":0,"template":"","meta":{"_monsterinsights_skip_tracking":false,"_monsterinsights_sitenote_active":false,"_monsterinsights_sitenote_note":"","_monsterinsights_sitenote_category":0},"product_brand":[],"product_cat":[12274,12284],"product_tag":[],"class_list":{"0":"post-757151","1":"product","2":"type-product","3":"status-publish","5":"product_cat-cocuk-ve-genclik-kitaplari","6":"product_cat-hikayeler","7":"pa_cilt-takim","8":"pa_tur-kitap","9":"pa_yayinevi-bilgi-yayinevi","10":"pa_yazar-beatriz-oses","12":"first","13":"instock","14":"sale","15":"shipping-taxable","16":"purchasable","17":"product-type-simple"},"_links":{"self":[{"href":"https:\/\/roveyayinevi.com.tr\/index.php\/wp-json\/wp\/v2\/product\/757151","targetHints":{"allow":["GET"]}}],"collection":[{"href":"https:\/\/roveyayinevi.com.tr\/index.php\/wp-json\/wp\/v2\/product"}],"about":[{"href":"https:\/\/roveyayinevi.com.tr\/index.php\/wp-json\/wp\/v2\/types\/product"}],"wp:attachment":[{"href":"https:\/\/roveyayinevi.com.tr\/index.php\/wp-json\/wp\/v2\/media?parent=757151"}],"wp:term":[{"taxonomy":"product_brand","embeddable":true,"href":"https:\/\/roveyayinevi.com.tr\/index.php\/wp-json\/wp\/v2\/product_brand?post=757151"},{"taxonomy":"product_cat","embeddable":true,"href":"https:\/\/roveyayinevi.com.tr\/index.php\/wp-json\/wp\/v2\/product_cat?post=757151"},{"taxonomy":"product_tag","embeddable":true,"href":"https:\/\/roveyayinevi.com.tr\/index.php\/wp-json\/wp\/v2\/product_tag?post=757151"}],"curies":[{"name":"wp","href":"https:\/\/api.w.org\/{rel}","templated":true}]}}