{"id":757149,"date":"2025-08-28T07:28:11","date_gmt":"2025-08-28T04:28:11","guid":{"rendered":"https:\/\/roveyayinevi.com.tr\/index.php\/urun\/frrrinteke-gore-dunya\/"},"modified":"2026-04-16T03:10:05","modified_gmt":"2026-04-16T00:10:05","slug":"frrrinteke-gore-dunya","status":"publish","type":"product","link":"https:\/\/roveyayinevi.com.tr\/index.php\/urun\/frrrinteke-gore-dunya\/","title":{"rendered":"Frrrintek&#8217;e G\u00f6re D\u00fcnya"},"content":{"rendered":"<p>Abim Frrrintek her \u015feyi bilir.\u00d6rne\u011fin Yery\u00fcz\u00fc\u2019ndeki canl\u0131lar i\u00e7inde M\u0131s\u0131r piramitleri ile kamamber peyniri aras\u0131ndaki gizli ba\u011flant\u0131y\u0131 bilen az say\u0131da insandan biri o. Mars gezegeninde kimin ya\u015fad\u0131\u011f\u0131n\u0131 ve buna benzer y\u0131\u011f\u0131nla gizemli \u015feyi de bilir.\u2026 Hik\u00e2yeler anlatmaktan ho\u015flanan bir abiden daha g\u00fczel ne olabilir? <\/p>\n","protected":false},"excerpt":{"rendered":"<p>Abim Frrrintek her \u015feyi bilir.\u00d6rne\u011fin Yery\u00fcz\u00fc\u2019ndeki canl\u0131lar i\u00e7inde M\u0131s\u0131r piramitleri ile kamamber peyniri aras\u0131ndaki gizli ba\u011flant\u0131y\u0131 bilen az say\u0131da insandan biri o. Mars gezegeninde kimin ya\u015fad\u0131\u011f\u0131n\u0131<span class=\"excerpt-hellip\"> [\u2026]<\/span><\/p>\n","protected":false},"featured_media":0,"template":"","meta":{"_monsterinsights_skip_tracking":false,"_monsterinsights_sitenote_active":false,"_monsterinsights_sitenote_note":"","_monsterinsights_sitenote_category":0},"product_brand":[],"product_cat":[12274,12284],"product_tag":[],"class_list":{"0":"post-757149","1":"product","2":"type-product","3":"status-publish","5":"product_cat-cocuk-ve-genclik-kitaplari","6":"product_cat-hikayeler","7":"pa_cilt-ciltsiz","8":"pa_tur-kitap","9":"pa_yayinevi-yapi-kredi-yayinlari","10":"pa_yazar-agnes-desarthe","12":"first","13":"instock","14":"sale","15":"shipping-taxable","16":"purchasable","17":"product-type-simple"},"_links":{"self":[{"href":"https:\/\/roveyayinevi.com.tr\/index.php\/wp-json\/wp\/v2\/product\/757149","targetHints":{"allow":["GET"]}}],"collection":[{"href":"https:\/\/roveyayinevi.com.tr\/index.php\/wp-json\/wp\/v2\/product"}],"about":[{"href":"https:\/\/roveyayinevi.com.tr\/index.php\/wp-json\/wp\/v2\/types\/product"}],"wp:attachment":[{"href":"https:\/\/roveyayinevi.com.tr\/index.php\/wp-json\/wp\/v2\/media?parent=757149"}],"wp:term":[{"taxonomy":"product_brand","embeddable":true,"href":"https:\/\/roveyayinevi.com.tr\/index.php\/wp-json\/wp\/v2\/product_brand?post=757149"},{"taxonomy":"product_cat","embeddable":true,"href":"https:\/\/roveyayinevi.com.tr\/index.php\/wp-json\/wp\/v2\/product_cat?post=757149"},{"taxonomy":"product_tag","embeddable":true,"href":"https:\/\/roveyayinevi.com.tr\/index.php\/wp-json\/wp\/v2\/product_tag?post=757149"}],"curies":[{"name":"wp","href":"https:\/\/api.w.org\/{rel}","templated":true}]}}