{"id":757147,"date":"2025-08-28T07:28:08","date_gmt":"2025-08-28T04:28:08","guid":{"rendered":"https:\/\/roveyayinevi.com.tr\/index.php\/urun\/bambaska-kediler\/"},"modified":"2026-04-16T03:10:05","modified_gmt":"2026-04-16T00:10:05","slug":"bambaska-kediler","status":"publish","type":"product","link":"https:\/\/roveyayinevi.com.tr\/index.php\/urun\/bambaska-kediler\/","title":{"rendered":"Bamba\u015fka Kediler"},"content":{"rendered":"<p>Yeni y\u0131lda Sel\u00e7uk Demirel\u2019den yeni bir kitap, hem de bol kedili: Bamba\u015fka Kediler Sel\u00e7uk Demirel\u2019in  son yirmi y\u0131lda \u00e7izdi\u011fi yakla\u015f\u0131k 250 kedi resminden olu\u015fan bu kitaba Bilge Karasu, T.S. Eliot, John Berger, Baudelaire, Turgut Uyar, Charles Bukowski, \u0130lhan Berk, Orhan Duru gibi kedi dostu\/delisi yazar ve \u015fairler de e\u015flik ediyor. Sel\u00e7uk Demirel\u2019in \u201cbamba\u015fka kedileri\u201d kitaptan kuca\u011f\u0131n\u0131za f\u0131rlay\u0131p size s\u0131rna\u015facakm\u0131\u015f hissi uyand\u0131r\u0131yor.    \u201c\u2026 Kediler akl\u0131m\u0131zdan ge\u00e7mezler sadece, kalbimizden de ge\u00e7erler. Sel\u00e7uk\u2019unkiler ak\u0131ldan s\u00fcz\u00fcl\u00fcp kalpte bekletildikten sonra bize g\u00f6r\u00fcn\u00fcr olurlar. Onlar\u0131n \u00e7evikli\u011fini zekas\u0131na aktarm\u0131\u015f bir \u00e7izerle kar\u015f\u0131 kar\u015f\u0131yay\u0131z\u2026 Kediler bu d\u00fcnyada yaln\u0131z ya\u015fad\u0131klar\u0131na inan\u0131rlar. B\u00f6ylece gord\u00fckleri her \u015feye \u015fa\u015farlar. Kedi g\u00f6r\u00fcld\u00fc\u011f\u00fcn\u00fc g\u00f6rd\u00fc\u011f\u00fc anda \u00e7ok \u015fa\u015f\u0131r\u0131r. Sanki g\u00f6r\u00fcnmez oldu\u011funu san\u0131r. Yazarlar\u0131n insanlar\u0131 tan\u0131mlamak i\u00e7in kulland\u0131\u011f\u0131 s\u0131fatlar\u0131, Sel\u00e7uk kedilerin y\u00fcz\u00fcnde verir. \u00c7izdi\u011fi baz\u0131 kediler boyanmay\u0131 bekler, baz\u0131lar\u0131 zay\u0131flamay\u0131, baz\u0131lar\u0131 da \u015feffaf kalmay\u0131&#8230;\u201d  Tarhan G\u00fcrhan \u201cKedilere benzeyebilseydik ke\u015fke. \u00d6yle diyesim geliyor s\u0131k s\u0131k, bu son y\u0131llarda. Ya\u015fad\u0131klar\u0131 an\u0131n iyicene fark\u0131ndalar gibi&#8230;\u201d Bilge Karasu \u201cYine de bug\u00fcn kendi kendime kedilere yer olmad\u0131\u011f\u0131n\u0131 s\u00f6yledim. Zaman de\u011fil yer, \u00e7\u00fcnk\u00fc kediler hi\u00e7 fark ettirmeden zaman i\u00e7inde s\u00fcz\u00fclebiliyor. Yer yok.\u201d John Berger <\/p>\n","protected":false},"excerpt":{"rendered":"<p>Yeni y\u0131lda Sel\u00e7uk Demirel\u2019den yeni bir kitap, hem de bol kedili: Bamba\u015fka Kediler Sel\u00e7uk Demirel\u2019in son yirmi y\u0131lda \u00e7izdi\u011fi yakla\u015f\u0131k 250 kedi resminden olu\u015fan bu kitaba<span class=\"excerpt-hellip\"> [\u2026]<\/span><\/p>\n","protected":false},"featured_media":0,"template":"","meta":{"_monsterinsights_skip_tracking":false,"_monsterinsights_sitenote_active":false,"_monsterinsights_sitenote_note":"","_monsterinsights_sitenote_category":0},"product_brand":[],"product_cat":[15733,12408],"product_tag":[],"class_list":{"0":"post-757147","1":"product","2":"type-product","3":"status-publish","5":"product_cat-resim","6":"product_cat-sanat","7":"pa_cilt-ciltsiz","8":"pa_tur-kitap","9":"pa_yayinevi-yapi-kredi-yayinlari","10":"pa_yazar-selcuk-demirel","12":"first","13":"instock","14":"sale","15":"shipping-taxable","16":"purchasable","17":"product-type-simple"},"_links":{"self":[{"href":"https:\/\/roveyayinevi.com.tr\/index.php\/wp-json\/wp\/v2\/product\/757147","targetHints":{"allow":["GET"]}}],"collection":[{"href":"https:\/\/roveyayinevi.com.tr\/index.php\/wp-json\/wp\/v2\/product"}],"about":[{"href":"https:\/\/roveyayinevi.com.tr\/index.php\/wp-json\/wp\/v2\/types\/product"}],"wp:attachment":[{"href":"https:\/\/roveyayinevi.com.tr\/index.php\/wp-json\/wp\/v2\/media?parent=757147"}],"wp:term":[{"taxonomy":"product_brand","embeddable":true,"href":"https:\/\/roveyayinevi.com.tr\/index.php\/wp-json\/wp\/v2\/product_brand?post=757147"},{"taxonomy":"product_cat","embeddable":true,"href":"https:\/\/roveyayinevi.com.tr\/index.php\/wp-json\/wp\/v2\/product_cat?post=757147"},{"taxonomy":"product_tag","embeddable":true,"href":"https:\/\/roveyayinevi.com.tr\/index.php\/wp-json\/wp\/v2\/product_tag?post=757147"}],"curies":[{"name":"wp","href":"https:\/\/api.w.org\/{rel}","templated":true}]}}