{"id":757146,"date":"2025-08-28T07:28:06","date_gmt":"2025-08-28T04:28:06","guid":{"rendered":"https:\/\/roveyayinevi.com.tr\/index.php\/urun\/istanbulu-bul-bana\/"},"modified":"2026-04-16T03:10:05","modified_gmt":"2026-04-16T00:10:05","slug":"istanbulu-bul-bana","status":"publish","type":"product","link":"https:\/\/roveyayinevi.com.tr\/index.php\/urun\/istanbulu-bul-bana\/","title":{"rendered":"\u0130stanbul&#8217;u Bul Bana"},"content":{"rendered":"<p>\u0130stanbul\u2019u Bul Bana Hulki Aktun\u00e7\u2019un Kostant\u0131niyye Haberleri (1989-1993) gazetesine yazd\u0131\u011f\u0131 denemelerden olu\u015fuyor. Gazetenin ilk say\u0131s\u0131ndan itibaren \u201c\u0130stanbul\u2019u Bul Bana\u201d ba\u015fl\u0131\u011f\u0131 alt\u0131nda yazan Aktun\u00e7, \u0130stanbul\u2019un argosunu, sokaklar\u0131n\u0131, ayazmalar\u0131n\u0131, delilerini konu etti, hayat\u0131nda iz b\u0131rakm\u0131\u015f \u0130stanbullular\u0131n portrelerini \u00e7\u0131kard\u0131. Kitab\u0131 haz\u0131rlayarak hem \u0130stanbul kaynak\u00e7as\u0131na hem de Hulki Aktun\u00e7 k\u00fclliyat\u0131na bir yenisini ekleyen Beng\u00fc Vahapo\u011flu, \u201cAktun\u00e7\u2019un ayr\u0131nt\u0131lara kar\u015f\u0131 \u00f6zenli, bilge, ele\u015ftirel ama ayn\u0131 zamanda sevecen bak\u0131\u015f\u0131 okurun \u0130stanbul\u2019a dair yeni bir perspektif geli\u015ftirmesine yard\u0131mc\u0131 olacakt\u0131r\u201d diyor. Kent s\u00f6zc\u00fc\u011f\u00fcn\u00fc sever misiniz? Sevmezseniz, \u015fehir kelimesini mi seversiniz? Bir yerde mi okudum, yoksa ben mi yazd\u0131md\u0131, an\u0131msayam\u0131yorum&#8230; \u015eehir bana \u0130stanbul\u2019u anlat\u0131r, kent ise Ankara\u2019y\u0131. Nedenini tart\u0131\u015f\u0131yorum kendi kendime. \u00d6rne\u011fin, Ta\u015fkent \u015fehir midir? Hollywood\u2019un arabesk tak\u0131ld\u0131\u011f\u0131 s\u0131ralar \u00e7ekilmi\u015f baz\u0131 filmlerde g\u00f6r\u00fclen, tebe\u015firden yap\u0131lm\u0131\u015f, Arap kubbeli, hurma a\u011fa\u00e7l\u0131, s\u00f6zde masal yerle\u015fmeleri kenttir bal gibi; onlara \u201c\u015f\u201d ve \u201ch\u201dnin hakk\u0131n\u0131 vererek \u015fehir demek kolay de\u011fil. \u015eehir, tarihtir; kent ise yeni bir t\u00fcreyi\u015fi simgeler. \u015eehir, hik\u00e2yedir; kent, \u00f6yk\u00fcd\u00fcr. Ve evet, \u00e7\u00fcnk\u00fc \u015fehir kelimedir, kent s\u00f6zc\u00fckt\u00fcr. <\/p>\n","protected":false},"excerpt":{"rendered":"<p>\u0130stanbul\u2019u Bul Bana Hulki Aktun\u00e7\u2019un Kostant\u0131niyye Haberleri (1989-1993) gazetesine yazd\u0131\u011f\u0131 denemelerden olu\u015fuyor. Gazetenin ilk say\u0131s\u0131ndan itibaren \u201c\u0130stanbul\u2019u Bul Bana\u201d ba\u015fl\u0131\u011f\u0131 alt\u0131nda yazan Aktun\u00e7, \u0130stanbul\u2019un argosunu, sokaklar\u0131n\u0131,<span class=\"excerpt-hellip\"> [\u2026]<\/span><\/p>\n","protected":false},"featured_media":0,"template":"","meta":{"_monsterinsights_skip_tracking":false,"_monsterinsights_sitenote_active":false,"_monsterinsights_sitenote_note":"","_monsterinsights_sitenote_category":0},"product_brand":[],"product_cat":[12777,12291],"product_tag":[],"class_list":{"0":"post-757146","1":"product","2":"type-product","3":"status-publish","5":"product_cat-deneme","6":"product_cat-edebiyat","7":"pa_cilt-ciltsiz","8":"pa_tur-kitap","9":"pa_yayinevi-yapi-kredi-yayinlari","10":"pa_yazar-hulki-aktunc","12":"first","13":"instock","14":"sale","15":"shipping-taxable","16":"purchasable","17":"product-type-simple"},"_links":{"self":[{"href":"https:\/\/roveyayinevi.com.tr\/index.php\/wp-json\/wp\/v2\/product\/757146","targetHints":{"allow":["GET"]}}],"collection":[{"href":"https:\/\/roveyayinevi.com.tr\/index.php\/wp-json\/wp\/v2\/product"}],"about":[{"href":"https:\/\/roveyayinevi.com.tr\/index.php\/wp-json\/wp\/v2\/types\/product"}],"wp:attachment":[{"href":"https:\/\/roveyayinevi.com.tr\/index.php\/wp-json\/wp\/v2\/media?parent=757146"}],"wp:term":[{"taxonomy":"product_brand","embeddable":true,"href":"https:\/\/roveyayinevi.com.tr\/index.php\/wp-json\/wp\/v2\/product_brand?post=757146"},{"taxonomy":"product_cat","embeddable":true,"href":"https:\/\/roveyayinevi.com.tr\/index.php\/wp-json\/wp\/v2\/product_cat?post=757146"},{"taxonomy":"product_tag","embeddable":true,"href":"https:\/\/roveyayinevi.com.tr\/index.php\/wp-json\/wp\/v2\/product_tag?post=757146"}],"curies":[{"name":"wp","href":"https:\/\/api.w.org\/{rel}","templated":true}]}}