{"id":757141,"date":"2025-08-28T07:27:57","date_gmt":"2025-08-28T04:27:57","guid":{"rendered":"https:\/\/roveyayinevi.com.tr\/index.php\/urun\/ilk-kelimelerimi-ogreniyorum-ciltli\/"},"modified":"2026-04-16T03:10:05","modified_gmt":"2026-04-16T00:10:05","slug":"ilk-kelimelerimi-ogreniyorum-ciltli","status":"publish","type":"product","link":"https:\/\/roveyayinevi.com.tr\/index.php\/urun\/ilk-kelimelerimi-ogreniyorum-ciltli\/","title":{"rendered":"\u0130lk Kelimelerimi \u00d6\u011freniyorum (Ciltli)"},"content":{"rendered":"<p>\u00c7ocuklar\u0131n okuma yolculu\u011funa ba\u015flamalar\u0131 i\u00e7in haz\u0131rlanm\u0131\u015f,\u015fahane g\u00f6rsellerle dolu rengarenk resimli bir kitap. Kitab\u0131n ba\u015f\u0131ndan sonuna kadar e\u011flenceli sorular\u0131 ve aktiviteleri ke\u015ffedin! <\/p>\n","protected":false},"excerpt":{"rendered":"<p>\u00c7ocuklar\u0131n okuma yolculu\u011funa ba\u015flamalar\u0131 i\u00e7in haz\u0131rlanm\u0131\u015f,\u015fahane g\u00f6rsellerle dolu rengarenk resimli bir kitap. Kitab\u0131n ba\u015f\u0131ndan sonuna kadar e\u011flenceli sorular\u0131 ve aktiviteleri ke\u015ffedin!<\/p>\n","protected":false},"featured_media":0,"template":"","meta":{"_monsterinsights_skip_tracking":false,"_monsterinsights_sitenote_active":false,"_monsterinsights_sitenote_note":"","_monsterinsights_sitenote_category":0},"product_brand":[],"product_cat":[12274,12518],"product_tag":[],"class_list":{"0":"post-757141","1":"product","2":"type-product","3":"status-publish","5":"product_cat-cocuk-ve-genclik-kitaplari","6":"product_cat-okul-oncesi-kitaplar","7":"pa_cilt-ciltli","8":"pa_tur-kitap","9":"pa_yayinevi-bookalemun-yayinevi","10":"pa_yazar-kolektif","12":"first","13":"instock","14":"sale","15":"shipping-taxable","16":"purchasable","17":"product-type-simple"},"_links":{"self":[{"href":"https:\/\/roveyayinevi.com.tr\/index.php\/wp-json\/wp\/v2\/product\/757141","targetHints":{"allow":["GET"]}}],"collection":[{"href":"https:\/\/roveyayinevi.com.tr\/index.php\/wp-json\/wp\/v2\/product"}],"about":[{"href":"https:\/\/roveyayinevi.com.tr\/index.php\/wp-json\/wp\/v2\/types\/product"}],"wp:attachment":[{"href":"https:\/\/roveyayinevi.com.tr\/index.php\/wp-json\/wp\/v2\/media?parent=757141"}],"wp:term":[{"taxonomy":"product_brand","embeddable":true,"href":"https:\/\/roveyayinevi.com.tr\/index.php\/wp-json\/wp\/v2\/product_brand?post=757141"},{"taxonomy":"product_cat","embeddable":true,"href":"https:\/\/roveyayinevi.com.tr\/index.php\/wp-json\/wp\/v2\/product_cat?post=757141"},{"taxonomy":"product_tag","embeddable":true,"href":"https:\/\/roveyayinevi.com.tr\/index.php\/wp-json\/wp\/v2\/product_tag?post=757141"}],"curies":[{"name":"wp","href":"https:\/\/api.w.org\/{rel}","templated":true}]}}