{"id":757140,"date":"2025-08-28T07:27:56","date_gmt":"2025-08-28T04:27:56","guid":{"rendered":"https:\/\/roveyayinevi.com.tr\/index.php\/urun\/kahve-hakkinda-her-sey\/"},"modified":"2026-04-16T03:10:05","modified_gmt":"2026-04-16T00:10:05","slug":"kahve-hakkinda-her-sey","status":"publish","type":"product","link":"https:\/\/roveyayinevi.com.tr\/index.php\/urun\/kahve-hakkinda-her-sey\/","title":{"rendered":"Kahve Hakk\u0131nda Her \u015eey"},"content":{"rendered":"<p>William Harrison Ukers, 1922&#8217;de kahve \u00fczerine eksiksiz bir \u00e7al\u0131\u015fma yazd\u0131. Bug\u00fcn h\u00e2l\u00e2 aktif olan bir end\u00fcstri dergisi olan The Tea and Coffee Trade Journal&#8217;\u0131n kurucusu olarak, on yedi y\u0131l\u0131n\u0131 d\u00fcnyay\u0131 dola\u015farak; hem kahve \u00e7ekirde\u011fi hem de bu i\u00e7ecek hakk\u0131nda bilinmesi gereken her \u015feyi ortaya \u00e7\u0131kararak ge\u00e7irdi. Bu kitap, kahvenin tarihi k\u00f6klerinden, farkl\u0131 \u00fclkelerin i\u00e7me geleneklerine, zihin \u00fczerindeki etkilerine ve m\u00fckemmel fincan\u0131n haz\u0131rlanmas\u0131na kadar, kahve k\u00fclt\u00fcr\u00fcn\u00fcn t\u00fcm zengin ve karma\u015f\u0131k tarihini kaps\u0131yor. Bu muhte\u015fem \u00e7al\u0131\u015fma uzun s\u00fcredir \u2018kahve ticaretinin kutsal kitab\u0131\u2019 olarak an\u0131l\u0131yor ve d\u00fczenli olarak referans g\u00f6sterilmeye devam ediyor. G\u00fcn\u00fcm\u00fcz okurlar\u0131 i\u00e7in t\u0131pk\u0131 ilk yay\u0131mland\u0131\u011f\u0131 zamanki kadar eri\u015filebilir ve e\u011flenceli olan \u00e7al\u0131\u015fma, d\u00fcnyada kahve k\u00fclt\u00fcr\u00fc \u00fczerine haz\u0131rlanm\u0131\u015f en b\u00fcy\u00fck eserlerden biridir. Bilimsel ger\u00e7ekler, aforizmalar ve daha fazlas\u0131yla dolu olan Kahve Hakk\u0131nda Her \u015eey, Ukers&#8217;in ara\u015ft\u0131rma ve g\u00f6zlemlerinin en iyilerini yudum yudum, sayfa sayfa bir araya getiriyor. Kahve tutkunu herkese \u00f6nerilir, keyifle okuyacaks\u0131n\u0131z. <\/p>\n","protected":false},"excerpt":{"rendered":"<p>William Harrison Ukers, 1922&#8217;de kahve \u00fczerine eksiksiz bir \u00e7al\u0131\u015fma yazd\u0131. Bug\u00fcn h\u00e2l\u00e2 aktif olan bir end\u00fcstri dergisi olan The Tea and Coffee Trade Journal&#8217;\u0131n kurucusu olarak,<span class=\"excerpt-hellip\"> [\u2026]<\/span><\/p>\n","protected":false},"featured_media":0,"template":"","meta":{"_monsterinsights_skip_tracking":false,"_monsterinsights_sitenote_active":false,"_monsterinsights_sitenote_note":"","_monsterinsights_sitenote_category":0},"product_brand":[],"product_cat":[12365,12364],"product_tag":[],"class_list":{"0":"post-757140","1":"product","2":"type-product","3":"status-publish","5":"product_cat-diger-genel-konular","6":"product_cat-genel-konular","7":"pa_cilt-ciltsiz","8":"pa_tur-kitap","9":"pa_yayinevi-yitik-ulke-yayinlari","10":"pa_yazar-william-h-ukers","12":"first","13":"instock","14":"sale","15":"shipping-taxable","16":"purchasable","17":"product-type-simple"},"_links":{"self":[{"href":"https:\/\/roveyayinevi.com.tr\/index.php\/wp-json\/wp\/v2\/product\/757140","targetHints":{"allow":["GET"]}}],"collection":[{"href":"https:\/\/roveyayinevi.com.tr\/index.php\/wp-json\/wp\/v2\/product"}],"about":[{"href":"https:\/\/roveyayinevi.com.tr\/index.php\/wp-json\/wp\/v2\/types\/product"}],"wp:attachment":[{"href":"https:\/\/roveyayinevi.com.tr\/index.php\/wp-json\/wp\/v2\/media?parent=757140"}],"wp:term":[{"taxonomy":"product_brand","embeddable":true,"href":"https:\/\/roveyayinevi.com.tr\/index.php\/wp-json\/wp\/v2\/product_brand?post=757140"},{"taxonomy":"product_cat","embeddable":true,"href":"https:\/\/roveyayinevi.com.tr\/index.php\/wp-json\/wp\/v2\/product_cat?post=757140"},{"taxonomy":"product_tag","embeddable":true,"href":"https:\/\/roveyayinevi.com.tr\/index.php\/wp-json\/wp\/v2\/product_tag?post=757140"}],"curies":[{"name":"wp","href":"https:\/\/api.w.org\/{rel}","templated":true}]}}