{"id":757137,"date":"2025-08-28T07:27:51","date_gmt":"2025-08-28T04:27:51","guid":{"rendered":"https:\/\/roveyayinevi.com.tr\/index.php\/urun\/her-yonuyle-silaj\/"},"modified":"2026-04-16T03:10:05","modified_gmt":"2026-04-16T00:10:05","slug":"her-yonuyle-silaj","status":"publish","type":"product","link":"https:\/\/roveyayinevi.com.tr\/index.php\/urun\/her-yonuyle-silaj\/","title":{"rendered":"Her Y\u00f6n\u00fcyle Silaj"},"content":{"rendered":"<p>Hayvanc\u0131l\u0131g\u0306\u0131n temel unsurlar\u0131ndan birisi olan silaj, hayvanlar\u0131n beslenmesinde c\u0327ok o\u0308nemli bir yere sahiptir. Bu kitapta, silaj\u0131n tan\u0131m\u0131, tarihsel evrimi, u\u0308retim su\u0308rec\u0327leri ve hayvanc\u0131l\u0131k sekto\u0308ru\u0308ndeki etkileri u\u0308zerinde durulmaktad\u0131r. Silaj, genellikle m\u0131s\u0131r, yonca gibi bug\u0306daygil ve baklagil yem bitkilerinin mayalanmas\u0131 sonucunda elde edilen bir yem tu\u0308ru\u0308du\u0308r. Hayvan beslenmesinde kullan\u0131lan bu o\u0308zel yo\u0308ntem, o\u0308zellikle kaba yemin temin edilmesinin zor oldug\u0306u k\u0131s\u0327 aylar\u0131nda hayvanlara yeterli ve dengeli bir yem sag\u0306lamak ic\u0327in oldukc\u0327a o\u0308nemlidir. Silaj\u0131n tarihc\u0327esine bak\u0131ld\u0131g\u0306\u0131nda, tar\u0131m\u0131n gelis\u0327imiyle paralel bir evrim go\u0308sterdig\u0306i go\u0308ru\u0308lmektedir. <\/p>\n","protected":false},"excerpt":{"rendered":"<p>Hayvanc\u0131l\u0131g\u0306\u0131n temel unsurlar\u0131ndan birisi olan silaj, hayvanlar\u0131n beslenmesinde c\u0327ok o\u0308nemli bir yere sahiptir. Bu kitapta, silaj\u0131n tan\u0131m\u0131, tarihsel evrimi, u\u0308retim su\u0308rec\u0327leri ve hayvanc\u0131l\u0131k sekto\u0308ru\u0308ndeki etkileri u\u0308zerinde<span class=\"excerpt-hellip\"> [\u2026]<\/span><\/p>\n","protected":false},"featured_media":0,"template":"","meta":{"_monsterinsights_skip_tracking":false,"_monsterinsights_sitenote_active":false,"_monsterinsights_sitenote_note":"","_monsterinsights_sitenote_category":0},"product_brand":[],"product_cat":[12573,12566],"product_tag":[],"class_list":{"0":"post-757137","1":"product","2":"type-product","3":"status-publish","5":"product_cat-akademik-kitaplar","6":"product_cat-egitim","7":"pa_cilt-ciltsiz","8":"pa_tur-kitap","9":"pa_yayinevi-yeniyuz-yayinlari","10":"pa_yazar-kolektif","12":"first","13":"instock","14":"sale","15":"shipping-taxable","16":"purchasable","17":"product-type-simple"},"_links":{"self":[{"href":"https:\/\/roveyayinevi.com.tr\/index.php\/wp-json\/wp\/v2\/product\/757137","targetHints":{"allow":["GET"]}}],"collection":[{"href":"https:\/\/roveyayinevi.com.tr\/index.php\/wp-json\/wp\/v2\/product"}],"about":[{"href":"https:\/\/roveyayinevi.com.tr\/index.php\/wp-json\/wp\/v2\/types\/product"}],"wp:attachment":[{"href":"https:\/\/roveyayinevi.com.tr\/index.php\/wp-json\/wp\/v2\/media?parent=757137"}],"wp:term":[{"taxonomy":"product_brand","embeddable":true,"href":"https:\/\/roveyayinevi.com.tr\/index.php\/wp-json\/wp\/v2\/product_brand?post=757137"},{"taxonomy":"product_cat","embeddable":true,"href":"https:\/\/roveyayinevi.com.tr\/index.php\/wp-json\/wp\/v2\/product_cat?post=757137"},{"taxonomy":"product_tag","embeddable":true,"href":"https:\/\/roveyayinevi.com.tr\/index.php\/wp-json\/wp\/v2\/product_tag?post=757137"}],"curies":[{"name":"wp","href":"https:\/\/api.w.org\/{rel}","templated":true}]}}