{"id":757136,"date":"2025-08-28T07:27:50","date_gmt":"2025-08-28T04:27:50","guid":{"rendered":"https:\/\/roveyayinevi.com.tr\/index.php\/urun\/cumhuriyetin-100-yili-bir-asirlik-miras\/"},"modified":"2026-04-16T03:10:05","modified_gmt":"2026-04-16T00:10:05","slug":"cumhuriyetin-100-yili-bir-asirlik-miras","status":"publish","type":"product","link":"https:\/\/roveyayinevi.com.tr\/index.php\/urun\/cumhuriyetin-100-yili-bir-asirlik-miras\/","title":{"rendered":"Cumhuriyet&#8217;in 100. Y\u0131l\u0131 Bir As\u0131rl\u0131k Miras"},"content":{"rendered":"<p>T\u00fcrkiye Cumhuriyeti 29 Ekim 1923\u2019te kurulmas\u0131ndan bu yana 100. y\u0131l\u0131na ula\u015fm\u0131\u015ft\u0131r. Gazi Mustafa Kemal Atat\u00fcrk\u2019\u00fcn kurucusu oldu\u011fu T\u00fcrkiye Cumhuriyeti, kurulu\u015fundan g\u00fcn\u00fcm\u00fcze kadar bir as\u0131rl\u0131k mirasa sahip olmu\u015ftur. Atat\u00fcrk\u2019\u00fcn liderli\u011finde y\u00fczy\u0131l \u00f6nce kurulmu\u015f olan Cumhuriyet, T\u00fcrk milletinin ba\u011f\u0131ms\u0131zl\u0131\u011f\u0131 ve \u00f6zg\u00fcrl\u00fc\u011f\u00fc i\u00e7in ger\u00e7ekle\u015ftirdi\u011fi milli kurtulu\u015f sava\u015f\u0131n\u0131n sonucunda kazan\u0131lm\u0131\u015ft\u0131r. Aradan ge\u00e7en bir as\u0131r sonras\u0131nda Atat\u00fcrk\u2019\u00fcn \u201cT\u00fcrkiye Cumhuriyeti ilelebet payidar kalacakt\u0131r\u201d s\u00f6z\u00fcne ba\u011fl\u0131 kalarak Cumhuriyet\u2019in y\u00fcz y\u0131ll\u0131k birikimine sahip \u00e7\u0131kmak ve onun milletimiz i\u00e7in sahip oldu\u011fu \u00f6nemi kavramak bu kitap \u00e7al\u0131\u015fmas\u0131n\u0131n olu\u015fmas\u0131ndaki temel gerek\u00e7eyi olu\u015fturmu\u015ftur. Atat\u00fcrk\u2019\u00fc anlamak, ayn\u0131 zamanda milliyet\u00e7i bir \u00e7a\u011fda\u015fla\u015fma sisteminin anlam\u0131n\u0131 kavrayabilmek demektir. Mustafa Kemal Atat\u00fcrk, \u00e7a\u011fda\u015fla\u015fmay\u0131 sa\u011flayabilmenin, ancak bilimin \u00f6nderli\u011finde yap\u0131lacak \u00e7al\u0131\u015fmalara ba\u011fl\u0131 oldu\u011funa inanm\u0131\u015f ve bu inanc\u0131 T\u00fcrk milletine duyurarak, onlar\u0131n da benimsemelerini sa\u011flam\u0131\u015ft\u0131r. Bu kitapta, Cumhuriyet\u2019in bir as\u0131rl\u0131k miras\u0131na katk\u0131 sa\u011flamas\u0131 amac\u0131yla sosyal bilimlerin farkl\u0131 alanlar\u0131ndan ara\u015ft\u0131rmac\u0131lar\u0131n kendi alan\u0131nda yapm\u0131\u015f olduklar\u0131 \u00e7al\u0131\u015fmalara yer verilmi\u015ftir. Kitapta, bir ahlak, karakter ve de\u011ferler rejimi olarak Cumhuriyet\u2019ten Atat\u00fcrk\u2019\u00fcn d\u00fc\u015f\u00fcnsel miras\u0131na, Cumhuriyet\u2019in ayd\u0131nlar\u0131ndan d\u00f6nemin vak\u0131flar\u0131na kadar ve tarihten sosyolojiye, edebiyattan dilbilime, spordan matemati\u011fe var\u0131ncaya kadar birbirinden farkl\u0131 alanlardan \u00e7al\u0131\u015fmalar bir araya getirilmi\u015ftir. Bu kitab\u0131m\u0131zda Cumhuriyet\u2019in y\u00fczy\u0131ll\u0131k birikimine katk\u0131 sa\u011flanmas\u0131 ama\u00e7lanm\u0131\u015ft\u0131r. <\/p>\n","protected":false},"excerpt":{"rendered":"<p>T\u00fcrkiye Cumhuriyeti 29 Ekim 1923\u2019te kurulmas\u0131ndan bu yana 100. y\u0131l\u0131na ula\u015fm\u0131\u015ft\u0131r. Gazi Mustafa Kemal Atat\u00fcrk\u2019\u00fcn kurucusu oldu\u011fu T\u00fcrkiye Cumhuriyeti, kurulu\u015fundan g\u00fcn\u00fcm\u00fcze kadar bir as\u0131rl\u0131k mirasa sahip<span class=\"excerpt-hellip\"> [\u2026]<\/span><\/p>\n","protected":false},"featured_media":0,"template":"","meta":{"_monsterinsights_skip_tracking":false,"_monsterinsights_sitenote_active":false,"_monsterinsights_sitenote_note":"","_monsterinsights_sitenote_category":0},"product_brand":[],"product_cat":[12304],"product_tag":[],"class_list":{"0":"post-757136","1":"product","2":"type-product","3":"status-publish","5":"product_cat-tarih","6":"pa_cilt-ciltsiz","7":"pa_tur-kitap","8":"pa_yayinevi-yeniyuz-yayinlari","9":"pa_yazar-batuhan-suoruc","11":"first","12":"instock","13":"sale","14":"shipping-taxable","15":"purchasable","16":"product-type-simple"},"_links":{"self":[{"href":"https:\/\/roveyayinevi.com.tr\/index.php\/wp-json\/wp\/v2\/product\/757136","targetHints":{"allow":["GET"]}}],"collection":[{"href":"https:\/\/roveyayinevi.com.tr\/index.php\/wp-json\/wp\/v2\/product"}],"about":[{"href":"https:\/\/roveyayinevi.com.tr\/index.php\/wp-json\/wp\/v2\/types\/product"}],"wp:attachment":[{"href":"https:\/\/roveyayinevi.com.tr\/index.php\/wp-json\/wp\/v2\/media?parent=757136"}],"wp:term":[{"taxonomy":"product_brand","embeddable":true,"href":"https:\/\/roveyayinevi.com.tr\/index.php\/wp-json\/wp\/v2\/product_brand?post=757136"},{"taxonomy":"product_cat","embeddable":true,"href":"https:\/\/roveyayinevi.com.tr\/index.php\/wp-json\/wp\/v2\/product_cat?post=757136"},{"taxonomy":"product_tag","embeddable":true,"href":"https:\/\/roveyayinevi.com.tr\/index.php\/wp-json\/wp\/v2\/product_tag?post=757136"}],"curies":[{"name":"wp","href":"https:\/\/api.w.org\/{rel}","templated":true}]}}