{"id":757135,"date":"2025-08-28T07:27:48","date_gmt":"2025-08-28T04:27:48","guid":{"rendered":"https:\/\/roveyayinevi.com.tr\/index.php\/urun\/maya-buyusu\/"},"modified":"2026-04-16T03:10:05","modified_gmt":"2026-04-16T00:10:05","slug":"maya-buyusu","status":"publish","type":"product","link":"https:\/\/roveyayinevi.com.tr\/index.php\/urun\/maya-buyusu\/","title":{"rendered":"Maya B\u00fcy\u00fcs\u00fc"},"content":{"rendered":"<p>Koku haf\u0131zam\u0131z\u0131 nas\u0131l geli\u015ftiririz? Aromalar\u0131n bir dili var m\u0131d\u0131r? Mayalar \u00fcz\u00fcm\u00fc nas\u0131l d\u00f6n\u00fc\u015ft\u00fcr\u00fcr?   Maya B\u00fcy\u00fcs\u00fc t\u00fcm bu sorulara \u015farap tad\u0131m\u0131n\u0131n duyusal analiziyle cevap ararken, alg\u0131 kap\u0131lar\u0131n\u0131 aralayan kokularla, sizleri gizemli bir yolculu\u011fa \u00e7\u0131kar\u0131yor. Bu yolda aroma aileleri ile tan\u0131\u015fma, aroma \u00e7emberinin reng\u00e2renk evrenini ke\u015ffetme ve lezzetli deneyimlere yelken a\u00e7ma \u00fczerine bir dizi fikir sunuyor.   Ekmekten \u015faraba dek pek \u00e7ok \u00fcr\u00fcnde eme\u011fi ge\u00e7en mayay\u0131 ana ba\u015fl\u0131\u011fa ta\u015f\u0131yan bu eser, \u015farab\u0131n gastronomi ile ba\u011flar\u0131n\u0131 mercek alt\u0131na alarak \u015farap-yemek e\u015fle\u015fmelerinin kimyasal ve k\u00fclt\u00fcrel boyutlar\u0131n\u0131 inceliyor.   Zeynep \u00c7olako\u011flu\u2019nun, yazar ve Kimya Y\u00fcksek M\u00fchendisi kimli\u011fiyle tad\u0131m fark\u0131ndal\u0131\u011f\u0131n\u0131 bilimsel a\u00e7\u0131klamalar ve \u00f6yk\u00fcsel bir dille birle\u015ftirdi\u011fi bu kitab\u0131yla, \u015fahane bir yolculu\u011fa \u00e7\u0131kmaya haz\u0131r m\u0131s\u0131n\u0131z? <\/p>\n","protected":false},"excerpt":{"rendered":"<p>Koku haf\u0131zam\u0131z\u0131 nas\u0131l geli\u015ftiririz? Aromalar\u0131n bir dili var m\u0131d\u0131r? Mayalar \u00fcz\u00fcm\u00fc nas\u0131l d\u00f6n\u00fc\u015ft\u00fcr\u00fcr? Maya B\u00fcy\u00fcs\u00fc t\u00fcm bu sorulara \u015farap tad\u0131m\u0131n\u0131n duyusal analiziyle cevap ararken, alg\u0131 kap\u0131lar\u0131n\u0131<span class=\"excerpt-hellip\"> [\u2026]<\/span><\/p>\n","protected":false},"featured_media":0,"template":"","meta":{"_monsterinsights_skip_tracking":false,"_monsterinsights_sitenote_active":false,"_monsterinsights_sitenote_note":"","_monsterinsights_sitenote_category":0},"product_brand":[],"product_cat":[12416,12291],"product_tag":[],"class_list":{"0":"post-757135","1":"product","2":"type-product","3":"status-publish","5":"product_cat-cizgi-roman","6":"product_cat-edebiyat","7":"pa_cilt-ciltsiz","8":"pa_tur-kitap","9":"pa_yayinevi-kara-karga-yayinlari","10":"pa_yazar-zeynep-colakoglu","12":"first","13":"instock","14":"sale","15":"shipping-taxable","16":"purchasable","17":"product-type-simple"},"_links":{"self":[{"href":"https:\/\/roveyayinevi.com.tr\/index.php\/wp-json\/wp\/v2\/product\/757135","targetHints":{"allow":["GET"]}}],"collection":[{"href":"https:\/\/roveyayinevi.com.tr\/index.php\/wp-json\/wp\/v2\/product"}],"about":[{"href":"https:\/\/roveyayinevi.com.tr\/index.php\/wp-json\/wp\/v2\/types\/product"}],"wp:attachment":[{"href":"https:\/\/roveyayinevi.com.tr\/index.php\/wp-json\/wp\/v2\/media?parent=757135"}],"wp:term":[{"taxonomy":"product_brand","embeddable":true,"href":"https:\/\/roveyayinevi.com.tr\/index.php\/wp-json\/wp\/v2\/product_brand?post=757135"},{"taxonomy":"product_cat","embeddable":true,"href":"https:\/\/roveyayinevi.com.tr\/index.php\/wp-json\/wp\/v2\/product_cat?post=757135"},{"taxonomy":"product_tag","embeddable":true,"href":"https:\/\/roveyayinevi.com.tr\/index.php\/wp-json\/wp\/v2\/product_tag?post=757135"}],"curies":[{"name":"wp","href":"https:\/\/api.w.org\/{rel}","templated":true}]}}