{"id":757134,"date":"2025-08-28T07:27:47","date_gmt":"2025-08-28T04:27:47","guid":{"rendered":"https:\/\/roveyayinevi.com.tr\/index.php\/urun\/mavi-cilegin-sirri\/"},"modified":"2026-04-13T03:17:07","modified_gmt":"2026-04-13T00:17:07","slug":"mavi-cilegin-sirri","status":"publish","type":"product","link":"https:\/\/roveyayinevi.com.tr\/index.php\/urun\/mavi-cilegin-sirri\/","title":{"rendered":"Mavi \u00c7ile\u011fin S\u0131rr\u0131"},"content":{"rendered":"<p>Kendi \u00f6zg\u00fcnl\u00fc\u011f\u00fcn\u00fc buldu\u011funda, markanla b\u00fct\u00fcnle\u015febilirsin. D\u00fcnya de\u011fi\u015fiyor; marka de\u011ferini in\u015fa etmek isteyenler i\u00e7in bug\u00fcn, \u00f6zg\u00fcn yan\u0131n\u0131 ke\u015ffetme ve fark\u0131n\u0131 ortaya koyma zaman\u0131! Medya ve kurumsal ileti\u015fim sekt\u00f6r\u00fcnde \u201cStratejik \u0130leti\u015fimin Duayeni\u201d olarak an\u0131lan Doret Habib, markala\u015fma sanat\u0131n\u0131n inceliklerini \u201cMavi \u00c7ile\u011fin S\u0131rr\u0131\u201d metaforu \u00fczerinden ele al\u0131yor. 30 y\u0131ll\u0131k kariyeri boyunca y\u00fczlerce CEO\u2019ya, \u00fcst d\u00fczey y\u00f6neticiye, firmaya ve kurulu\u015fa rehberlik eden Doret Habib, markala\u015fma s\u00fcrecinde \u00f6zg\u00fcn ve yarat\u0131c\u0131 olman\u0131n s\u0131rlar\u0131n\u0131, izlenecek stratejileri ve etkili ileti\u015fim tekniklerini t\u00fcm detaylar\u0131yla anlat\u0131yor. Kendi de\u011ferini bulmak, hak etti\u011fi yere ula\u015fmak isteyen t\u00fcm meslek sahipleri, firma \u00e7al\u0131\u015fanlar\u0131, CEO\u2019lar, giri\u015fimciler, yeni mezun olmu\u015f gen\u00e7ler, k\u0131sacas\u0131 i\u015f hayat\u0131nda aktif olan herkese hitap eden bu interaktif k\u0131lavuz, markan\u0131z\u0131n \u201cmavi \u00e7ilek\u201d taraf\u0131n\u0131 ke\u015ffetmenizi sa\u011flayarak, farkl\u0131la\u015fma sanat\u0131nda sizi birka\u00e7 ad\u0131m \u00f6ne ta\u015f\u0131yacak. Bug\u00fcn kim oldu\u011funuz d\u00fcn yapt\u0131\u011f\u0131n\u0131z se\u00e7imlerin sonucudur. Bug\u00fcn yapt\u0131\u011f\u0131n\u0131z se\u00e7imlerse yar\u0131n kim olaca\u011f\u0131n\u0131z\u0131 belirler. Se\u00e7iminizi yap\u0131n, marka de\u011ferinize ve itibar\u0131n\u0131za sahip \u00e7\u0131k\u0131n&#8230; <\/p>\n","protected":false},"excerpt":{"rendered":"<p>Kendi \u00f6zg\u00fcnl\u00fc\u011f\u00fcn\u00fc buldu\u011funda, markanla b\u00fct\u00fcnle\u015febilirsin. D\u00fcnya de\u011fi\u015fiyor; marka de\u011ferini in\u015fa etmek isteyenler i\u00e7in bug\u00fcn, \u00f6zg\u00fcn yan\u0131n\u0131 ke\u015ffetme ve fark\u0131n\u0131 ortaya koyma zaman\u0131! Medya ve kurumsal ileti\u015fim<span class=\"excerpt-hellip\"> [\u2026]<\/span><\/p>\n","protected":false},"featured_media":0,"template":"","meta":{"_monsterinsights_skip_tracking":false,"_monsterinsights_sitenote_active":false,"_monsterinsights_sitenote_note":"","_monsterinsights_sitenote_category":0},"product_brand":[],"product_cat":[12364,12376],"product_tag":[],"class_list":{"0":"post-757134","1":"product","2":"type-product","3":"status-publish","5":"product_cat-genel-konular","6":"product_cat-kisisel-gelisim","7":"pa_cilt-ciltsiz","8":"pa_tur-kitap","9":"pa_yayinevi-destek-yayinlari","10":"pa_yazar-doret-habib","12":"first","13":"instock","14":"sale","15":"shipping-taxable","16":"purchasable","17":"product-type-simple"},"_links":{"self":[{"href":"https:\/\/roveyayinevi.com.tr\/index.php\/wp-json\/wp\/v2\/product\/757134","targetHints":{"allow":["GET"]}}],"collection":[{"href":"https:\/\/roveyayinevi.com.tr\/index.php\/wp-json\/wp\/v2\/product"}],"about":[{"href":"https:\/\/roveyayinevi.com.tr\/index.php\/wp-json\/wp\/v2\/types\/product"}],"wp:attachment":[{"href":"https:\/\/roveyayinevi.com.tr\/index.php\/wp-json\/wp\/v2\/media?parent=757134"}],"wp:term":[{"taxonomy":"product_brand","embeddable":true,"href":"https:\/\/roveyayinevi.com.tr\/index.php\/wp-json\/wp\/v2\/product_brand?post=757134"},{"taxonomy":"product_cat","embeddable":true,"href":"https:\/\/roveyayinevi.com.tr\/index.php\/wp-json\/wp\/v2\/product_cat?post=757134"},{"taxonomy":"product_tag","embeddable":true,"href":"https:\/\/roveyayinevi.com.tr\/index.php\/wp-json\/wp\/v2\/product_tag?post=757134"}],"curies":[{"name":"wp","href":"https:\/\/api.w.org\/{rel}","templated":true}]}}