{"id":757133,"date":"2025-08-28T07:27:46","date_gmt":"2025-08-28T04:27:46","guid":{"rendered":"https:\/\/roveyayinevi.com.tr\/index.php\/urun\/cocuk-suc-ve-din-iliskisi\/"},"modified":"2026-04-16T03:10:05","modified_gmt":"2026-04-16T00:10:05","slug":"cocuk-suc-ve-din-iliskisi","status":"publish","type":"product","link":"https:\/\/roveyayinevi.com.tr\/index.php\/urun\/cocuk-suc-ve-din-iliskisi\/","title":{"rendered":"\u00c7ocuk, Su\u00e7 ve Din \u0130li\u015fkisi"},"content":{"rendered":"<p>\u00c7ocuklar toplumun gelece\u011fidir. Her toplum kendi gelece\u011fi ve refah\u0131 i\u00e7in gerekli tedbirleri almaktad\u0131r. \u00c7ocu\u011fun su\u00e7a s\u00fcr\u00fcklenmesi, i\u00e7inde bulundu\u011fu d\u00f6nemin ko\u015fullar\u0131ndan kaynaklan\u0131r. Gen\u00e7, geli\u015fim d\u00f6neminin gere\u011fi olarak psikolojik, sosyal vb. bir\u00e7ok fakt\u00f6r\u00fcn alt\u0131nda bocalamaktad\u0131r. Gen\u00e7lerin su\u00e7 kapsam\u0131ndaki davran\u0131\u015flar\u0131 \u00e7o\u011funlukla onlar\u0131n olgunla\u015fma ve uyum s\u00fcre\u00e7leri \u00e7er\u00e7evesinde bir d\u00f6neme \u00f6zg\u00fc olarak kald\u0131\u011f\u0131n\u0131 g\u00f6stermektedir. \u00c7ocuk su\u00e7lulu\u011fu, t\u00fcm d\u00fcnyada insanlar\u0131n dikkatini \u00e7eken toplumsal bir olayd\u0131r. Bununla birlikte \u00e7ocuk su\u00e7lulu\u011fu neden baz\u0131 \u00e7evrelerde yo\u011funla\u015fmaktad\u0131r? Bu \u00e7ocuklar\u0131n ailevi ili\u015fkileri ne d\u00fczeydedir? E\u011fitim d\u00fczeyleri ile su\u00e7a kar\u0131\u015fma oranlar\u0131 aras\u0131nda ne t\u00fcr ba\u011f\u0131nt\u0131lar vard\u0131r? B\u00fct\u00fcn bu fakt\u00f6rlerin yan\u0131nda \u00e7ocuklar\u0131n din alg\u0131lar\u0131, kader anlay\u0131\u015flar\u0131, su\u00e7 ve su\u00e7u anlamland\u0131rma ve su\u00e7a i\u015ftiraklerinde ne t\u00fcr bir etkiye sahiptir?  Su\u00e7a s\u00fcr\u00fcklenen \u00e7ocuklar\u0131n dini tutum ve davran\u0131\u015flar\u0131n\u0131n ve dini bilgi d\u00fczeylerinin \u00e7ok d\u00fc\u015f\u00fck oldu\u011fu ve bu durumun onlar\u0131n su\u00e7a s\u00fcr\u00fcklenmesinde en b\u00fcy\u00fck fakt\u00f6rlerden biri oldu\u011funu ifade edebiliriz. Ayn\u0131 \u015fekilde bu \u00e7ocuklar\u0131n aile ve akran \u00e7evrelerinde de dinselli\u011fin d\u00fc\u015f\u00fck seviyede oldu\u011fu ger\u00e7e\u011fini g\u00f6z \u00f6n\u00fcnde bulundurmak gerekiyor.  Bu kitapta, \u00e7ocuk su\u00e7lar\u0131n\u0131n baz\u0131 ba\u011f\u0131ms\u0131z de\u011fi\u015fkenlere g\u00f6re, \u00f6zellikle, dindarl\u0131k ve dinsellik ba\u011flam\u0131nda de\u011fi\u015fip de\u011fi\u015fmedi\u011fi, su\u00e7a kar\u0131\u015fm\u0131\u015f \u00e7ocuklarda su\u00e7 ve dindarl\u0131k aras\u0131nda anlaml\u0131 bir ili\u015fkinin olup olmad\u0131\u011f\u0131 ve bu ili\u015fkinin d\u00fczeyi ortaya konmu\u015ftur.<\/p>\n","protected":false},"excerpt":{"rendered":"<p>\u00c7ocuklar toplumun gelece\u011fidir. Her toplum kendi gelece\u011fi ve refah\u0131 i\u00e7in gerekli tedbirleri almaktad\u0131r. \u00c7ocu\u011fun su\u00e7a s\u00fcr\u00fcklenmesi, i\u00e7inde bulundu\u011fu d\u00f6nemin ko\u015fullar\u0131ndan kaynaklan\u0131r. Gen\u00e7, geli\u015fim d\u00f6neminin gere\u011fi olarak<span class=\"excerpt-hellip\"> [\u2026]<\/span><\/p>\n","protected":false},"featured_media":0,"template":"","meta":{"_monsterinsights_skip_tracking":false,"_monsterinsights_sitenote_active":false,"_monsterinsights_sitenote_note":"","_monsterinsights_sitenote_category":0},"product_brand":[],"product_cat":[52477],"product_tag":[],"class_list":{"0":"post-757133","1":"product","2":"type-product","3":"status-publish","5":"product_cat-arastirma","6":"pa_cilt-ciltsiz","7":"pa_tur-kitap","8":"pa_yayinevi-beyan-yayinlari","9":"pa_yazar-ercan-celik","11":"first","12":"instock","13":"sale","14":"shipping-taxable","15":"purchasable","16":"product-type-simple"},"_links":{"self":[{"href":"https:\/\/roveyayinevi.com.tr\/index.php\/wp-json\/wp\/v2\/product\/757133","targetHints":{"allow":["GET"]}}],"collection":[{"href":"https:\/\/roveyayinevi.com.tr\/index.php\/wp-json\/wp\/v2\/product"}],"about":[{"href":"https:\/\/roveyayinevi.com.tr\/index.php\/wp-json\/wp\/v2\/types\/product"}],"wp:attachment":[{"href":"https:\/\/roveyayinevi.com.tr\/index.php\/wp-json\/wp\/v2\/media?parent=757133"}],"wp:term":[{"taxonomy":"product_brand","embeddable":true,"href":"https:\/\/roveyayinevi.com.tr\/index.php\/wp-json\/wp\/v2\/product_brand?post=757133"},{"taxonomy":"product_cat","embeddable":true,"href":"https:\/\/roveyayinevi.com.tr\/index.php\/wp-json\/wp\/v2\/product_cat?post=757133"},{"taxonomy":"product_tag","embeddable":true,"href":"https:\/\/roveyayinevi.com.tr\/index.php\/wp-json\/wp\/v2\/product_tag?post=757133"}],"curies":[{"name":"wp","href":"https:\/\/api.w.org\/{rel}","templated":true}]}}