{"id":757132,"date":"2025-08-28T07:27:44","date_gmt":"2025-08-28T04:27:44","guid":{"rendered":"https:\/\/roveyayinevi.com.tr\/index.php\/urun\/biyomacera\/"},"modified":"2026-04-03T03:12:16","modified_gmt":"2026-04-03T00:12:16","slug":"biyomacera","status":"publish","type":"product","link":"https:\/\/roveyayinevi.com.tr\/index.php\/urun\/biyomacera\/","title":{"rendered":"Biyomacera"},"content":{"rendered":"<p>Polen ve Baler, Ordu\u2019da ar\u0131 \u00e7iftli\u011finde ya\u015fayan iki karde\u015ftir. Arkada\u015flar\u0131yla \u00e7iftli\u011fi gezdikleri g\u00fcn krali\u00e7e ar\u0131lar\u0131n g\u00f6zdesi Elizabeth, gizemli bir \u015fekilde ortadan kaybolur. Baler\u2019in dedektif ki\u015fili\u011fi olay\u0131n pe\u015fini b\u0131rakmaz ve hemen arkada\u015flar\u0131yla gizemi \u00e7\u00f6zmeye \u00e7al\u0131\u015f\u0131r. Acaba ekip Elizabeth\u2019i bulabilecek mi? Bu kitapla Ordu\u2019yu gezerek ekosistem hakk\u0131nda bir\u00e7ok bilgi edineceksiniz. Biyomaceraya haz\u0131r m\u0131s\u0131n\u0131z? <\/p>\n","protected":false},"excerpt":{"rendered":"<p>Polen ve Baler, Ordu\u2019da ar\u0131 \u00e7iftli\u011finde ya\u015fayan iki karde\u015ftir. Arkada\u015flar\u0131yla \u00e7iftli\u011fi gezdikleri g\u00fcn krali\u00e7e ar\u0131lar\u0131n g\u00f6zdesi Elizabeth, gizemli bir \u015fekilde ortadan kaybolur. Baler\u2019in dedektif ki\u015fili\u011fi olay\u0131n<span class=\"excerpt-hellip\"> [\u2026]<\/span><\/p>\n","protected":false},"featured_media":0,"template":"","meta":{"_monsterinsights_skip_tracking":false,"_monsterinsights_sitenote_active":false,"_monsterinsights_sitenote_note":"","_monsterinsights_sitenote_category":0},"product_brand":[],"product_cat":[12274],"product_tag":[],"class_list":{"0":"post-757132","1":"product","2":"type-product","3":"status-publish","5":"product_cat-cocuk-ve-genclik-kitaplari","6":"pa_cilt-ciltsiz","7":"pa_tur-kitap","8":"pa_yayinevi-abm-yayinevi","9":"pa_yazar-ulker-kurtcan","11":"first","12":"instock","13":"sale","14":"shipping-taxable","15":"purchasable","16":"product-type-simple"},"_links":{"self":[{"href":"https:\/\/roveyayinevi.com.tr\/index.php\/wp-json\/wp\/v2\/product\/757132","targetHints":{"allow":["GET"]}}],"collection":[{"href":"https:\/\/roveyayinevi.com.tr\/index.php\/wp-json\/wp\/v2\/product"}],"about":[{"href":"https:\/\/roveyayinevi.com.tr\/index.php\/wp-json\/wp\/v2\/types\/product"}],"wp:attachment":[{"href":"https:\/\/roveyayinevi.com.tr\/index.php\/wp-json\/wp\/v2\/media?parent=757132"}],"wp:term":[{"taxonomy":"product_brand","embeddable":true,"href":"https:\/\/roveyayinevi.com.tr\/index.php\/wp-json\/wp\/v2\/product_brand?post=757132"},{"taxonomy":"product_cat","embeddable":true,"href":"https:\/\/roveyayinevi.com.tr\/index.php\/wp-json\/wp\/v2\/product_cat?post=757132"},{"taxonomy":"product_tag","embeddable":true,"href":"https:\/\/roveyayinevi.com.tr\/index.php\/wp-json\/wp\/v2\/product_tag?post=757132"}],"curies":[{"name":"wp","href":"https:\/\/api.w.org\/{rel}","templated":true}]}}