{"id":757131,"date":"2025-08-28T07:27:43","date_gmt":"2025-08-28T04:27:43","guid":{"rendered":"https:\/\/roveyayinevi.com.tr\/index.php\/urun\/evet-dedirtme-sanati-odun-vermeden-anlasmaya-varmak\/"},"modified":"2026-04-16T03:10:05","modified_gmt":"2026-04-16T00:10:05","slug":"evet-dedirtme-sanati-odun-vermeden-anlasmaya-varmak","status":"publish","type":"product","link":"https:\/\/roveyayinevi.com.tr\/index.php\/urun\/evet-dedirtme-sanati-odun-vermeden-anlasmaya-varmak\/","title":{"rendered":"\u201cEvet\u201d Dedirtme Sanat\u0131: \u00d6d\u00fcn Vermeden Anla\u015fmaya Varmak"},"content":{"rendered":"<p>Ba\u015far\u0131l\u0131 m\u00fczakerenin s\u0131rr\u0131n\u0131 \u00f6\u011frenin!   Yakla\u015f\u0131k 30 y\u0131l \u00f6nce ilk kez yay\u0131mland\u0131\u011f\u0131ndan bu yana \u201cEvet\u201d Dedirtme Sanat\u0131, milyonlarca insan\u0131n m\u00fczakere etmenin daha iyi bir yolunu \u00f6\u011frenmesine yard\u0131mc\u0131 oldu. Modern \u00e7a\u011f\u0131n ba\u015fl\u0131ca i\u015f metinlerinden biri olan bu kitap, m\u00fczakere ve \u00e7at\u0131\u015fma \u00e7\u00f6z\u00fcm\u00fcn\u00fcn t\u00fcm d\u00fczeyleriyle ilgilenen Harvard M\u00fczakere Projesi&#8217;nin \u00e7al\u0131\u015fmalar\u0131na dayan\u0131yor.   \u201cEvet\u201d Dedirtme Sanat\u0131, her t\u00fcrl\u00fc \u00e7at\u0131\u015fmada kar\u015f\u0131l\u0131kl\u0131 olarak kabul edilebilir anla\u015fmalara varmak i\u00e7in ad\u0131m ad\u0131m aktard\u0131\u011f\u0131 stratejiyle, okurlara ki\u015fisel ve mesleki anla\u015fmazl\u0131klar\u0131 \u00f6fkelenmeden ya da al\u0131nmadan m\u00fczakere edebilmeleri i\u00e7in yal\u0131n, evrensel olarak uygulanabilir, objektif kriterler kullanan bir y\u00f6ntem sunuyor.   \u201cBu \u015fimdiye kadar m\u00fczakere hakk\u0131nda okudu\u011fum en iyi \u015fey. Bu, dostlar\u0131n\u0131, mal\u0131n\u0131 ve gelirini elinde tutmak isteyen ki\u015fi i\u00e7in de, bar\u0131\u015f\u0131 korumak isteyen devlet g\u00f6revlisi i\u00e7in de ayn\u0131 derecede ge\u00e7erli.\u201d \u2014John Kenneth Galbraith   \u201cYazarlar sa\u011fduyuya dayal\u0131 pek \u00e7ok g\u00f6zlem ve tavsiyeyi, k\u0131sa ve yal\u0131n bir \u015fekilde yaz\u0131lm\u0131\u015f k\u00fc\u00e7\u00fck bir kitapta toplam\u0131\u015flar.\u201d \u2014Businessweek <\/p>\n","protected":false},"excerpt":{"rendered":"<p>Ba\u015far\u0131l\u0131 m\u00fczakerenin s\u0131rr\u0131n\u0131 \u00f6\u011frenin! Yakla\u015f\u0131k 30 y\u0131l \u00f6nce ilk kez yay\u0131mland\u0131\u011f\u0131ndan bu yana \u201cEvet\u201d Dedirtme Sanat\u0131, milyonlarca insan\u0131n m\u00fczakere etmenin daha iyi bir yolunu \u00f6\u011frenmesine yard\u0131mc\u0131<span class=\"excerpt-hellip\"> [\u2026]<\/span><\/p>\n","protected":false},"featured_media":0,"template":"","meta":{"_monsterinsights_skip_tracking":false,"_monsterinsights_sitenote_active":false,"_monsterinsights_sitenote_note":"","_monsterinsights_sitenote_category":0},"product_brand":[],"product_cat":[12364,12376],"product_tag":[],"class_list":{"0":"post-757131","1":"product","2":"type-product","3":"status-publish","5":"product_cat-genel-konular","6":"product_cat-kisisel-gelisim","7":"pa_cilt-ciltsiz","8":"pa_tur-kitap","9":"pa_yayinevi-nova-kitap","10":"pa_yazar-roger-fisher-william-ury","12":"first","13":"instock","14":"sale","15":"shipping-taxable","16":"purchasable","17":"product-type-simple"},"_links":{"self":[{"href":"https:\/\/roveyayinevi.com.tr\/index.php\/wp-json\/wp\/v2\/product\/757131","targetHints":{"allow":["GET"]}}],"collection":[{"href":"https:\/\/roveyayinevi.com.tr\/index.php\/wp-json\/wp\/v2\/product"}],"about":[{"href":"https:\/\/roveyayinevi.com.tr\/index.php\/wp-json\/wp\/v2\/types\/product"}],"wp:attachment":[{"href":"https:\/\/roveyayinevi.com.tr\/index.php\/wp-json\/wp\/v2\/media?parent=757131"}],"wp:term":[{"taxonomy":"product_brand","embeddable":true,"href":"https:\/\/roveyayinevi.com.tr\/index.php\/wp-json\/wp\/v2\/product_brand?post=757131"},{"taxonomy":"product_cat","embeddable":true,"href":"https:\/\/roveyayinevi.com.tr\/index.php\/wp-json\/wp\/v2\/product_cat?post=757131"},{"taxonomy":"product_tag","embeddable":true,"href":"https:\/\/roveyayinevi.com.tr\/index.php\/wp-json\/wp\/v2\/product_tag?post=757131"}],"curies":[{"name":"wp","href":"https:\/\/api.w.org\/{rel}","templated":true}]}}