{"id":757129,"date":"2025-08-28T07:27:40","date_gmt":"2025-08-28T04:27:40","guid":{"rendered":"https:\/\/roveyayinevi.com.tr\/index.php\/urun\/aradiginiz-aileye-su-anda-ulasilamiyor\/"},"modified":"2026-04-16T03:10:05","modified_gmt":"2026-04-16T00:10:05","slug":"aradiginiz-aileye-su-anda-ulasilamiyor","status":"publish","type":"product","link":"https:\/\/roveyayinevi.com.tr\/index.php\/urun\/aradiginiz-aileye-su-anda-ulasilamiyor\/","title":{"rendered":"Arad\u0131\u011f\u0131n\u0131z Aileye \u015eu Anda Ula\u015f\u0131lam\u0131yor"},"content":{"rendered":"<p>Kurabiye d\u00fcnyan\u0131n en mutlu k\u00f6pe\u011fiydi. Ta ki ekranlar evini istila edene kadar. Tabletler, ak\u0131ll\u0131 telefonlar, oyun konsollar\u0131\u2026 Ailesi art\u0131k bu aletlerle \u00e7ok daha fazla vakit ge\u00e7iriyor, onu ihmal ediyorlard\u0131. Acaba Kurabiye ailesini hipnotize eden bu aletlerle nas\u0131l ba\u015fa \u00e7\u0131kacak? Bu kitap g\u00fcn\u00fcm\u00fcz\u00fcn yayg\u0131n sorunlar\u0131ndan biri, ekran ba\u011f\u0131ml\u0131l\u0131\u011f\u0131n\u0131 patili dostumuzun g\u00f6z\u00fcnden anlat\u0131yor. <\/p>\n","protected":false},"excerpt":{"rendered":"<p>Kurabiye d\u00fcnyan\u0131n en mutlu k\u00f6pe\u011fiydi. Ta ki ekranlar evini istila edene kadar. Tabletler, ak\u0131ll\u0131 telefonlar, oyun konsollar\u0131\u2026 Ailesi art\u0131k bu aletlerle \u00e7ok daha fazla vakit ge\u00e7iriyor,<span class=\"excerpt-hellip\"> [\u2026]<\/span><\/p>\n","protected":false},"featured_media":0,"template":"","meta":{"_monsterinsights_skip_tracking":false,"_monsterinsights_sitenote_active":false,"_monsterinsights_sitenote_note":"","_monsterinsights_sitenote_category":0},"product_brand":[],"product_cat":[12274,12284],"product_tag":[],"class_list":{"0":"post-757129","1":"product","2":"type-product","3":"status-publish","5":"product_cat-cocuk-ve-genclik-kitaplari","6":"product_cat-hikayeler","7":"pa_cilt-ciltsiz","8":"pa_tur-kitap","9":"pa_yayinevi-abm-yayinevi","10":"pa_yazar-amelie-javaux","12":"first","13":"instock","14":"sale","15":"shipping-taxable","16":"purchasable","17":"product-type-simple"},"_links":{"self":[{"href":"https:\/\/roveyayinevi.com.tr\/index.php\/wp-json\/wp\/v2\/product\/757129","targetHints":{"allow":["GET"]}}],"collection":[{"href":"https:\/\/roveyayinevi.com.tr\/index.php\/wp-json\/wp\/v2\/product"}],"about":[{"href":"https:\/\/roveyayinevi.com.tr\/index.php\/wp-json\/wp\/v2\/types\/product"}],"wp:attachment":[{"href":"https:\/\/roveyayinevi.com.tr\/index.php\/wp-json\/wp\/v2\/media?parent=757129"}],"wp:term":[{"taxonomy":"product_brand","embeddable":true,"href":"https:\/\/roveyayinevi.com.tr\/index.php\/wp-json\/wp\/v2\/product_brand?post=757129"},{"taxonomy":"product_cat","embeddable":true,"href":"https:\/\/roveyayinevi.com.tr\/index.php\/wp-json\/wp\/v2\/product_cat?post=757129"},{"taxonomy":"product_tag","embeddable":true,"href":"https:\/\/roveyayinevi.com.tr\/index.php\/wp-json\/wp\/v2\/product_tag?post=757129"}],"curies":[{"name":"wp","href":"https:\/\/api.w.org\/{rel}","templated":true}]}}