{"id":757128,"date":"2025-08-28T07:27:39","date_gmt":"2025-08-28T04:27:39","guid":{"rendered":"https:\/\/roveyayinevi.com.tr\/index.php\/urun\/kadim-rune-sembolleri-ve-uygulama-rehberi\/"},"modified":"2026-04-11T03:19:02","modified_gmt":"2026-04-11T00:19:02","slug":"kadim-rune-sembolleri-ve-uygulama-rehberi","status":"publish","type":"product","link":"https:\/\/roveyayinevi.com.tr\/index.php\/urun\/kadim-rune-sembolleri-ve-uygulama-rehberi\/","title":{"rendered":"Kadim Rune Sembolleri ve Uygulama Rehberi"},"content":{"rendered":"<p>\u201cOdin bu \u00fc\u00e7 kad\u0131n\u0131n bildiklerini; ge\u00e7mi\u015fe, gelece\u011fe ve \u015fimdiye ayn\u0131 anda sahip olu\u015flar\u0131n\u0131 k\u0131skan\u0131yor. Onlar\u0131n ge\u00e7mi\u015fi \u015fimdiye, \u015fimdiyi gelece\u011fe runeler ile ta\u015f\u0131mas\u0131na ve runelerdeki bilgiye sahip olmaya kafas\u0131n\u0131 iyice tak\u0131yor. Bir g\u00fcn bu merak\u0131n\u0131n verdi\u011fi ac\u0131ya, sab\u0131rs\u0131zl\u0131\u011fa ve h\u0131rsa dayanamayarak kendini gizlice, Yggdrasil&#8217;in dallar\u0131ndan birine as\u0131yor. \u00d6lmeye raz\u0131 olarak kendi can\u0131na bir de m\u0131zrak sapl\u0131yor. Dokuz g\u00fcn ve dokuz gece boyunca kan d\u00f6kerek a\u011fa\u00e7ta as\u0131l\u0131 kal\u0131yor ve g\u00f6zleri ile a\u015fa\u011f\u0131ya, Nornlar\u2019\u0131n \u00f6rd\u00fc\u011f\u00fc kader a\u011flar\u0131na bakarak runeleri g\u00f6rmeye \u00e7al\u0131\u015f\u0131yor. Dokuzuncu g\u00fcn\u00fcn sonunda \u00f6l\u00fcmle burun buruna gelmi\u015fken gizemli kuyudan rune sembolleri \u00e7\u0131k\u0131yor ve Odin&#8217;in etraf\u0131n\u0131 sar\u0131yor.\u201d \u0130SKAND\u0130NAV TILSIMININ SIRRINA ER\u0130\u015e\u0130N! Kadim Rune Sembolleri ve Uygulama Rehberi ile siz de rune sembollerinin gizemini ke\u015ffedecek; bilginin, bilgeli\u011fin ve ruhsal g\u00fcc\u00fcn anahtarlar\u0131n\u0131 ta\u015f\u0131yan bu t\u0131ls\u0131ml\u0131 harflerle ge\u00e7mi\u015fin, \u015fimdinin ve gelece\u011fin s\u0131rr\u0131na eri\u015fmekle kalmay\u0131p runeleri ba\u011flamay\u0131, kehanet yapmay\u0131 ve hayat\u0131n\u0131z\u0131 sonsuza dek de\u011fi\u015ftirecek \u015fekilde uygulamay\u0131 \u00f6\u011freneceksiniz. <\/p>\n","protected":false},"excerpt":{"rendered":"<p>\u201cOdin bu \u00fc\u00e7 kad\u0131n\u0131n bildiklerini; ge\u00e7mi\u015fe, gelece\u011fe ve \u015fimdiye ayn\u0131 anda sahip olu\u015flar\u0131n\u0131 k\u0131skan\u0131yor. Onlar\u0131n ge\u00e7mi\u015fi \u015fimdiye, \u015fimdiyi gelece\u011fe runeler ile ta\u015f\u0131mas\u0131na ve runelerdeki bilgiye sahip<span class=\"excerpt-hellip\"> [\u2026]<\/span><\/p>\n","protected":false},"featured_media":0,"template":"","meta":{"_monsterinsights_skip_tracking":false,"_monsterinsights_sitenote_active":false,"_monsterinsights_sitenote_note":"","_monsterinsights_sitenote_category":0},"product_brand":[],"product_cat":[12364,12376],"product_tag":[],"class_list":{"0":"post-757128","1":"product","2":"type-product","3":"status-publish","5":"product_cat-genel-konular","6":"product_cat-kisisel-gelisim","7":"pa_cilt-ciltsiz","8":"pa_tur-kitap","9":"pa_yayinevi-muptela-yayinevi","10":"pa_yazar-ebru-ceylan-cap","12":"first","13":"instock","14":"sale","15":"shipping-taxable","16":"purchasable","17":"product-type-simple"},"_links":{"self":[{"href":"https:\/\/roveyayinevi.com.tr\/index.php\/wp-json\/wp\/v2\/product\/757128","targetHints":{"allow":["GET"]}}],"collection":[{"href":"https:\/\/roveyayinevi.com.tr\/index.php\/wp-json\/wp\/v2\/product"}],"about":[{"href":"https:\/\/roveyayinevi.com.tr\/index.php\/wp-json\/wp\/v2\/types\/product"}],"wp:attachment":[{"href":"https:\/\/roveyayinevi.com.tr\/index.php\/wp-json\/wp\/v2\/media?parent=757128"}],"wp:term":[{"taxonomy":"product_brand","embeddable":true,"href":"https:\/\/roveyayinevi.com.tr\/index.php\/wp-json\/wp\/v2\/product_brand?post=757128"},{"taxonomy":"product_cat","embeddable":true,"href":"https:\/\/roveyayinevi.com.tr\/index.php\/wp-json\/wp\/v2\/product_cat?post=757128"},{"taxonomy":"product_tag","embeddable":true,"href":"https:\/\/roveyayinevi.com.tr\/index.php\/wp-json\/wp\/v2\/product_tag?post=757128"}],"curies":[{"name":"wp","href":"https:\/\/api.w.org\/{rel}","templated":true}]}}