{"id":757127,"date":"2025-08-28T07:27:37","date_gmt":"2025-08-28T04:27:37","guid":{"rendered":"https:\/\/roveyayinevi.com.tr\/index.php\/urun\/geride-biraktigim-sozcukler\/"},"modified":"2026-04-16T03:10:05","modified_gmt":"2026-04-16T00:10:05","slug":"geride-biraktigim-sozcukler","status":"publish","type":"product","link":"https:\/\/roveyayinevi.com.tr\/index.php\/urun\/geride-biraktigim-sozcukler\/","title":{"rendered":"Geride B\u0131rakt\u0131\u011f\u0131m S\u00d6zc\u00fckler"},"content":{"rendered":"<p>\u00c7a\u011fda\u015f \u00e7ocuk edebiyat\u0131n\u0131n \u00f6nemli yazarlar\u0131ndan Nazl\u0131 Deniz G\u00fcler, \u00f6yk\u00fcleriyle ad\u0131ndan bile \u00e7ekinilen bir konuyu ele al\u0131yor: Ayr\u0131l\u0131k. Geride B\u0131rakt\u0131\u011f\u0131m S\u00f6zc\u00fckler, anlamaya \u00e7al\u0131\u015fman\u0131n her \u015feye \u00e7are olabilece\u011fini, ba\u015flang\u0131\u00e7lardan korkmaya gerek olmad\u0131\u011f\u0131n\u0131 g\u00f6steriyor. \u201cYak\u0131nda g\u00fcne\u015f yeniden a\u00e7acak,\u201d dedirten \u00f6yk\u00fcler\u2026 <\/p>\n","protected":false},"excerpt":{"rendered":"<p>\u00c7a\u011fda\u015f \u00e7ocuk edebiyat\u0131n\u0131n \u00f6nemli yazarlar\u0131ndan Nazl\u0131 Deniz G\u00fcler, \u00f6yk\u00fcleriyle ad\u0131ndan bile \u00e7ekinilen bir konuyu ele al\u0131yor: Ayr\u0131l\u0131k. Geride B\u0131rakt\u0131\u011f\u0131m S\u00f6zc\u00fckler, anlamaya \u00e7al\u0131\u015fman\u0131n her \u015feye \u00e7are olabilece\u011fini,<span class=\"excerpt-hellip\"> [\u2026]<\/span><\/p>\n","protected":false},"featured_media":0,"template":"","meta":{"_monsterinsights_skip_tracking":false,"_monsterinsights_sitenote_active":false,"_monsterinsights_sitenote_note":"","_monsterinsights_sitenote_category":0},"product_brand":[],"product_cat":[12274,12284],"product_tag":[],"class_list":{"0":"post-757127","1":"product","2":"type-product","3":"status-publish","5":"product_cat-cocuk-ve-genclik-kitaplari","6":"product_cat-hikayeler","7":"pa_cilt-ciltsiz","8":"pa_tur-kitap","9":"pa_yayinevi-cinar-yayinlari","10":"pa_yazar-nazli-deniz-guler","12":"first","13":"instock","14":"sale","15":"shipping-taxable","16":"purchasable","17":"product-type-simple"},"_links":{"self":[{"href":"https:\/\/roveyayinevi.com.tr\/index.php\/wp-json\/wp\/v2\/product\/757127","targetHints":{"allow":["GET"]}}],"collection":[{"href":"https:\/\/roveyayinevi.com.tr\/index.php\/wp-json\/wp\/v2\/product"}],"about":[{"href":"https:\/\/roveyayinevi.com.tr\/index.php\/wp-json\/wp\/v2\/types\/product"}],"wp:attachment":[{"href":"https:\/\/roveyayinevi.com.tr\/index.php\/wp-json\/wp\/v2\/media?parent=757127"}],"wp:term":[{"taxonomy":"product_brand","embeddable":true,"href":"https:\/\/roveyayinevi.com.tr\/index.php\/wp-json\/wp\/v2\/product_brand?post=757127"},{"taxonomy":"product_cat","embeddable":true,"href":"https:\/\/roveyayinevi.com.tr\/index.php\/wp-json\/wp\/v2\/product_cat?post=757127"},{"taxonomy":"product_tag","embeddable":true,"href":"https:\/\/roveyayinevi.com.tr\/index.php\/wp-json\/wp\/v2\/product_tag?post=757127"}],"curies":[{"name":"wp","href":"https:\/\/api.w.org\/{rel}","templated":true}]}}