{"id":757125,"date":"2025-08-28T07:27:33","date_gmt":"2025-08-28T04:27:33","guid":{"rendered":"https:\/\/roveyayinevi.com.tr\/index.php\/urun\/charles-dexter-ward-vakasi\/"},"modified":"2026-04-16T03:10:05","modified_gmt":"2026-04-16T00:10:05","slug":"charles-dexter-ward-vakasi","status":"publish","type":"product","link":"https:\/\/roveyayinevi.com.tr\/index.php\/urun\/charles-dexter-ward-vakasi\/","title":{"rendered":"Charles Dexter Ward Vakas\u0131"},"content":{"rendered":"<p>\u201cCharles Dexter Ward Vakas\u0131 insan\u0131 deh\u015fete d\u00fc\u015f\u00fcren Lovecraft eserlerinin ba\u015f\u0131nda geliyor.\u201d \u2014Stuart Gordon   Roger Corman\u2019\u0131n The Haunted Palace ve Lucio Fulci\u2019nin The Beyond gibi klasik korku filmlerine ilham kayna\u011f\u0131 olan Charles Dexter Ward Vakas\u0131, H. P. Lovecraft\u2019\u0131n en uzun eseri ve \u00f6k\u00fclt edebiyat\u0131n en \u00f6nemli \u00f6rneklerinden biri.   Charles Dexter Ward yirmili ya\u015flar\u0131n\u0131n ortas\u0131nda, New Englandl\u0131 zeki bir antikac\u0131d\u0131r. Karanl\u0131k yanlar\u0131 olan bir b\u00fcy\u00fcc\u00fc oldu\u011fu iddia edilen uzak atas\u0131 Joseph Curwen\u2019\u0131 tak\u0131nt\u0131 h\u00e2line getiren bu gen\u00e7 adam kabala ve simya \u00fczerine \u00e7al\u0131\u015farak Curwen\u2019\u0131 diriltmeye \u00e7al\u0131\u015f\u0131r. Yapt\u0131\u011f\u0131 rit\u00fceller s\u0131ras\u0131nda korkun\u00e7 bir d\u00fcnyan\u0131n kap\u0131lar\u0131n\u0131 a\u00e7an Charles Dexter Ward bilinmeyen bir deh\u015fetin sokaklarda kol gezmeye ba\u015flamas\u0131na sebep olacakt\u0131r.   Geri g\u00f6nderemeyece\u011fin \u015feyi \u00e7a\u011f\u0131rma. <\/p>\n","protected":false},"excerpt":{"rendered":"<p>\u201cCharles Dexter Ward Vakas\u0131 insan\u0131 deh\u015fete d\u00fc\u015f\u00fcren Lovecraft eserlerinin ba\u015f\u0131nda geliyor.\u201d \u2014Stuart Gordon Roger Corman\u2019\u0131n The Haunted Palace ve Lucio Fulci\u2019nin The Beyond gibi klasik korku<span class=\"excerpt-hellip\"> [\u2026]<\/span><\/p>\n","protected":false},"featured_media":0,"template":"","meta":{"_monsterinsights_skip_tracking":false,"_monsterinsights_sitenote_active":false,"_monsterinsights_sitenote_note":"","_monsterinsights_sitenote_category":0},"product_brand":[],"product_cat":[12291,17033],"product_tag":[],"class_list":{"0":"post-757125","1":"product","2":"type-product","3":"status-publish","5":"product_cat-edebiyat","6":"product_cat-korku-gerilim","7":"pa_cilt-ciltsiz","8":"pa_tur-kitap","9":"pa_yayinevi-ithaki-yayinlari","10":"pa_yazar-h-p-lovecraft","12":"first","13":"instock","14":"sale","15":"shipping-taxable","16":"purchasable","17":"product-type-simple"},"_links":{"self":[{"href":"https:\/\/roveyayinevi.com.tr\/index.php\/wp-json\/wp\/v2\/product\/757125","targetHints":{"allow":["GET"]}}],"collection":[{"href":"https:\/\/roveyayinevi.com.tr\/index.php\/wp-json\/wp\/v2\/product"}],"about":[{"href":"https:\/\/roveyayinevi.com.tr\/index.php\/wp-json\/wp\/v2\/types\/product"}],"wp:attachment":[{"href":"https:\/\/roveyayinevi.com.tr\/index.php\/wp-json\/wp\/v2\/media?parent=757125"}],"wp:term":[{"taxonomy":"product_brand","embeddable":true,"href":"https:\/\/roveyayinevi.com.tr\/index.php\/wp-json\/wp\/v2\/product_brand?post=757125"},{"taxonomy":"product_cat","embeddable":true,"href":"https:\/\/roveyayinevi.com.tr\/index.php\/wp-json\/wp\/v2\/product_cat?post=757125"},{"taxonomy":"product_tag","embeddable":true,"href":"https:\/\/roveyayinevi.com.tr\/index.php\/wp-json\/wp\/v2\/product_tag?post=757125"}],"curies":[{"name":"wp","href":"https:\/\/api.w.org\/{rel}","templated":true}]}}