{"id":757124,"date":"2025-08-28T07:27:30","date_gmt":"2025-08-28T04:27:30","guid":{"rendered":"https:\/\/roveyayinevi.com.tr\/index.php\/urun\/kan-mevsimi-ciltli-2\/"},"modified":"2026-04-16T03:10:04","modified_gmt":"2026-04-16T00:10:04","slug":"kan-mevsimi-ciltli-2","status":"publish","type":"product","link":"https:\/\/roveyayinevi.com.tr\/index.php\/urun\/kan-mevsimi-ciltli-2\/","title":{"rendered":"Kan Mevsimi (Ciltli)"},"content":{"rendered":"<p>RUSLAN   Bir vampirin a\u015fk\u0131n\u0131n zalimlik ve ba\u011f\u0131ml\u0131l\u0131ktan ibaret oldu\u011funu \u0130lay&#8217;la tan\u0131\u015fana kadar bilmiyordu. Bu a\u015fk en ba\u015fta kendi \u00f6l\u00fcm\u00fcyle sonu\u00e7land\u0131.   \u0130LAY   Yeni birisini d\u00f6n\u00fc\u015ft\u00fcrmekten menedilmi\u015fti. Ancak Ruslan&#8217;\u0131 \u00f6l\u00fcme terk edemeyecek kadar \u00e7ok seviyordu. Sevgilisini geri getirdi\u011finde cezalar\u0131 sonsuza dek ayr\u0131 kalmalar\u0131 oldu.   L\u0130KYA ve KARYA     Ayn\u0131 oday\u0131 dahi payla\u015fmakta g\u00fc\u00e7l\u00fck \u00e7eken ikiz k\u0131z karde\u015flerdi. Bulan\u0131k bir ge\u00e7mi\u015f ve talihsiz bir kaza sonucu ayn\u0131 bedene s\u0131k\u0131\u015f\u0131p kald\u0131lar.     \u0130STANBUL\u2019UN YETENEKL\u0130 VAMP\u0130RLER\u0130N\u0130 HEDEF ALAN B\u0130R KAT\u0130L\u0130N SER\u0130 C\u0130NAYETLER\u0130 \u0130LE KAN \u00c7\u0130SELEMEYE BA\u015eLADI. FAKAT, ASIL KAN MEVS\u0130M\u0130\u2019N\u0130 GET\u0130RENLER, \u00d6L\u00dcM KALIM SAVA\u015eINDA YOLLARI KE\u015e\u0130SEN BU \u00dc\u00c7L\u00dc OLACAKTI.   *Uyar\u0131: Cinsel sahneler ve argo kelimeler i\u00e7erir. Yeti\u015fkin okurlar i\u00e7indir. <\/p>\n","protected":false},"excerpt":{"rendered":"<p>RUSLAN Bir vampirin a\u015fk\u0131n\u0131n zalimlik ve ba\u011f\u0131ml\u0131l\u0131ktan ibaret oldu\u011funu \u0130lay&#8217;la tan\u0131\u015fana kadar bilmiyordu. Bu a\u015fk en ba\u015fta kendi \u00f6l\u00fcm\u00fcyle sonu\u00e7land\u0131. \u0130LAY Yeni birisini d\u00f6n\u00fc\u015ft\u00fcrmekten menedilmi\u015fti. Ancak<span class=\"excerpt-hellip\"> [\u2026]<\/span><\/p>\n","protected":false},"featured_media":0,"template":"","meta":{"_monsterinsights_skip_tracking":false,"_monsterinsights_sitenote_active":false,"_monsterinsights_sitenote_note":"","_monsterinsights_sitenote_category":0},"product_brand":[],"product_cat":[12291,12711],"product_tag":[],"class_list":{"0":"post-757124","1":"product","2":"type-product","3":"status-publish","5":"product_cat-edebiyat","6":"product_cat-roman-oyku","7":"pa_cilt-ciltli","8":"pa_tur-kitap","9":"pa_yayinevi-ephesus-yayinlari","10":"pa_yazar-ekin-s-koch","12":"first","13":"instock","14":"sale","15":"shipping-taxable","16":"purchasable","17":"product-type-simple"},"_links":{"self":[{"href":"https:\/\/roveyayinevi.com.tr\/index.php\/wp-json\/wp\/v2\/product\/757124","targetHints":{"allow":["GET"]}}],"collection":[{"href":"https:\/\/roveyayinevi.com.tr\/index.php\/wp-json\/wp\/v2\/product"}],"about":[{"href":"https:\/\/roveyayinevi.com.tr\/index.php\/wp-json\/wp\/v2\/types\/product"}],"wp:attachment":[{"href":"https:\/\/roveyayinevi.com.tr\/index.php\/wp-json\/wp\/v2\/media?parent=757124"}],"wp:term":[{"taxonomy":"product_brand","embeddable":true,"href":"https:\/\/roveyayinevi.com.tr\/index.php\/wp-json\/wp\/v2\/product_brand?post=757124"},{"taxonomy":"product_cat","embeddable":true,"href":"https:\/\/roveyayinevi.com.tr\/index.php\/wp-json\/wp\/v2\/product_cat?post=757124"},{"taxonomy":"product_tag","embeddable":true,"href":"https:\/\/roveyayinevi.com.tr\/index.php\/wp-json\/wp\/v2\/product_tag?post=757124"}],"curies":[{"name":"wp","href":"https:\/\/api.w.org\/{rel}","templated":true}]}}