{"id":757123,"date":"2025-08-28T07:27:29","date_gmt":"2025-08-28T04:27:29","guid":{"rendered":"https:\/\/roveyayinevi.com.tr\/index.php\/urun\/begumun-nesi-var-sen-de-oku\/"},"modified":"2026-04-16T03:10:04","modified_gmt":"2026-04-16T00:10:04","slug":"begumun-nesi-var-sen-de-oku","status":"publish","type":"product","link":"https:\/\/roveyayinevi.com.tr\/index.php\/urun\/begumun-nesi-var-sen-de-oku\/","title":{"rendered":"Beg\u00fcm&#8217;\u00fcn Nesi Var? Sen de Oku"},"content":{"rendered":"<p>Beg\u00fcm&#8217;\u00fcn yan\u0131na oturmak ya da oturmamak. \u0130\u015fte b\u00fct\u00fcn mesele bu!\u00d6d\u00fcll\u00fc yazar Anne Fine&#8217;\u0131n &#8221;SEN de OKU&#8221; koleksiyonu i\u00e7in yazd\u0131\u011f\u0131 Beg\u00fcm&#8217;\u00fcn Nesi Var?, yersiz korku ve endi\u015felerden \u00f6zg\u00fcrle\u015fip \u00e2n\u0131n tad\u0131n\u0131 \u00e7\u0131karmak \u00fczerine muzip bir \u00f6yk\u00fc.\u00d6\u011frencilerin s\u0131n\u0131f i\u00e7in ili\u015fki dinamiklerini ve \u00f6\u011fretmenleriyle ileti\u015fimini mizahi bir \u00fcslupla ele alan bu ne\u015feli kitap, kar\u015f\u0131m\u0131zdakini dikkatli dinledi\u011fimizde onu \u00e7ok daha iyi tan\u0131yabilece\u011fimizi vurguluyor.Siyahla beyaz kadar birbirine z\u0131t iki \u00e7ocu\u011fun aras\u0131ndaki buzlar\u0131 ho\u015fg\u00f6r\u00fcn\u00fcn g\u00fcc\u00fcyle eriten kitap, \u00f6nyarg\u0131ya ve ayr\u0131mc\u0131l\u0131\u011fa maruz kalman\u0131n nedenleri ve sonu\u00e7lar\u0131 hakk\u0131nda d\u00fc\u015f\u00fcnd\u00fcr\u00fcyor.  Beg\u00fcm s\u0131n\u0131f\u0131n en \u00f6zg\u00fcvenli, en bilmi\u015f, en becerikli veee en KORKULAN \u00f6\u011frencisi! Bunu kim mi s\u00f6yl\u00fcyor? \u015eeyy, asl\u0131nda t\u00fcm s\u0131n\u0131f ama nedense kimsenin a\u00e7\u0131k a\u00e7\u0131k dile getirmeye cesareti yok. Peki, b\u00f6ylesine g\u00f6z \u00f6n\u00fcnde olan birinden korkmak niye? Acaba Beg\u00fcm&#8217;\u00fcn nesi var?Nesi yok ki?Bir kere \u00fcst\u00fcne vazife olmayan her i\u015fe kar\u0131\u015f\u0131yor. Sonra, bak\u0131\u015flar\u0131yla sinir ediyor. En fenas\u0131ysa sesini az\u0131c\u0131k y\u00fckseltti mi herkes haz\u0131r ola ge\u00e7iyor!Evet, itiraf etmek gerekirse Beg\u00fcm az\u0131c\u0131k zor biri ama yine de onunla s\u0131ra arkada\u015f\u0131 olmaya \u00e7ekinilecek bir durum yok ortada&#8230; En az\u0131ndan Kerim \u00d6\u011fretmen \u00f6yle d\u00fc\u015f\u00fcn\u00fcyor. Yoksa bizim At\u0131k, pardon (!) At\u0131f, Beg\u00fcm&#8217;\u00fcn yan\u0131na otursun diye \u0131srarc\u0131 olur muydu hi\u00e7? Akran zorbal\u0131\u011f\u0131n\u0131 oda\u011f\u0131na alan ger\u00e7ek\u00e7i bir \u00f6yk\u00fc anlatan bu matrak kitap okurlar\u0131n\u0131, &#8221;S\u0131n\u0131fta en korktu\u011funuz ki\u015finin yan\u0131na oturmak zorunda kalsan\u0131z ne yapard\u0131n\u0131z?&#8221; sorusu ile ba\u015f ba\u015fa b\u0131rak\u0131yor.Sahi, b\u00f6yle bir durumda ne yapard\u0131n\u0131z?<\/p>\n","protected":false},"excerpt":{"rendered":"<p>Beg\u00fcm&#8217;\u00fcn yan\u0131na oturmak ya da oturmamak. \u0130\u015fte b\u00fct\u00fcn mesele bu!\u00d6d\u00fcll\u00fc yazar Anne Fine&#8217;\u0131n &#8221;SEN de OKU&#8221; koleksiyonu i\u00e7in yazd\u0131\u011f\u0131 Beg\u00fcm&#8217;\u00fcn Nesi Var?, yersiz korku ve endi\u015felerden<span class=\"excerpt-hellip\"> [\u2026]<\/span><\/p>\n","protected":false},"featured_media":0,"template":"","meta":{"_monsterinsights_skip_tracking":false,"_monsterinsights_sitenote_active":false,"_monsterinsights_sitenote_note":"","_monsterinsights_sitenote_category":0},"product_brand":[],"product_cat":[12274],"product_tag":[],"class_list":{"0":"post-757123","1":"product","2":"type-product","3":"status-publish","5":"product_cat-cocuk-ve-genclik-kitaplari","6":"pa_cilt-ciltsiz","7":"pa_tur-kitap","8":"pa_yayinevi-tudem-yayinlari","9":"pa_yazar-anne-fine","11":"first","12":"instock","13":"sale","14":"shipping-taxable","15":"purchasable","16":"product-type-simple"},"_links":{"self":[{"href":"https:\/\/roveyayinevi.com.tr\/index.php\/wp-json\/wp\/v2\/product\/757123","targetHints":{"allow":["GET"]}}],"collection":[{"href":"https:\/\/roveyayinevi.com.tr\/index.php\/wp-json\/wp\/v2\/product"}],"about":[{"href":"https:\/\/roveyayinevi.com.tr\/index.php\/wp-json\/wp\/v2\/types\/product"}],"wp:attachment":[{"href":"https:\/\/roveyayinevi.com.tr\/index.php\/wp-json\/wp\/v2\/media?parent=757123"}],"wp:term":[{"taxonomy":"product_brand","embeddable":true,"href":"https:\/\/roveyayinevi.com.tr\/index.php\/wp-json\/wp\/v2\/product_brand?post=757123"},{"taxonomy":"product_cat","embeddable":true,"href":"https:\/\/roveyayinevi.com.tr\/index.php\/wp-json\/wp\/v2\/product_cat?post=757123"},{"taxonomy":"product_tag","embeddable":true,"href":"https:\/\/roveyayinevi.com.tr\/index.php\/wp-json\/wp\/v2\/product_tag?post=757123"}],"curies":[{"name":"wp","href":"https:\/\/api.w.org\/{rel}","templated":true}]}}