{"id":757122,"date":"2025-08-28T07:27:27","date_gmt":"2025-08-28T04:27:27","guid":{"rendered":"https:\/\/roveyayinevi.com.tr\/index.php\/urun\/eski-baskanin-klozeti\/"},"modified":"2026-04-16T03:10:04","modified_gmt":"2026-04-16T00:10:04","slug":"eski-baskanin-klozeti","status":"publish","type":"product","link":"https:\/\/roveyayinevi.com.tr\/index.php\/urun\/eski-baskanin-klozeti\/","title":{"rendered":"Eski Ba\u015fkan\u0131n Klozeti"},"content":{"rendered":"<p>Kasaban\u0131n yeni ba\u015fkan\u0131 \u201cBak\u0131n i\u015fte nas\u0131l kazand\u0131m. Ben ba\u015fkan\u0131m!\u201d diye, parma\u011f\u0131n\u0131 sallad\u0131, belediye \u00e7al\u0131\u015fanlar\u0131na.  \u00d6nceki ve daha \u00f6nceki ba\u015fkanlar\u0131n d\u00f6neminde i\u015fe al\u0131nanlar tedirgin halleriyle izlediler yeni ba\u015fkan\u0131. Kimilerinin kafas\u0131nda kap\u0131 \u00f6n\u00fcne konmak, yani i\u015ften at\u0131lmak gibi korkulu d\u00fc\u015f\u00fcnceler vard\u0131. Yeni se\u00e7ilen ba\u015fkan ile \u00f6nceki ba\u015fkan ayn\u0131 partiye mensup iki \u015fah\u0131st\u0131. Eski ba\u015fkan aday olmam\u0131\u015ft\u0131. Yeni ba\u015fkan se\u00e7ilmi\u015fti. Ba\u015fkan de\u011fi\u015fmi\u015fti ancak parti de\u011fi\u015fmemi\u015fti. B\u00f6yle oldu\u011fu halde yeni se\u00e7ilen ba\u015fkan\u0131n eski ba\u015fkana kar\u015f\u0131 m\u00fcthi\u015f bir g\u0131c\u0131kl\u0131\u011f\u0131 vard\u0131. Eski ba\u015fkan ile aralar\u0131nda eskiden meydana gelen \u00e7eki\u015fmeler, zamanla ba\u015fka bir boyuta ge\u00e7mi\u015fti. Aralar\u0131ndaki her \u015fey i\u00e7inde \u201ckin ve nefret\u201d bar\u0131nd\u0131ran bir kan davas\u0131na d\u00f6n\u00fc\u015fm\u00fc\u015ft\u00fc. Birbirlerinin isimlerini bir k\u00e2\u011f\u0131t \u00fczerinde g\u00f6rmeleri bile kendilerini \u00e7\u0131lg\u0131na \u00e7eviriyordu. O k\u00e2\u011f\u0131d\u0131 y\u0131rt\u0131p \u00e7\u00f6pe atmak bile yetmiyordu. \u00c7akma\u011f\u0131 \u00e7ak\u0131p yak\u0131yor, k\u00fcl\u00fcn\u00fc bile pencereden savuruyordu. B\u00f6yle k\u00e2\u011f\u0131tlar\u0131 yakmak i\u00e7in sigara i\u00e7medi\u011fi halde cebinde \u00e7akmak ta\u015f\u0131yordu yeni ba\u015fkan. Yeni ba\u015fkan, koltu\u011funa oturur oturmaz, odas\u0131nda eski ba\u015fkana ait ne varsa her \u015feyi ortadan kald\u0131rtt\u0131. \u00d6nce oturdu\u011fu koltuktan birden f\u0131rlad\u0131. Eski ba\u015fkan\u0131n oturdu\u011fu koltuk oldu\u011funu anlay\u0131nca bir daha oturmad\u0131. Aya\u011f\u0131ndaki pantolonu bir daha giymedi. O h\u0131zla, koltuk masa, sandalyeler\u2026 Hepsi gitti. Belediye binas\u0131n\u0131n giri\u015finden \u00e7at\u0131s\u0131ndaki havaland\u0131rmaya kadar, eski ba\u015fkanla ilgili her \u015feyi yok ettirdi. Ger\u00e7i yeni belediye binas\u0131n\u0131 da eski ba\u015fkan yapt\u0131rm\u0131\u015ft\u0131. Elinde olsa binay\u0131 y\u0131k\u0131p yeniden yapt\u0131rabilirdi. Bu durumda \u201cBak\u0131rk\u00f6yl\u00fck\u201d a\u011f\u0131r bir olay olurdu. D\u00fc\u015f\u00fcncesi bile tehlikeliydi. Yine de d\u00fc\u015f\u00fcn\u00fcyordu. <\/p>\n","protected":false},"excerpt":{"rendered":"<p>Kasaban\u0131n yeni ba\u015fkan\u0131 \u201cBak\u0131n i\u015fte nas\u0131l kazand\u0131m. Ben ba\u015fkan\u0131m!\u201d diye, parma\u011f\u0131n\u0131 sallad\u0131, belediye \u00e7al\u0131\u015fanlar\u0131na. \u00d6nceki ve daha \u00f6nceki ba\u015fkanlar\u0131n d\u00f6neminde i\u015fe al\u0131nanlar tedirgin halleriyle izlediler yeni<span class=\"excerpt-hellip\"> [\u2026]<\/span><\/p>\n","protected":false},"featured_media":0,"template":"","meta":{"_monsterinsights_skip_tracking":false,"_monsterinsights_sitenote_active":false,"_monsterinsights_sitenote_note":"","_monsterinsights_sitenote_category":0},"product_brand":[],"product_cat":[12291,12711],"product_tag":[],"class_list":{"0":"post-757122","1":"product","2":"type-product","3":"status-publish","5":"product_cat-edebiyat","6":"product_cat-roman-oyku","7":"pa_cilt-ciltsiz","8":"pa_tur-kitap","9":"pa_yayinevi-vaveyla-yayincilik","10":"pa_yazar-suayip-odabasi","12":"first","13":"instock","14":"sale","15":"shipping-taxable","16":"purchasable","17":"product-type-simple"},"_links":{"self":[{"href":"https:\/\/roveyayinevi.com.tr\/index.php\/wp-json\/wp\/v2\/product\/757122","targetHints":{"allow":["GET"]}}],"collection":[{"href":"https:\/\/roveyayinevi.com.tr\/index.php\/wp-json\/wp\/v2\/product"}],"about":[{"href":"https:\/\/roveyayinevi.com.tr\/index.php\/wp-json\/wp\/v2\/types\/product"}],"wp:attachment":[{"href":"https:\/\/roveyayinevi.com.tr\/index.php\/wp-json\/wp\/v2\/media?parent=757122"}],"wp:term":[{"taxonomy":"product_brand","embeddable":true,"href":"https:\/\/roveyayinevi.com.tr\/index.php\/wp-json\/wp\/v2\/product_brand?post=757122"},{"taxonomy":"product_cat","embeddable":true,"href":"https:\/\/roveyayinevi.com.tr\/index.php\/wp-json\/wp\/v2\/product_cat?post=757122"},{"taxonomy":"product_tag","embeddable":true,"href":"https:\/\/roveyayinevi.com.tr\/index.php\/wp-json\/wp\/v2\/product_tag?post=757122"}],"curies":[{"name":"wp","href":"https:\/\/api.w.org\/{rel}","templated":true}]}}