{"id":757121,"date":"2025-08-28T07:27:25","date_gmt":"2025-08-28T04:27:25","guid":{"rendered":"https:\/\/roveyayinevi.com.tr\/index.php\/urun\/derin-dusunceler\/"},"modified":"2026-04-16T03:10:04","modified_gmt":"2026-04-16T00:10:04","slug":"derin-dusunceler","status":"publish","type":"product","link":"https:\/\/roveyayinevi.com.tr\/index.php\/urun\/derin-dusunceler\/","title":{"rendered":"Derin D\u00fc\u015f\u00fcnceler"},"content":{"rendered":"<p>G\u00f6n\u00fcl gaflet be\u015fi\u011finden uyand\u0131 Uyku tutar mi sevdal\u0131 g\u00f6zler Genler unutuldu kay\u0131p oldu izler Kucak a\u00e7m\u0131\u015f kabir yolumu g\u00f6zler Ge\u00e7mi\u015fim gelece\u011fim hayal oldu<\/p>\n","protected":false},"excerpt":{"rendered":"<p>G\u00f6n\u00fcl gaflet be\u015fi\u011finden uyand\u0131 Uyku tutar mi sevdal\u0131 g\u00f6zler Genler unutuldu kay\u0131p oldu izler Kucak a\u00e7m\u0131\u015f kabir yolumu g\u00f6zler Ge\u00e7mi\u015fim gelece\u011fim hayal oldu<\/p>\n","protected":false},"featured_media":0,"template":"","meta":{"_monsterinsights_skip_tracking":false,"_monsterinsights_sitenote_active":false,"_monsterinsights_sitenote_note":"","_monsterinsights_sitenote_category":0},"product_brand":[],"product_cat":[12291,12509],"product_tag":[],"class_list":{"0":"post-757121","1":"product","2":"type-product","3":"status-publish","5":"product_cat-edebiyat","6":"product_cat-siir","7":"pa_cilt-ciltsiz","8":"pa_tur-kitap","9":"pa_yayinevi-kitap-muptelasi-yayinlari","10":"pa_yazar-muzaffer-bolat","12":"first","13":"instock","14":"sale","15":"shipping-taxable","16":"purchasable","17":"product-type-simple"},"_links":{"self":[{"href":"https:\/\/roveyayinevi.com.tr\/index.php\/wp-json\/wp\/v2\/product\/757121","targetHints":{"allow":["GET"]}}],"collection":[{"href":"https:\/\/roveyayinevi.com.tr\/index.php\/wp-json\/wp\/v2\/product"}],"about":[{"href":"https:\/\/roveyayinevi.com.tr\/index.php\/wp-json\/wp\/v2\/types\/product"}],"wp:attachment":[{"href":"https:\/\/roveyayinevi.com.tr\/index.php\/wp-json\/wp\/v2\/media?parent=757121"}],"wp:term":[{"taxonomy":"product_brand","embeddable":true,"href":"https:\/\/roveyayinevi.com.tr\/index.php\/wp-json\/wp\/v2\/product_brand?post=757121"},{"taxonomy":"product_cat","embeddable":true,"href":"https:\/\/roveyayinevi.com.tr\/index.php\/wp-json\/wp\/v2\/product_cat?post=757121"},{"taxonomy":"product_tag","embeddable":true,"href":"https:\/\/roveyayinevi.com.tr\/index.php\/wp-json\/wp\/v2\/product_tag?post=757121"}],"curies":[{"name":"wp","href":"https:\/\/api.w.org\/{rel}","templated":true}]}}