{"id":757120,"date":"2025-08-28T07:27:23","date_gmt":"2025-08-28T04:27:23","guid":{"rendered":"https:\/\/roveyayinevi.com.tr\/index.php\/urun\/kisisel-gelisim-ve-motivasyon\/"},"modified":"2026-04-12T03:14:21","modified_gmt":"2026-04-12T00:14:21","slug":"kisisel-gelisim-ve-motivasyon","status":"publish","type":"product","link":"https:\/\/roveyayinevi.com.tr\/index.php\/urun\/kisisel-gelisim-ve-motivasyon\/","title":{"rendered":"Ki\u015fisel Geli\u015fim ve Motivasyon"},"content":{"rendered":"<p>Karma\u015f\u0131kl\u0131\u011f\u0131nda ayd\u0131nl\u0131\u011f\u0131n\u0131 arayanlar\u0131n umut dolu gizemle \u015fa\u015f\u0131rt\u0131c\u0131 bir hayranl\u0131kla kabullenilmeyi bekleyenlerin dura\u011f\u0131d\u0131r..    \u0130\u00e7eri\u011fi tamamen kendisine ait olan fark\u0131ndal\u0131\u011f\u0131n\u0131n ke\u015ffinde uyan\u0131\u015f. Maddi-maneviyat, hastal\u0131klar ruhsal sebebler, miza\u00e7sall\u0131klar hayat\u0131m\u0131z\u0131n par\u00e7as\u0131d\u0131rlar.    Benli\u011finin kabulleni\u015fiyle insan\u0131n kendini ke\u015ffetmesine olanak veren ya\u015famsal d\u00f6ng\u00fcn\u00fcn g\u00fczellikleriyle i\u00e7sel anlatmaya \u00e7al\u0131\u015fmaktad\u0131r.    En b\u00fcy\u00fck \u00e7\u00f6z\u00fcmlemelerin bizde oldu\u011funun ke\u015ffidir..    Tetiklenmeyi bekleyen isten\u00e7siz arzular\u0131m\u0131za gem vurmaks\u0131z\u0131n aray\u0131\u015flar\u0131m\u0131zla y\u00fczle\u015fmektir..    Nihai anlamda ya\u015famsal ihtiya\u00e7lar\u0131m\u0131z\u0131n her ko\u015fulda kar\u015f\u0131lanabilece\u011fini mamafih \u00e7\u00f6z\u00fcmler bulabilme imkan\u0131d\u0131r..    Bilmecelerimizin bitmeyen yan\u0131lsamalar\u0131nda varolu\u015ftur..    Ya\u015fam formunda evrenin \u0131ss\u0131zl\u0131\u011f\u0131nda ke\u015fiftir..    Pes etmeyen ufac\u0131k bir umut her \u015feyden daha g\u00fc\u00e7l\u00fcd\u00fcr. Bir s\u0131rda\u015f\u0131n\u0131n, dostunun, arkada\u015f\u0131n\u0131n akl\u0131na, huzuruna, k\u00f6t\u00fc anlar\u0131nda dahi umudu hat\u0131rlamaya ihtiya\u00e7 duydu\u011funuzda yan\u0131n\u0131zda olmas\u0131n\u0131 dileyece\u011finiz bir kitap\u2026<\/p>\n","protected":false},"excerpt":{"rendered":"<p>Karma\u015f\u0131kl\u0131\u011f\u0131nda ayd\u0131nl\u0131\u011f\u0131n\u0131 arayanlar\u0131n umut dolu gizemle \u015fa\u015f\u0131rt\u0131c\u0131 bir hayranl\u0131kla kabullenilmeyi bekleyenlerin dura\u011f\u0131d\u0131r.. \u0130\u00e7eri\u011fi tamamen kendisine ait olan fark\u0131ndal\u0131\u011f\u0131n\u0131n ke\u015ffinde uyan\u0131\u015f. Maddi-maneviyat, hastal\u0131klar ruhsal sebebler, miza\u00e7sall\u0131klar hayat\u0131m\u0131z\u0131n<span class=\"excerpt-hellip\"> [\u2026]<\/span><\/p>\n","protected":false},"featured_media":0,"template":"","meta":{"_monsterinsights_skip_tracking":false,"_monsterinsights_sitenote_active":false,"_monsterinsights_sitenote_note":"","_monsterinsights_sitenote_category":0},"product_brand":[],"product_cat":[12364,12376],"product_tag":[],"class_list":{"0":"post-757120","1":"product","2":"type-product","3":"status-publish","5":"product_cat-genel-konular","6":"product_cat-kisisel-gelisim","7":"pa_cilt-ciltsiz","8":"pa_tur-kitap","9":"pa_yayinevi-kitap-muptelasi-yayinlari","10":"pa_yazar-volkan-yasar-berber","12":"first","13":"instock","14":"sale","15":"shipping-taxable","16":"purchasable","17":"product-type-simple"},"_links":{"self":[{"href":"https:\/\/roveyayinevi.com.tr\/index.php\/wp-json\/wp\/v2\/product\/757120","targetHints":{"allow":["GET"]}}],"collection":[{"href":"https:\/\/roveyayinevi.com.tr\/index.php\/wp-json\/wp\/v2\/product"}],"about":[{"href":"https:\/\/roveyayinevi.com.tr\/index.php\/wp-json\/wp\/v2\/types\/product"}],"wp:attachment":[{"href":"https:\/\/roveyayinevi.com.tr\/index.php\/wp-json\/wp\/v2\/media?parent=757120"}],"wp:term":[{"taxonomy":"product_brand","embeddable":true,"href":"https:\/\/roveyayinevi.com.tr\/index.php\/wp-json\/wp\/v2\/product_brand?post=757120"},{"taxonomy":"product_cat","embeddable":true,"href":"https:\/\/roveyayinevi.com.tr\/index.php\/wp-json\/wp\/v2\/product_cat?post=757120"},{"taxonomy":"product_tag","embeddable":true,"href":"https:\/\/roveyayinevi.com.tr\/index.php\/wp-json\/wp\/v2\/product_tag?post=757120"}],"curies":[{"name":"wp","href":"https:\/\/api.w.org\/{rel}","templated":true}]}}