{"id":757119,"date":"2025-08-28T07:27:21","date_gmt":"2025-08-28T04:27:21","guid":{"rendered":"https:\/\/roveyayinevi.com.tr\/index.php\/urun\/coban-turkuleri\/"},"modified":"2026-04-16T03:10:04","modified_gmt":"2026-04-16T00:10:04","slug":"coban-turkuleri","status":"publish","type":"product","link":"https:\/\/roveyayinevi.com.tr\/index.php\/urun\/coban-turkuleri\/","title":{"rendered":"\u00c7oban T\u00fcrk\u00fcleri"},"content":{"rendered":"<p>Vergilius, \u00e7ocuklu\u011funu k\u00f6y ortam\u0131nda k\u0131rda, bay\u0131rda, korularda k\u00f6y ko\u015fullar\u0131nda, \u00e7ift\u00e7iler, \u00e7obanlar aras\u0131nda \u00e7ift \u00e7ubuk u\u011fra\u015flar\u0131 aras\u0131nda ge\u00e7irmi\u015ftir.   Vergilius, eski Latin ozanlar\u0131na, \u00f6zellikle daha yak\u0131nlarda ya\u015fam\u0131\u015f olan Lucretius ile Catullus\u2019a ilgi duymu\u015ftur. Ancak Yunan Theokritos\u2019u (\u0130\u00d6 3. y\u00fczy\u0131lda ya\u015fam\u0131\u015f Yunan ozan) \u00f6rnek alm\u0131\u015ft\u0131r. Roma\u2019ya memleketinde onun eidyllionlar\u0131n\u0131n izinde yazd\u0131\u011f\u0131 on \u00e7oban \u015fiiriyle gelmi\u015ftir. Ozan\u0131n ilk gen\u00e7lik \u015fiirleri Bucolica \u00fc\u00e7 y\u0131ll\u0131k bir eme\u011fin \u00fcr\u00fcn\u00fcd\u00fcr (\u0130\u00d6 42\/41-39). Vergilius, Theokritos\u2019un \u015fiir t\u00fcr\u00fcn\u00fc Roma edebiyat\u0131na kazand\u0131rm\u0131\u015ft\u0131r.   \u00c7oban T\u00fcrk\u00fcleri, tek ki\u015finin a\u011fz\u0131ndan (2; 4; 6; 10), kar\u015f\u0131l\u0131kl\u0131 konu\u015fma (1; 9), gen\u00e7 \u00e7obanlar\u0131n, s\u00fcr\u00fcleri otlarken, g\u00f6lgede a\u015fk ac\u0131lar\u0131 \u00fczerine s\u00f6z yar\u0131\u015fmalar\u0131 (3; 5; 7; 8) olmak \u00fczere \u00fc\u00e7 b\u00f6l\u00fcm olu\u015fturmaktad\u0131r. \u015eiirler yaz\u0131l\u0131\u015f s\u0131ras\u0131na g\u00f6re de\u011fil, ozan\u0131n ki\u015fisel ve yaz\u0131nsal \u00f6l\u00e7\u00fct\u00fcne g\u00f6re dizilmi\u015ftir. Vergilius bu gen\u00e7lik yap\u0131t\u0131nda Theokritos\u2019tan yararlanm\u0131\u015ft\u0131r ancak t\u00fcm\u00fcyle onun izinden gitmemi\u015ftir. Ortam\u0131, k\u0131r ortam\u0131n\u0131 korumu\u015f, ki\u015fileri, \u00e7obanlar\u0131 Romal\u0131 kimli\u011fine b\u00fcr\u00fcnd\u00fcrm\u00fc\u015ft\u00fcr:   Ne orman tanr\u0131lar\u0131ndan ho\u015flan\u0131yoruz art\u0131k eskisi gibi, ne t\u00fcrk\u00fclerden; \u00e7ekilin \u00f6n\u00fcmden, ormanlar, siz de. (\u2026) A\u015fk her \u015feyi yener: Biz ise boyun e\u011feriz A\u015fka.\u201d Yeterli olacak, tanr\u0131sal esin perileri, ozan\u0131n\u0131z\u0131n oturdu\u011fu yerde ince hatmi dallar\u0131yla k\u00fc\u00e7\u00fck bir sepet \u00f6rerken s\u00f6yledi\u011fi t\u00fcrk\u00fc. <\/p>\n","protected":false},"excerpt":{"rendered":"<p>Vergilius, \u00e7ocuklu\u011funu k\u00f6y ortam\u0131nda k\u0131rda, bay\u0131rda, korularda k\u00f6y ko\u015fullar\u0131nda, \u00e7ift\u00e7iler, \u00e7obanlar aras\u0131nda \u00e7ift \u00e7ubuk u\u011fra\u015flar\u0131 aras\u0131nda ge\u00e7irmi\u015ftir. Vergilius, eski Latin ozanlar\u0131na, \u00f6zellikle daha yak\u0131nlarda ya\u015fam\u0131\u015f olan<span class=\"excerpt-hellip\"> [\u2026]<\/span><\/p>\n","protected":false},"featured_media":0,"template":"","meta":{"_monsterinsights_skip_tracking":false,"_monsterinsights_sitenote_active":false,"_monsterinsights_sitenote_note":"","_monsterinsights_sitenote_category":0},"product_brand":[],"product_cat":[12291],"product_tag":[],"class_list":{"0":"post-757119","1":"product","2":"type-product","3":"status-publish","5":"product_cat-edebiyat","6":"pa_cilt-ciltsiz","7":"pa_tur-kitap","8":"pa_yayinevi-dogu-bati-yayinlari","9":"pa_yazar-publius-vergilius-maro","11":"first","12":"instock","13":"sale","14":"shipping-taxable","15":"purchasable","16":"product-type-simple"},"_links":{"self":[{"href":"https:\/\/roveyayinevi.com.tr\/index.php\/wp-json\/wp\/v2\/product\/757119","targetHints":{"allow":["GET"]}}],"collection":[{"href":"https:\/\/roveyayinevi.com.tr\/index.php\/wp-json\/wp\/v2\/product"}],"about":[{"href":"https:\/\/roveyayinevi.com.tr\/index.php\/wp-json\/wp\/v2\/types\/product"}],"wp:attachment":[{"href":"https:\/\/roveyayinevi.com.tr\/index.php\/wp-json\/wp\/v2\/media?parent=757119"}],"wp:term":[{"taxonomy":"product_brand","embeddable":true,"href":"https:\/\/roveyayinevi.com.tr\/index.php\/wp-json\/wp\/v2\/product_brand?post=757119"},{"taxonomy":"product_cat","embeddable":true,"href":"https:\/\/roveyayinevi.com.tr\/index.php\/wp-json\/wp\/v2\/product_cat?post=757119"},{"taxonomy":"product_tag","embeddable":true,"href":"https:\/\/roveyayinevi.com.tr\/index.php\/wp-json\/wp\/v2\/product_tag?post=757119"}],"curies":[{"name":"wp","href":"https:\/\/api.w.org\/{rel}","templated":true}]}}