{"id":757118,"date":"2025-08-28T07:27:20","date_gmt":"2025-08-28T04:27:20","guid":{"rendered":"https:\/\/roveyayinevi.com.tr\/index.php\/urun\/bhagavadgita\/"},"modified":"2026-04-16T03:10:04","modified_gmt":"2026-04-16T00:10:04","slug":"bhagavadgita","status":"publish","type":"product","link":"https:\/\/roveyayinevi.com.tr\/index.php\/urun\/bhagavadgita\/","title":{"rendered":"Bhagavadgita"},"content":{"rendered":"<p>Yedi y\u00fcz beyitten olu\u015fan Bhagavadg\u012bt\u0101, Hint k\u00fclt\u00fcr\u00fcn\u00fcn en \u00f6nemli eserlerinden biridir. Yaz\u0131l\u0131\u015f tarihi muhtemelen M\u00d6 300 ile 100 tarihleri aras\u0131ndaki bir zaman olarak d\u00fc\u015f\u00fcn\u00fclmektedir. Bu eserde Vedalar\u2019daki Yarat\u0131l\u0131\u015f \u0130l\u00e2hisi\u2019nden etkilerle birlikte Veda d\u00f6neminin g\u00fcne\u015f tanr\u0131s\u0131 Vishnu, alt\u0131 felsefe sisteminden ikisi olan S\u0101mkhya-Yoga, k\u0131rsal kesimin \u00e7oban kahraman\u0131 Krishna ve ondan \u00f6ncesine ait olan V\u0101sudeva k\u00fclt\u00fc, Mah\u0101bh\u0101rata Destan\u0131 karakteri Krishna, Upanishadlar\u2019daki Brahma felsefesi, az da olsa Buddhistik ve hatt\u00e2 materyalist d\u00fc\u015f\u00fcncelerle kar\u0131\u015ft\u0131r\u0131l\u0131p bir potada eritilmi\u015ftir. Dili rafine edilmi\u015f, son derece temiz bir Sanskrittir. Rahat okunur, kolay anla\u015f\u0131l\u0131r, hikmet dolu bir eserdir. Bir\u00e7ok dile \u00e7evrilmi\u015f olan bu eser sadece Hindistan\u2019da de\u011fil, Hindistan d\u0131\u015f\u0131ndaki bir\u00e7ok \u00fclkede be\u011fenilerek okunmakta, baz\u0131lar\u0131 i\u00e7in ba\u015fucu kitab\u0131 niteli\u011fi ta\u015f\u0131maktad\u0131r.   Eserde tanr\u0131, ruh ve yeniden do\u011fu\u015flardan olu\u015fan bir felsefe ak\u0131c\u0131 bir dille anlat\u0131l\u0131r. Bu felsefi diyalog, Kuru-P\u0101ndava sava\u015f\u0131n\u0131n \u00f6ncesinde, sava\u015f alan\u0131nda yap\u0131l\u0131r. Bhagavadg\u012bt\u0101, Mah\u0101bh\u0101rata Destan\u0131\u2019n\u0131n Bh\u012bshmaparvan b\u00f6l\u00fcm\u00fcn\u00fcn bir alt b\u00f6l\u00fcm\u00fcd\u00fcr. Bu eserin neden buraya yerle\u015ftirildi\u011fi tam olarak bilinmemekle birlikte, muhtemelen \u201c\u00f6l\u00fcm ve ya\u015fam\u0131 sorgulatan bir sava\u015f\u0131n\u201d buna neden oldu\u011fu s\u00f6ylenebilir.   Eserde Krishna\u2019n\u0131n Arcuna\u2019ya s\u00f6yledi\u011fi ilk can al\u0131c\u0131 c\u00fcmle \u015f\u00f6yledir: \u201cAsl\u0131nda benim, senin ve bu krallar\u0131n olmad\u0131\u011f\u0131 bir zaman hi\u00e7 olmad\u0131; bundan sonra da hepimiz b\u00fct\u00fcn zamanlarda olaca\u011f\u0131z.\u201d   Bundan sonra bilgelik dolu c\u00fcmleler eser boyunca birbiri arkas\u0131ndan gelir. <\/p>\n","protected":false},"excerpt":{"rendered":"<p>Yedi y\u00fcz beyitten olu\u015fan Bhagavadg\u012bt\u0101, Hint k\u00fclt\u00fcr\u00fcn\u00fcn en \u00f6nemli eserlerinden biridir. Yaz\u0131l\u0131\u015f tarihi muhtemelen M\u00d6 300 ile 100 tarihleri aras\u0131ndaki bir zaman olarak d\u00fc\u015f\u00fcn\u00fclmektedir. Bu eserde<span class=\"excerpt-hellip\"> [\u2026]<\/span><\/p>\n","protected":false},"featured_media":0,"template":"","meta":{"_monsterinsights_skip_tracking":false,"_monsterinsights_sitenote_active":false,"_monsterinsights_sitenote_note":"","_monsterinsights_sitenote_category":0},"product_brand":[],"product_cat":[12718,16794],"product_tag":[],"class_list":{"0":"post-757118","1":"product","2":"type-product","3":"status-publish","5":"product_cat-din","6":"product_cat-dinler-tarihi","7":"pa_cilt-ciltsiz","8":"pa_tur-kitap","9":"pa_yayinevi-dogu-bati-yayinlari","10":"pa_yazar-kolektif","12":"first","13":"instock","14":"sale","15":"shipping-taxable","16":"purchasable","17":"product-type-simple"},"_links":{"self":[{"href":"https:\/\/roveyayinevi.com.tr\/index.php\/wp-json\/wp\/v2\/product\/757118","targetHints":{"allow":["GET"]}}],"collection":[{"href":"https:\/\/roveyayinevi.com.tr\/index.php\/wp-json\/wp\/v2\/product"}],"about":[{"href":"https:\/\/roveyayinevi.com.tr\/index.php\/wp-json\/wp\/v2\/types\/product"}],"wp:attachment":[{"href":"https:\/\/roveyayinevi.com.tr\/index.php\/wp-json\/wp\/v2\/media?parent=757118"}],"wp:term":[{"taxonomy":"product_brand","embeddable":true,"href":"https:\/\/roveyayinevi.com.tr\/index.php\/wp-json\/wp\/v2\/product_brand?post=757118"},{"taxonomy":"product_cat","embeddable":true,"href":"https:\/\/roveyayinevi.com.tr\/index.php\/wp-json\/wp\/v2\/product_cat?post=757118"},{"taxonomy":"product_tag","embeddable":true,"href":"https:\/\/roveyayinevi.com.tr\/index.php\/wp-json\/wp\/v2\/product_tag?post=757118"}],"curies":[{"name":"wp","href":"https:\/\/api.w.org\/{rel}","templated":true}]}}