{"id":757115,"date":"2025-08-28T07:27:15","date_gmt":"2025-08-28T04:27:15","guid":{"rendered":"https:\/\/roveyayinevi.com.tr\/index.php\/urun\/eldorado\/"},"modified":"2026-04-15T03:21:26","modified_gmt":"2026-04-15T00:21:26","slug":"eldorado","status":"publish","type":"product","link":"https:\/\/roveyayinevi.com.tr\/index.php\/urun\/eldorado\/","title":{"rendered":"Eldorado"},"content":{"rendered":"<p>G\u00fcn\u00fcm\u00fcz\u00fcn hayli trajik g\u00f6\u00e7 ve m\u00fclteci krizini de konu eden, talihin, sabr\u0131n ve umudun hik\u00e2yesi Eldorado, 2004 y\u0131l\u0131nda Fransa\u2019n\u0131n prestijli Goncourt \u00d6d\u00fcl\u00fc\u2019n\u00fc ald\u0131.   Kaptan Salvatore Piracci, Avrupa\u2019ya ula\u015fmaya \u00e7al\u0131\u015fan Afrikal\u0131 g\u00f6\u00e7menlerle dolu gemileri durdurup onlar\u0131n ilerlemelerini engelleyerek yirmi y\u0131ld\u0131r \u0130talya k\u0131y\u0131lar\u0131nda s\u0131n\u0131r devriyeli\u011fi yapmaktad\u0131r. Ancak gemilerden birinde \u00f6len o\u011flunun yas\u0131n\u0131 tutan ac\u0131 i\u00e7indeki bir anneyle dramatik bir \u015fekilde y\u00fczle\u015fince g\u00f6revinin me\u015fruiyetini sorgulamaya ve sonras\u0131nda da gitgide vicdan azab\u0131yla dolmaya ba\u015flar.   Di\u011fer tarafta, iki erkek karde\u015f Sudan\u2019dan ka\u00e7\u0131p Avrupa\u2019ya g\u00f6\u00e7 edebilmek i\u00e7in tehlikeli bir yolculu\u011fa \u00e7\u0131kma haz\u0131rl\u0131\u011f\u0131 i\u00e7indedir. B\u00fcy\u00fck engellerle dolu bu yolda k\u00fc\u00e7\u00fck karde\u015f S\u00fcleyman, a\u011fabeyinden ayr\u0131 d\u00fc\u015fer ve onu kaybeder ancak hedefine ula\u015fmaya, sonras\u0131nda da a\u011fabeyini aray\u0131p bulmaya kararl\u0131d\u0131r.   T\u00fcm d\u00fcnyada g\u00f6\u00e7 ve etnik kimlik tart\u0131\u015fmalar\u0131n\u0131n g\u00fcndemden d\u00fc\u015fmedi\u011fi son birka\u00e7 y\u0131lda romanlar\u0131yla uluslararas\u0131 \u00e7apta ilgi g\u00f6ren Laurent Gaud\u00e9, hayat\u0131n\u0131 tehlikeye atmak ve hayallerinden vazge\u00e7mek zorunda kalan insanlar\u0131n e\u015fsiz bir portresini \u00e7iziyor\u2026  \u201cLaurent Gaud\u00e9 \u015fiirsel \u00fcslubuyla antik d\u00f6nem tragedyalar\u0131n\u0131 and\u0131ran etkileyici bir hik\u00e2ye anlat\u0131yor.\u201d L\u2019Express     Yan\u0131lm\u0131\u015f\u0131m. Hi\u00e7bir s\u0131n\u0131r kolay ge\u00e7ilmezmi\u015f. Ard\u0131n\u0131zda mutlaka bir \u015fey b\u0131rakmak zorundaym\u0131\u015fs\u0131n\u0131z. Hi\u00e7 zorluk \u00e7ekmeden s\u0131n\u0131rdan ge\u00e7ebilece\u011fimizi d\u00fc\u015f\u00fcnm\u00fc\u015ft\u00fck ama insan\u0131n \u00fclkesini terk etmesi i\u00e7in etini par\u00e7alamas\u0131 gerekiyormu\u015f. Ve dikenli tel ya da s\u0131n\u0131r askerlerinin olmamas\u0131 durumu de\u011fi\u015ftirmiyormu\u015f. A\u011fabeyimi yar\u0131\u015fta kaybedilen bir ayakkab\u0131 gibi ard\u0131mda b\u0131rakt\u0131m. Hi\u00e7bir s\u0131n\u0131r huzurla ge\u00e7menize izin vermez. Ge\u00e7en herkesi yaralar.   <\/p>\n","protected":false},"excerpt":{"rendered":"<p>G\u00fcn\u00fcm\u00fcz\u00fcn hayli trajik g\u00f6\u00e7 ve m\u00fclteci krizini de konu eden, talihin, sabr\u0131n ve umudun hik\u00e2yesi Eldorado, 2004 y\u0131l\u0131nda Fransa\u2019n\u0131n prestijli Goncourt \u00d6d\u00fcl\u00fc\u2019n\u00fc ald\u0131. Kaptan Salvatore Piracci,<span class=\"excerpt-hellip\"> [\u2026]<\/span><\/p>\n","protected":false},"featured_media":0,"template":"","meta":{"_monsterinsights_skip_tracking":false,"_monsterinsights_sitenote_active":false,"_monsterinsights_sitenote_note":"","_monsterinsights_sitenote_category":0},"product_brand":[],"product_cat":[12291,12711],"product_tag":[],"class_list":{"0":"post-757115","1":"product","2":"type-product","3":"status-publish","5":"product_cat-edebiyat","6":"product_cat-roman-oyku","7":"pa_cilt-ciltsiz","8":"pa_tur-kitap","9":"pa_yayinevi-pegasus-yayinlari","10":"pa_yazar-laurent-gaude","12":"first","13":"instock","14":"sale","15":"shipping-taxable","16":"purchasable","17":"product-type-simple"},"_links":{"self":[{"href":"https:\/\/roveyayinevi.com.tr\/index.php\/wp-json\/wp\/v2\/product\/757115","targetHints":{"allow":["GET"]}}],"collection":[{"href":"https:\/\/roveyayinevi.com.tr\/index.php\/wp-json\/wp\/v2\/product"}],"about":[{"href":"https:\/\/roveyayinevi.com.tr\/index.php\/wp-json\/wp\/v2\/types\/product"}],"wp:attachment":[{"href":"https:\/\/roveyayinevi.com.tr\/index.php\/wp-json\/wp\/v2\/media?parent=757115"}],"wp:term":[{"taxonomy":"product_brand","embeddable":true,"href":"https:\/\/roveyayinevi.com.tr\/index.php\/wp-json\/wp\/v2\/product_brand?post=757115"},{"taxonomy":"product_cat","embeddable":true,"href":"https:\/\/roveyayinevi.com.tr\/index.php\/wp-json\/wp\/v2\/product_cat?post=757115"},{"taxonomy":"product_tag","embeddable":true,"href":"https:\/\/roveyayinevi.com.tr\/index.php\/wp-json\/wp\/v2\/product_tag?post=757115"}],"curies":[{"name":"wp","href":"https:\/\/api.w.org\/{rel}","templated":true}]}}