{"id":757114,"date":"2025-08-28T07:27:14","date_gmt":"2025-08-28T04:27:14","guid":{"rendered":"https:\/\/roveyayinevi.com.tr\/index.php\/urun\/insanlari-kitap-gibi-okuyun\/"},"modified":"2026-02-03T03:24:36","modified_gmt":"2026-02-03T00:24:36","slug":"insanlari-kitap-gibi-okuyun","status":"publish","type":"product","link":"https:\/\/roveyayinevi.com.tr\/index.php\/urun\/insanlari-kitap-gibi-okuyun\/","title":{"rendered":"\u0130nsanlar\u0131 Kitap Gibi Okuyun"},"content":{"rendered":"<p>\u0130nsanlar\u0131n Duygular\u0131n\u0131, D\u00fc\u015f\u00fcncelerini, Niyetlerini ve Davran\u0131\u015flar\u0131n\u0131 Analiz Etmenin, Anlaman\u0131n ve \u00d6ng\u00f6rmenin Yollar\u0131   \u0130nsanlar\u0131 h\u0131zl\u0131ca okuyun, v\u00fccut dillerini yorumlay\u0131n, yalanlar\u0131 tespit edin ve insan do\u011fas\u0131n\u0131 anlay\u0131n.   Tek kelime etmeseler dahi insanlar\u0131 analiz etmek m\u00fcmk\u00fcn m\u00fc? Evet, m\u00fcmk\u00fcn.    Bir \u201czihin okuyucu\u201d olmay\u0131 ve insanlarla derin ba\u011flar kurmay\u0131, onlara hi\u00e7 fark ettirmeden zihinlerine girmeyi \u00f6\u011frenin. \u0130nsanlar\u0131 Kitap Gibi Okuyun, y\u00fcz ifadelerine dayal\u0131 v\u00fccut diline dair al\u0131\u015f\u0131ld\u0131k tarzdaki kitaplardan \u00e7ok farkl\u0131; konusu asl\u0131nda insan psikolojisi ve insan do\u011fas\u0131. Bizi biz yapan, tecr\u00fcbelerimiz ve ge\u00e7mi\u015fimizdir ve bu, davran\u0131\u015flar\u0131m\u0131z ile al\u0131\u015fkanl\u0131klar\u0131m\u0131z\u0131 di\u011fer her \u015feyden daha fazla \u015fekillendirir.   Kendi i\u00e7 d\u00fcnyan\u0131za ve ba\u015fkalar\u0131n\u0131nkine \u015f\u00f6yle bir bak\u0131n, g\u00f6nderdi\u011finiz \u00fcst\u00fc kapal\u0131 sinyallerin fark\u0131na var\u0131n ve duygusal zek\u00e2n\u0131z\u0131 geli\u015ftirin.   \u0130nsanlar\u0131 okuyup analiz etme sanat\u0131, insan do\u011fas\u0131n\u0131 anlama sanat\u0131d\u0131r. Bunu insanlar\u0131n hareketlerini ve kulland\u0131klar\u0131 s\u00f6zc\u00fcklerin ger\u00e7ek anlam\u0131n\u0131 idrak etmenizi sa\u011flayacak bir hile kodu gibi d\u00fc\u015f\u00fcn\u00fcn. \u0130nsanlar\u0131n d\u00fc\u015f\u00fcncelerinin ve ama\u00e7lar\u0131n\u0131n arkas\u0131ndaki \u015fifreyi \u00e7\u00f6zerseniz onlarla istedi\u011finiz \u015fekilde ileti\u015fim kurabilirsiniz.   Bu kitapta insanlar\u0131 etkilemek ve ikna etmek i\u00e7in \u00f6\u011frenmeniz gereken \u00e7ok \u00f6nemli ipu\u00e7lar\u0131 bulacaks\u0131n\u0131z:   \u2022 El kol hareketlerimiz duygular\u0131m\u0131zla ilgili ne s\u00f6yler? \u2022 Bir yalan\u0131 tespit etmek ba\u011flam dikkate al\u0131nmad\u0131\u011f\u0131nda neden o kadar da g\u00fcvenilir de\u011fildir? \u2022 Ki\u015fili\u011fi anlayarak motivasyon hakk\u0131nda nas\u0131l bilgi edinebiliriz? \u2022 \u00c7ok az bilgiyle nas\u0131l \u00e7ok fazla \u00e7\u0131kar\u0131m yapabiliriz? \u2022 Yararlan\u0131lacak ve ka\u00e7\u0131n\u0131lacak g\u00f6z temas\u0131 bi\u00e7imleri nelerdir? <\/p>\n","protected":false},"excerpt":{"rendered":"<p>\u0130nsanlar\u0131n Duygular\u0131n\u0131, D\u00fc\u015f\u00fcncelerini, Niyetlerini ve Davran\u0131\u015flar\u0131n\u0131 Analiz Etmenin, Anlaman\u0131n ve \u00d6ng\u00f6rmenin Yollar\u0131 \u0130nsanlar\u0131 h\u0131zl\u0131ca okuyun, v\u00fccut dillerini yorumlay\u0131n, yalanlar\u0131 tespit edin ve insan do\u011fas\u0131n\u0131 anlay\u0131n. Tek<span class=\"excerpt-hellip\"> [\u2026]<\/span><\/p>\n","protected":false},"featured_media":0,"template":"","meta":{"_monsterinsights_skip_tracking":false,"_monsterinsights_sitenote_active":false,"_monsterinsights_sitenote_note":"","_monsterinsights_sitenote_category":0},"product_brand":[],"product_cat":[12364,12376],"product_tag":[],"class_list":{"0":"post-757114","1":"product","2":"type-product","3":"status-publish","5":"product_cat-genel-konular","6":"product_cat-kisisel-gelisim","7":"pa_cilt-ciltsiz","8":"pa_tur-kitap","9":"pa_yayinevi-pegasus-yayinlari","10":"pa_yazar-patrick-king","12":"first","13":"instock","14":"sale","15":"shipping-taxable","16":"purchasable","17":"product-type-simple"},"_links":{"self":[{"href":"https:\/\/roveyayinevi.com.tr\/index.php\/wp-json\/wp\/v2\/product\/757114","targetHints":{"allow":["GET"]}}],"collection":[{"href":"https:\/\/roveyayinevi.com.tr\/index.php\/wp-json\/wp\/v2\/product"}],"about":[{"href":"https:\/\/roveyayinevi.com.tr\/index.php\/wp-json\/wp\/v2\/types\/product"}],"wp:attachment":[{"href":"https:\/\/roveyayinevi.com.tr\/index.php\/wp-json\/wp\/v2\/media?parent=757114"}],"wp:term":[{"taxonomy":"product_brand","embeddable":true,"href":"https:\/\/roveyayinevi.com.tr\/index.php\/wp-json\/wp\/v2\/product_brand?post=757114"},{"taxonomy":"product_cat","embeddable":true,"href":"https:\/\/roveyayinevi.com.tr\/index.php\/wp-json\/wp\/v2\/product_cat?post=757114"},{"taxonomy":"product_tag","embeddable":true,"href":"https:\/\/roveyayinevi.com.tr\/index.php\/wp-json\/wp\/v2\/product_tag?post=757114"}],"curies":[{"name":"wp","href":"https:\/\/api.w.org\/{rel}","templated":true}]}}