{"id":757113,"date":"2025-08-28T07:27:12","date_gmt":"2025-08-28T04:27:12","guid":{"rendered":"https:\/\/roveyayinevi.com.tr\/index.php\/urun\/midilli-ciltli\/"},"modified":"2026-04-16T03:10:04","modified_gmt":"2026-04-16T00:10:04","slug":"midilli-ciltli","status":"publish","type":"product","link":"https:\/\/roveyayinevi.com.tr\/index.php\/urun\/midilli-ciltli\/","title":{"rendered":"Midilli (Ciltli)"},"content":{"rendered":"<p>Ger\u00e7ek dostluklar bizi hayat\u0131m\u0131z\u0131n yolculu\u011funa \u00e7\u0131karabilir     Uluslararas\u0131 \u00e7oksatan Mucize\u2019nin \u00f6d\u00fcll\u00fc yazar\u0131 R. J. Palacio bu kez hayalet arkada\u015f\u0131yla beraber gizemli bir midilliye atlay\u0131p babas\u0131n\u0131 kurtarmak i\u00e7in heyecan verici bir maceraya \u00e7\u0131kan k\u00fc\u00e7\u00fck bir \u00e7ocu\u011fun hik\u00e2yesiyle kar\u015f\u0131m\u0131zda.    On iki ya\u015f\u0131ndaki Silas bir gece yar\u0131s\u0131 uykusundan uyan\u0131r ve kap\u0131lar\u0131na kadar gelen \u00fcrk\u00fct\u00fcc\u00fc g\u00f6r\u00fcn\u00fc\u015fl\u00fc \u00fc\u00e7 atl\u0131n\u0131n, babas\u0131n\u0131 al\u0131p g\u00f6t\u00fcrd\u00fcklerini g\u00f6r\u00fcr. \u00c7ok sars\u0131lm\u0131\u015f, korkmu\u015f ve yapayaln\u0131z kalm\u0131\u015ft\u0131r. Art\u0131k en yak\u0131n arkada\u015f\u0131 Mittenwool d\u0131\u015f\u0131nda kimsesi yoktur ve ne yaz\u0131k ki Mittenwool da bir hayalettir\u2026    Ertesi g\u00fcn evlerinin \u00f6n\u00fcnde beyaz y\u00fczl\u00fc bir midilli belirdi\u011finde Silas cesurca bir karar al\u0131r: Evden ayr\u0131l\u0131p babas\u0131n\u0131 bulmak \u00fczere tehlikelerle dolu bir yolculu\u011fa \u00e7\u0131kacakt\u0131r. Ancak bu yolculukta hem ge\u00e7mi\u015findeki s\u0131rlara uzanan korkular\u0131yla y\u00fczle\u015fecek hem de etraf\u0131ndaki d\u00fcnyan\u0131n ak\u0131lalmaz gizemlerini ke\u015ffedecektir.    R. J. Palacio sevginin g\u00fcc\u00fcne ve bizleri zamandan ve mek\u00e2ndan ba\u011f\u0131ms\u0131z bir \u015fekilde bir arada tutan ba\u011flara dair dokunakl\u0131 ve b\u00fcy\u00fcleyici bir hik\u00e2ye anlat\u0131yor. Midilli her ya\u015ftan okuyucunun g\u00f6z\u00fcnde k\u0131sa s\u00fcrede klasik haline gelecek olan o nadir kitaplardan biri.       \u201cKusursuz\u2026 G\u00fczel, e\u011flenceli ve y\u00fcrek burkan o mucize kitaplardan. Sevgiye ve cesarete dair enfes bir hik\u00e2ye.\u201d  Wall Street Journal    \u201cPalacio m\u00fcthi\u015f bir yazar. Midilli pek \u00e7ok \u00e7ocu\u011fu edebiyat d\u00fcnyas\u0131nda kendi yolculu\u011funa \u00e7\u0131karacak.\u201d  Times    \u201cSanki daha \u00f6nce hi\u00e7 duymad\u0131\u011f\u0131m ama kalbimin bir \u015fekilde an\u0131msad\u0131\u011f\u0131 bir senfoniyi, bir melodiyi okumu\u015f gibi hissediyorum. R. J. Palacio, sen bir \u2018Mucize\u2019sin.\u201d  Erin O\u2019Leary, okuma uzman\u0131    \u201cMuazzam\u2026 Macera, incelik, sihir, zek\u00e2 ve derin duygular\u0131n inan\u0131lmaz bir kar\u0131\u015f\u0131m\u0131.\u201d  Amanda Craig, yazar    \u201cM\u00fcthi\u015f bir macera ve sevgiye ve kayba dair dokunakl\u0131 bir hik\u00e2ye. Okurlar Midilli\u2019ye bay\u0131lacak. Daha ilk sayfalardan klasik tad\u0131 veriyor.\u201d  Booktrust    \u201c\u00d6zenle kurgulanm\u0131\u015f\u2026 Kalbinizle \u00e7\u0131kt\u0131\u011f\u0131n\u0131z zamans\u0131z bir macera gibi.\u201d  Barb Langridge, e\u011fitim uzman\u0131    \u201c\u00c7a\u011f\u0131m\u0131z\u0131n modern klasik \u00e7ocuk kitaplar\u0131 yazar\u0131 R. J. Palacio, tamamen farkl\u0131 bir t\u00fcr klasik hissi veren bir roman yazmay\u0131 ba\u015farm\u0131\u015f: s\u00fcr\u00fckleyici, s\u0131cac\u0131k, h\u00fcz\u00fcnl\u00fc, macera dolu, Jack London\u2019\u0131 an\u0131msat\u0131yor ve sevgiye ve inanca dair hem zamans\u0131z hem de ya\u015fad\u0131\u011f\u0131m\u0131z d\u00f6nemde kesinlikle elzem oldu\u011fu hissedilen detaylarla dolu.\u201d Gayle Foreman, E\u011fer Ya\u015farsam kitab\u0131n\u0131n yazar\u0131   \u201cGizem, Vah\u015fi Bat\u0131 maceras\u0131 ve hayalet hik\u00e2yesi bir arada\u2026 Midilli, \u2018zihninde ate\u015f yanan\u2019 bir \u00e7ocu\u011fun hik\u00e2yesini anlat\u0131yor ve o hik\u00e2ye sizin zihninizi de ate\u015fe verecek. R. J. Palacio\u2019nun \u015fimdiye kadarki en iddial\u0131 kitab\u0131, merak uyand\u0131rd\u0131\u011f\u0131 kadar tatmin de ediyor.\u201d Adam Gidwitz, yazar   \u201cOkuyucunun dikkatine! R. J. Palacio\u2019nun hayranl\u0131k uyand\u0131ran yeni roman\u0131 Midilli\u2019nin kapa\u011f\u0131n\u0131 a\u00e7t\u0131\u011f\u0131n\u0131z anda kendi hayat\u0131n\u0131zdan \u00e7\u0131k\u0131yorsunuz. Zeki oldu\u011fu kadar cesur da bir \u00e7ocuk olan, \u00f6l\u00fclerle de ya\u015fayanlarla konu\u015ftu\u011fu gibi konu\u015fabilen ve babas\u0131n\u0131 kurtars\u0131n diye Midilli\u2019si onu s\u0131rt\u0131nda ta\u015f\u0131rken bile ge\u00e7mi\u015fin y\u00fck\u00fcn\u00fc omuzlar\u0131ndan atamayan Silas karakterinin b\u00fcy\u00fcs\u00fcne daha ilk sayfalardan kap\u0131ld\u0131m. Yemedim, i\u00e7medim, faturalar\u0131m\u0131 bile yat\u0131rmad\u0131m. \u0130nsan\u0131 g\u00fc\u00e7l\u00fc bir \u015fekilde i\u00e7ine \u00e7eken bu g\u00fczel kitapta Silas\u2019a ne olaca\u011f\u0131n\u0131 \u00f6\u011frenmek her \u015feyden daha \u00f6nemliydi.\u201d Margot Livesey, yazar   \u201cMidilli akl\u0131m\u0131 ba\u015f\u0131mdan ald\u0131. 2021\u2019de okudu\u011fum en iyi kitaplardan biriydi. Hik\u00e2yeyi akl\u0131mdan \u00e7\u0131karam\u0131yorum.\u201d Colby Sharp, \u00f6\u011fretmen ve Nerdy Book Club\u2019\u0131n kurucusu   \u201cKitab\u0131 okumaya ba\u015flad\u0131ktan sonra kendimi durduramad\u0131m. Midilli ortaokul \u00e7a\u011f\u0131ndaki \u00e7ocuklara y\u00f6nelik kitaplar aras\u0131nda yeni favorim olabilir!\u201d Patrick Andrus, \u00f6\u011fretmen   \u201cNefes kesici bir macera\u2026 Midilli, Mucize\u2019den \u00e7ok farkl\u0131 bir hik\u00e2ye olsa da sevgi, aile ve zorluklar\u0131n \u00fcstesinden gelmek gibi ana fikirler a\u00e7\u0131s\u0131ndan benzerlikler g\u00f6steriyor ve bir yazar olarak R. J. Palacio\u2019nun hangi klasmanda oldu\u011funu g\u00f6zler \u00f6n\u00fcne seriyor.\u201d Booklist   \u201cGizemli unsurlar da i\u00e7eren s\u00fcr\u00fckleyici bir tarih\u00ee roman aray\u0131\u015f\u0131ndaki okurlar\u0131n Midilli\u2019den ba\u015fka bir \u015feye ihtiyac\u0131 yok. Silas\u2019\u0131n maceralarla dolu yolculu\u011fundaki \u015fa\u015f\u0131rtmacalar ve keskin virajlar hem ba\u015f d\u00f6nd\u00fcr\u00fcc\u00fc hem de tatmin edici.\u201d BookPage   \u201cOkurlar en \u00e7ok da olaylar\u0131n tatmin edici sonu\u00e7lara ba\u011flanmas\u0131ndan ve Silas\u2019\u0131n ge\u00e7mi\u015fi ile umut vadeden gelece\u011fi aras\u0131nda bir ba\u011f kurulmas\u0131ndan keyif alacak.\u201d The Bulletin of the Center for Children\u2019s Books   \u201cHem \u00fc\u00e7 karakterin en imk\u00e2ns\u0131z arkada\u015fl\u0131klar\u0131n bile g\u00fc\u00e7l\u00fc ba\u011flara d\u00f6n\u00fc\u015febilece\u011fini kan\u0131tlamas\u0131 hem de Vah\u015fi Bat\u0131 havas\u0131 ta\u015f\u0131yan, bilimsel ve paranormal \u00f6gelerin Silas\u2019\u0131n babas\u0131n\u0131n ge\u00e7mi\u015fine dair merak uyand\u0131ran sorularla harmanlanm\u0131\u015f olmas\u0131 pek \u00e7ok okurun akl\u0131n\u0131 ba\u015f\u0131ndan alacak.\u201d Publishers Weekly   \u201c\u0130ncelikle yaz\u0131lm\u0131\u015f bir hik\u00e2ye\u2026 Midilli, Palacio\u2019nun Mucize kitab\u0131ndan karakterler bar\u0131nd\u0131rmayan ilk roman\u0131 olabilir ama son derece zengin ve ak\u0131ldan \u00e7\u0131kmayan y\u00f6nleriyle say\u0131s\u0131z mucize bar\u0131nd\u0131r\u0131yor.\u201d The Horn Book   \u201cMuhte\u015fem bir cesaret hik\u00e2yesi\u2026 Tam bir modern klasik havas\u0131na sahip.\u201d NPR   \u201cB\u00fcy\u00fcl\u00fc bir hik\u00e2ye\u2026 Midilli kat\u0131ks\u0131z keyif.\u201d Rebecca Stead, yazar   <\/p>\n","protected":false},"excerpt":{"rendered":"<p>Ger\u00e7ek dostluklar bizi hayat\u0131m\u0131z\u0131n yolculu\u011funa \u00e7\u0131karabilir Uluslararas\u0131 \u00e7oksatan Mucize\u2019nin \u00f6d\u00fcll\u00fc yazar\u0131 R. J. Palacio bu kez hayalet arkada\u015f\u0131yla beraber gizemli bir midilliye atlay\u0131p babas\u0131n\u0131 kurtarmak i\u00e7in<span class=\"excerpt-hellip\"> [\u2026]<\/span><\/p>\n","protected":false},"featured_media":0,"template":"","meta":{"_monsterinsights_skip_tracking":false,"_monsterinsights_sitenote_active":false,"_monsterinsights_sitenote_note":"","_monsterinsights_sitenote_category":0},"product_brand":[],"product_cat":[12291,12711],"product_tag":[],"class_list":{"0":"post-757113","1":"product","2":"type-product","3":"status-publish","5":"product_cat-edebiyat","6":"product_cat-roman-oyku","7":"pa_cilt-ciltli","8":"pa_tur-kitap","9":"pa_yayinevi-pegasus-yayinlari","10":"pa_yazar-r-j-palacio","12":"first","13":"instock","14":"sale","15":"shipping-taxable","16":"purchasable","17":"product-type-simple"},"_links":{"self":[{"href":"https:\/\/roveyayinevi.com.tr\/index.php\/wp-json\/wp\/v2\/product\/757113","targetHints":{"allow":["GET"]}}],"collection":[{"href":"https:\/\/roveyayinevi.com.tr\/index.php\/wp-json\/wp\/v2\/product"}],"about":[{"href":"https:\/\/roveyayinevi.com.tr\/index.php\/wp-json\/wp\/v2\/types\/product"}],"wp:attachment":[{"href":"https:\/\/roveyayinevi.com.tr\/index.php\/wp-json\/wp\/v2\/media?parent=757113"}],"wp:term":[{"taxonomy":"product_brand","embeddable":true,"href":"https:\/\/roveyayinevi.com.tr\/index.php\/wp-json\/wp\/v2\/product_brand?post=757113"},{"taxonomy":"product_cat","embeddable":true,"href":"https:\/\/roveyayinevi.com.tr\/index.php\/wp-json\/wp\/v2\/product_cat?post=757113"},{"taxonomy":"product_tag","embeddable":true,"href":"https:\/\/roveyayinevi.com.tr\/index.php\/wp-json\/wp\/v2\/product_tag?post=757113"}],"curies":[{"name":"wp","href":"https:\/\/api.w.org\/{rel}","templated":true}]}}