{"id":757110,"date":"2025-08-28T07:27:06","date_gmt":"2025-08-28T04:27:06","guid":{"rendered":"https:\/\/roveyayinevi.com.tr\/index.php\/urun\/dunyanin-en-gizli-kelimesi\/"},"modified":"2026-01-28T03:46:23","modified_gmt":"2026-01-28T00:46:23","slug":"dunyanin-en-gizli-kelimesi","status":"publish","type":"product","link":"https:\/\/roveyayinevi.com.tr\/index.php\/urun\/dunyanin-en-gizli-kelimesi\/","title":{"rendered":"D\u00fcnyan\u0131n En Gizli Kelimesi"},"content":{"rendered":"<p>Kelime B\u00f6ce\u011fi Kelamettin, bug\u00fcn pek bir merakl\u0131, pek bir heyecanl\u0131. D\u00fc\u015fm\u00fc\u015f yollara, gelmi\u015f Bilge Ku\u015f\u2019un huzuruna. Sormu\u015f: \u201cD\u00fcnyan\u0131n en gizli kelimesi nedir acaba?\u201d \u00c7ocuklara kelimeleriyle sar\u0131lan Hatice K\u00fcbra Tongar, bu kitapta sadece k\u0131z \u00e7ocuklar\u0131m\u0131z\u0131n de\u011fil erkek \u00e7ocuklar\u0131m\u0131z\u0131n d\u00fcnyas\u0131na da tesett\u00fcr kavram\u0131n\u0131 ince bir nak\u0131\u015f gibi i\u015fliyor. Tesett\u00fcr, bir giz olmaktan \u00e7\u0131k\u0131p yavrular\u0131m\u0131z\u0131n g\u00f6n\u00fcl \u0131\u015f\u0131\u011f\u0131 h\u00e2line geliyor. <\/p>\n","protected":false},"excerpt":{"rendered":"<p>Kelime B\u00f6ce\u011fi Kelamettin, bug\u00fcn pek bir merakl\u0131, pek bir heyecanl\u0131. D\u00fc\u015fm\u00fc\u015f yollara, gelmi\u015f Bilge Ku\u015f\u2019un huzuruna. Sormu\u015f: \u201cD\u00fcnyan\u0131n en gizli kelimesi nedir acaba?\u201d \u00c7ocuklara kelimeleriyle sar\u0131lan<span class=\"excerpt-hellip\"> [\u2026]<\/span><\/p>\n","protected":false},"featured_media":0,"template":"","meta":{"_monsterinsights_skip_tracking":false,"_monsterinsights_sitenote_active":false,"_monsterinsights_sitenote_note":"","_monsterinsights_sitenote_category":0},"product_brand":[],"product_cat":[12274,12284],"product_tag":[],"class_list":{"0":"post-757110","1":"product","2":"type-product","3":"status-publish","5":"product_cat-cocuk-ve-genclik-kitaplari","6":"product_cat-hikayeler","7":"pa_cilt-ciltsiz","8":"pa_tur-kitap","9":"pa_yayinevi-aile-yayinlari","10":"pa_yazar-hatice-kubra-tongar","12":"first","13":"instock","14":"sale","15":"shipping-taxable","16":"purchasable","17":"product-type-simple"},"_links":{"self":[{"href":"https:\/\/roveyayinevi.com.tr\/index.php\/wp-json\/wp\/v2\/product\/757110","targetHints":{"allow":["GET"]}}],"collection":[{"href":"https:\/\/roveyayinevi.com.tr\/index.php\/wp-json\/wp\/v2\/product"}],"about":[{"href":"https:\/\/roveyayinevi.com.tr\/index.php\/wp-json\/wp\/v2\/types\/product"}],"wp:attachment":[{"href":"https:\/\/roveyayinevi.com.tr\/index.php\/wp-json\/wp\/v2\/media?parent=757110"}],"wp:term":[{"taxonomy":"product_brand","embeddable":true,"href":"https:\/\/roveyayinevi.com.tr\/index.php\/wp-json\/wp\/v2\/product_brand?post=757110"},{"taxonomy":"product_cat","embeddable":true,"href":"https:\/\/roveyayinevi.com.tr\/index.php\/wp-json\/wp\/v2\/product_cat?post=757110"},{"taxonomy":"product_tag","embeddable":true,"href":"https:\/\/roveyayinevi.com.tr\/index.php\/wp-json\/wp\/v2\/product_tag?post=757110"}],"curies":[{"name":"wp","href":"https:\/\/api.w.org\/{rel}","templated":true}]}}