{"id":757106,"date":"2025-08-28T07:26:59","date_gmt":"2025-08-28T04:26:59","guid":{"rendered":"https:\/\/roveyayinevi.com.tr\/index.php\/urun\/kapitalist-uretim-tarzi-ve-savas-diyalektik-bir-iliskinin-analizi\/"},"modified":"2026-04-16T03:10:04","modified_gmt":"2026-04-16T00:10:04","slug":"kapitalist-uretim-tarzi-ve-savas-diyalektik-bir-iliskinin-analizi","status":"publish","type":"product","link":"https:\/\/roveyayinevi.com.tr\/index.php\/urun\/kapitalist-uretim-tarzi-ve-savas-diyalektik-bir-iliskinin-analizi\/","title":{"rendered":"Kapitalist \u00dcretim Tarz\u0131 ve Sava\u015f Diyalektik Bir \u0130li\u015fkinin Analizi"},"content":{"rendered":"<p>Antik Yunan\u2019l\u0131 filozof Herakleitos yakla\u015f\u0131k 2500 y\u0131l \u00f6nce sava\u015f\u0131 \u201cher \u015feyin babas\u0131 ve kral\u0131\u201d ilan ederken sava\u015f i\u00e7in \u201ckimini Tanr\u0131 k\u0131ld\u0131 kimini insan, kimini k\u00f6le kimini \u00f6zg\u00fcr\u201d d\u00fc\u015f\u00fcncesini ileri s\u00fcrm\u00fc\u015ft\u00fcr ve sava\u015fa, toplumsal olgular i\u00e7inde en temel belirleyen rol\u00fc vermi\u015ftir. Bu yan\u0131yla sava\u015f, Herakleitos\u2019a g\u00f6re, her toplumsal olguyu belirleyen en temel g\u00fc\u00e7t\u00fcr. Sava\u015f\u0131n t\u00fcm toplumsal olgular\u0131 belirleyen temel g\u00fc\u00e7 olup olmad\u0131\u011f\u0131 tart\u0131\u015fmal\u0131 olmakla birlikte sava\u015f\u0131n \u00f6nemli bir toplumsal olgu oldu\u011fu ger\u00e7e\u011fi \u00e7o\u011fumuz taraf\u0131ndan benimsenmektedir. S\u00fcrekli sava\u015flar, sava\u015flarda kaybedilen insanlar, tahrip edilen \u00fcretici g\u00fc\u00e7ler, kurulup y\u0131k\u0131lan devletler hepsi sava\u015f\u0131n \u00f6nemli bir toplumsal olgu oldu\u011fu ger\u00e7ekli\u011fini bir yan\u0131yla onaylamaktad\u0131r. S\u0131n\u0131rl\u0131 sava\u015flardan topyek\u00fbn y\u0131k\u0131m sava\u015flar\u0131na oradan da d\u00fc\u015f\u00fck yo\u011funluklu sava\u015flara kadar insanl\u0131k, yaz\u0131l\u0131 tarih boyunca, s\u00fcrekli olarak sava\u015f olgusunu deneyimlemi\u015ftir. Sava\u015f\u0131n teorisyeni diyebilece\u011fimiz Carl Von Clausewitz, sava\u015f\u0131, geni\u015fletilmi\u015f bir d\u00fcello olarak tan\u0131mlamaktad\u0131r ve sava\u015fta veya bu d\u00fcelloda amac\u0131n, taraflardan her birinin fiziksel g\u00fcc\u00fcyle di\u011fer tarafa kendi iradesini kabul ettirmek oldu\u011funu ileri s\u00fcrmektedir. Clausewitz\u2019e g\u00f6re sava\u015f; \u201cd\u00fc\u015fman\u0131 irademizi kabule zorlamak i\u00e7in bir kuvvet kullanma eylemidir\u201d. Stephens ve Baker\u2019da bu noktaya dikkat \u00e7ekip sava\u015f\u0131n iki unsuru kapsad\u0131\u011f\u0131n\u0131 \u2013g\u00fc\u00e7 s\u0131namas\u0131 ve iradelerin \u00e7at\u0131\u015fmas\u0131- oldu\u011funu belirtir. Onlara g\u00f6re \u00f6l\u00e7e\u011fi ne olursa olsun bir \u00e7at\u0131\u015fman\u0131n en son amac\u0131 d\u00fc\u015fman\u0131n sava\u015fma arzusunu k\u0131rmakt\u0131r. <\/p>\n","protected":false},"excerpt":{"rendered":"<p>Antik Yunan\u2019l\u0131 filozof Herakleitos yakla\u015f\u0131k 2500 y\u0131l \u00f6nce sava\u015f\u0131 \u201cher \u015feyin babas\u0131 ve kral\u0131\u201d ilan ederken sava\u015f i\u00e7in \u201ckimini Tanr\u0131 k\u0131ld\u0131 kimini insan, kimini k\u00f6le kimini<span class=\"excerpt-hellip\"> [\u2026]<\/span><\/p>\n","protected":false},"featured_media":0,"template":"","meta":{"_monsterinsights_skip_tracking":false,"_monsterinsights_sitenote_active":false,"_monsterinsights_sitenote_note":"","_monsterinsights_sitenote_category":0},"product_brand":[],"product_cat":[12388],"product_tag":[],"class_list":{"0":"post-757106","1":"product","2":"type-product","3":"status-publish","5":"product_cat-felsefe","6":"pa_cilt-ciltsiz","7":"pa_tur-kitap","8":"pa_yayinevi-soncag-akademik-kitaplar","9":"pa_yazar-inan-akdag","11":"first","12":"instock","13":"sale","14":"shipping-taxable","15":"purchasable","16":"product-type-simple"},"_links":{"self":[{"href":"https:\/\/roveyayinevi.com.tr\/index.php\/wp-json\/wp\/v2\/product\/757106","targetHints":{"allow":["GET"]}}],"collection":[{"href":"https:\/\/roveyayinevi.com.tr\/index.php\/wp-json\/wp\/v2\/product"}],"about":[{"href":"https:\/\/roveyayinevi.com.tr\/index.php\/wp-json\/wp\/v2\/types\/product"}],"wp:attachment":[{"href":"https:\/\/roveyayinevi.com.tr\/index.php\/wp-json\/wp\/v2\/media?parent=757106"}],"wp:term":[{"taxonomy":"product_brand","embeddable":true,"href":"https:\/\/roveyayinevi.com.tr\/index.php\/wp-json\/wp\/v2\/product_brand?post=757106"},{"taxonomy":"product_cat","embeddable":true,"href":"https:\/\/roveyayinevi.com.tr\/index.php\/wp-json\/wp\/v2\/product_cat?post=757106"},{"taxonomy":"product_tag","embeddable":true,"href":"https:\/\/roveyayinevi.com.tr\/index.php\/wp-json\/wp\/v2\/product_tag?post=757106"}],"curies":[{"name":"wp","href":"https:\/\/api.w.org\/{rel}","templated":true}]}}