{"id":757105,"date":"2025-08-28T07:26:57","date_gmt":"2025-08-28T04:26:57","guid":{"rendered":"https:\/\/roveyayinevi.com.tr\/index.php\/urun\/cocuklar-icin-islam-akaidi\/"},"modified":"2026-04-16T03:10:04","modified_gmt":"2026-04-16T00:10:04","slug":"cocuklar-icin-islam-akaidi","status":"publish","type":"product","link":"https:\/\/roveyayinevi.com.tr\/index.php\/urun\/cocuklar-icin-islam-akaidi\/","title":{"rendered":"\u00c7ocuklar \u0130\u00e7in \u0130slam Akaidi"},"content":{"rendered":"<p>Bu k\u0131ymetli eser, her ne kadar \u00e7ocuklar i\u00e7in haz\u0131rlanm\u0131\u015f olsa da do\u011frudan k\u00fc\u00e7\u00fcklerinistifadesine sunulmam\u0131\u015ft\u0131r. Risalenin muhtevas\u0131 evvela ebeveyn yahut muallimcesindirilmeli, ard\u0131ndan ya\u015f\u0131na uygun bir lisan ile \u00e7ocu\u011fa izah edilmelidir.Bin\u00e2enaleyh, kitab\u0131n ba\u015fl\u0131\u011f\u0131 zihinleri buland\u0131rmamal\u0131, eserin muhatap kitlesinindo\u011frudan \u00e7ocuklar oldu\u011fu vehmedilmemelidir.Kaleme al\u0131nmas\u0131n\u0131n \u00fczerinden takriben 1100 sene ge\u00e7mesine ra\u011fmen halenokunmakta, ders kitab\u0131 olarak okutulmakta, \u015ferh edilmekte, ezberlenmekte, nazm\u0131 venesri esas al\u0131narak yeni \u00e7al\u0131\u015fmalar yap\u0131lmakta olan bu risalenin bereketi, m\u00fcellifininihl\u00e2s\u0131ndan ve niyetinin halisli\u011finden kaynaklanmaktad\u0131r. O, olur da birka\u00e7 yavruistifade eder umuduyla yazm\u0131\u015fken, eserinden gen\u00e7 ve ya\u015fl\u0131lar dahi olduk\u00e7afaydalanm\u0131\u015f, nice alimler medreselerinin m\u00fcfredat\u0131na bu k\u0131ymetli eseri dahiletmi\u015flerdir.<\/p>\n","protected":false},"excerpt":{"rendered":"<p>Bu k\u0131ymetli eser, her ne kadar \u00e7ocuklar i\u00e7in haz\u0131rlanm\u0131\u015f olsa da do\u011frudan k\u00fc\u00e7\u00fcklerinistifadesine sunulmam\u0131\u015ft\u0131r. Risalenin muhtevas\u0131 evvela ebeveyn yahut muallimcesindirilmeli, ard\u0131ndan ya\u015f\u0131na uygun bir lisan ile<span class=\"excerpt-hellip\"> [\u2026]<\/span><\/p>\n","protected":false},"featured_media":0,"template":"","meta":{"_monsterinsights_skip_tracking":false,"_monsterinsights_sitenote_active":false,"_monsterinsights_sitenote_note":"","_monsterinsights_sitenote_category":0},"product_brand":[],"product_cat":[12274,18802],"product_tag":[],"class_list":{"0":"post-757105","1":"product","2":"type-product","3":"status-publish","5":"product_cat-cocuk-ve-genclik-kitaplari","6":"product_cat-din-egitimi","7":"pa_cilt-ciltsiz","8":"pa_tur-kitap","9":"pa_yayinevi-takdim-kitap","10":"pa_yazar-abdullah-kayrevani","12":"first","13":"instock","14":"sale","15":"shipping-taxable","16":"purchasable","17":"product-type-simple"},"_links":{"self":[{"href":"https:\/\/roveyayinevi.com.tr\/index.php\/wp-json\/wp\/v2\/product\/757105","targetHints":{"allow":["GET"]}}],"collection":[{"href":"https:\/\/roveyayinevi.com.tr\/index.php\/wp-json\/wp\/v2\/product"}],"about":[{"href":"https:\/\/roveyayinevi.com.tr\/index.php\/wp-json\/wp\/v2\/types\/product"}],"wp:attachment":[{"href":"https:\/\/roveyayinevi.com.tr\/index.php\/wp-json\/wp\/v2\/media?parent=757105"}],"wp:term":[{"taxonomy":"product_brand","embeddable":true,"href":"https:\/\/roveyayinevi.com.tr\/index.php\/wp-json\/wp\/v2\/product_brand?post=757105"},{"taxonomy":"product_cat","embeddable":true,"href":"https:\/\/roveyayinevi.com.tr\/index.php\/wp-json\/wp\/v2\/product_cat?post=757105"},{"taxonomy":"product_tag","embeddable":true,"href":"https:\/\/roveyayinevi.com.tr\/index.php\/wp-json\/wp\/v2\/product_tag?post=757105"}],"curies":[{"name":"wp","href":"https:\/\/api.w.org\/{rel}","templated":true}]}}