{"id":757104,"date":"2025-08-28T07:26:56","date_gmt":"2025-08-28T04:26:56","guid":{"rendered":"https:\/\/roveyayinevi.com.tr\/index.php\/urun\/icimizdeki-sifa\/"},"modified":"2026-04-08T03:18:11","modified_gmt":"2026-04-08T00:18:11","slug":"icimizdeki-sifa","status":"publish","type":"product","link":"https:\/\/roveyayinevi.com.tr\/index.php\/urun\/icimizdeki-sifa\/","title":{"rendered":"\u0130\u00e7imizdeki \u015eifa"},"content":{"rendered":"<p>\u201cBen ba\u015f\u0131ma gelen \u015feylerin toplam\u0131 de\u011filim, ben olmay\u0131 se\u00e7ti\u011fim \u015feyim.\u201d \u2014Carl Jung Lisansl\u0131 profesyonel dan\u0131\u015fman Katie Beecher, devrim niteli\u011findeki bu kitab\u0131nda fiziksel, duygusal ve ruhsal sa\u011fl\u0131\u011fa kavu\u015fman\u0131n yolunu ad\u0131m ad\u0131m okura g\u00f6sterirken temel sorunlar\u0131 tetikleyen olas\u0131 fakt\u00f6rleri belirleyip, k\u00f6k nedenleri kal\u0131c\u0131 olarak iyile\u015ftirecek stratejiler geli\u015ftiriyor. \u0130lham verici dan\u0131\u015fan hik\u00e2yelerinden \u00f6zel tedavi \u00f6nerilerine, pratik tavsiyelerden egzersizlere dek sezgilerinize g\u00fcvenmeyi \u00f6\u011frenece\u011finiz \u0130\u00e7imizdeki \u015eifa rehberli\u011finde \u00e7\u0131kaca\u011f\u0131n\u0131z bu yolculukta sa\u011fl\u0131\u011f\u0131n\u0131z\u0131n kontrol\u00fcn\u00fc elinize alacak ve ger\u00e7ek, b\u00fct\u00fcnsel bir iyile\u015fme deneyimleyeceksiniz.\u201cKatie Beecher, psikoloji ve t\u0131bbi sezgi alan\u0131ndaki yeteneklerini birle\u015ftirerek kendimizi i\u00e7ten d\u0131\u015fa do\u011fru iyile\u015ftirme konusunda bize rehberlik ediyor. Bu, tekrar tekrar okunacak bir kitap.\u201d \u2014Cynthia Li, t\u0131p doktoru, b\u00fct\u00fcnc\u00fcl t\u0131p uzman\u0131<\/p>\n","protected":false},"excerpt":{"rendered":"<p>\u201cBen ba\u015f\u0131ma gelen \u015feylerin toplam\u0131 de\u011filim, ben olmay\u0131 se\u00e7ti\u011fim \u015feyim.\u201d \u2014Carl Jung Lisansl\u0131 profesyonel dan\u0131\u015fman Katie Beecher, devrim niteli\u011findeki bu kitab\u0131nda fiziksel, duygusal ve ruhsal sa\u011fl\u0131\u011fa<span class=\"excerpt-hellip\"> [\u2026]<\/span><\/p>\n","protected":false},"featured_media":0,"template":"","meta":{"_monsterinsights_skip_tracking":false,"_monsterinsights_sitenote_active":false,"_monsterinsights_sitenote_note":"","_monsterinsights_sitenote_category":0},"product_brand":[],"product_cat":[12364,12376],"product_tag":[],"class_list":{"0":"post-757104","1":"product","2":"type-product","3":"status-publish","5":"product_cat-genel-konular","6":"product_cat-kisisel-gelisim","7":"pa_cilt-ciltsiz","8":"pa_tur-kitap","9":"pa_yayinevi-serenad-yayinevi","10":"pa_yazar-katie-beecher-ms-lpc","12":"first","13":"instock","14":"sale","15":"shipping-taxable","16":"purchasable","17":"product-type-simple"},"_links":{"self":[{"href":"https:\/\/roveyayinevi.com.tr\/index.php\/wp-json\/wp\/v2\/product\/757104","targetHints":{"allow":["GET"]}}],"collection":[{"href":"https:\/\/roveyayinevi.com.tr\/index.php\/wp-json\/wp\/v2\/product"}],"about":[{"href":"https:\/\/roveyayinevi.com.tr\/index.php\/wp-json\/wp\/v2\/types\/product"}],"wp:attachment":[{"href":"https:\/\/roveyayinevi.com.tr\/index.php\/wp-json\/wp\/v2\/media?parent=757104"}],"wp:term":[{"taxonomy":"product_brand","embeddable":true,"href":"https:\/\/roveyayinevi.com.tr\/index.php\/wp-json\/wp\/v2\/product_brand?post=757104"},{"taxonomy":"product_cat","embeddable":true,"href":"https:\/\/roveyayinevi.com.tr\/index.php\/wp-json\/wp\/v2\/product_cat?post=757104"},{"taxonomy":"product_tag","embeddable":true,"href":"https:\/\/roveyayinevi.com.tr\/index.php\/wp-json\/wp\/v2\/product_tag?post=757104"}],"curies":[{"name":"wp","href":"https:\/\/api.w.org\/{rel}","templated":true}]}}