{"id":757101,"date":"2025-08-28T07:26:50","date_gmt":"2025-08-28T04:26:50","guid":{"rendered":"https:\/\/roveyayinevi.com.tr\/index.php\/urun\/cagimizin-nevrotik-kisiligi-2\/"},"modified":"2026-04-16T03:10:04","modified_gmt":"2026-04-16T00:10:04","slug":"cagimizin-nevrotik-kisiligi-2","status":"publish","type":"product","link":"https:\/\/roveyayinevi.com.tr\/index.php\/urun\/cagimizin-nevrotik-kisiligi-2\/","title":{"rendered":"\u00c7a\u011f\u0131m\u0131z\u0131n Nevrotik Ki\u015fili\u011fi"},"content":{"rendered":"<p>\u0130lk \u00f6nemli yap\u0131t\u0131 \u00c7a\u011f\u0131m\u0131z\u0131n Nevrotik Ki\u015fili\u011fi\u2019nde Karen Horney, en ba\u015fta biyolojik de\u011fil, sosyal ko\u015fullar\u0131n nevrozlar\u0131 ola\u011fan\u00fcst\u00fc etkiledi\u011fi g\u00f6r\u00fc\u015f\u00fcn\u00fc temellendiriyor ve \u00e7at\u0131\u015fmalar\u0131, kayg\u0131lar\u0131 ve ac\u0131lar\u0131yla nevrotik insan\u0131n eksiksiz bir portresini \u00e7iziyor. Bu \u00e7er\u00e7evede, bozuk insan ili\u015fkilerinden do\u011fan ve yine bu ili\u015fkileri etkileyen kayg\u0131y\u0131 \u201cnevrozlar\u0131n dinamik merkezi\u201d olarak g\u00f6rerek, kayg\u0131 analizlerini kolay anla\u015f\u0131lan ayr\u0131nt\u0131l\u0131 incelemesinin oda\u011f\u0131na yerle\u015ftiriyor.<\/p>\n","protected":false},"excerpt":{"rendered":"<p>\u0130lk \u00f6nemli yap\u0131t\u0131 \u00c7a\u011f\u0131m\u0131z\u0131n Nevrotik Ki\u015fili\u011fi\u2019nde Karen Horney, en ba\u015fta biyolojik de\u011fil, sosyal ko\u015fullar\u0131n nevrozlar\u0131 ola\u011fan\u00fcst\u00fc etkiledi\u011fi g\u00f6r\u00fc\u015f\u00fcn\u00fc temellendiriyor ve \u00e7at\u0131\u015fmalar\u0131, kayg\u0131lar\u0131 ve ac\u0131lar\u0131yla nevrotik insan\u0131n<span class=\"excerpt-hellip\"> [\u2026]<\/span><\/p>\n","protected":false},"featured_media":0,"template":"","meta":{"_monsterinsights_skip_tracking":false,"_monsterinsights_sitenote_active":false,"_monsterinsights_sitenote_note":"","_monsterinsights_sitenote_category":0},"product_brand":[],"product_cat":[12357],"product_tag":[],"class_list":{"0":"post-757101","1":"product","2":"type-product","3":"status-publish","5":"product_cat-psikoloji","6":"pa_cilt-ciltsiz","7":"pa_tur-kitap","8":"pa_yayinevi-cem-yayinevi","9":"pa_yazar-karen-horney","11":"first","12":"instock","13":"sale","14":"shipping-taxable","15":"purchasable","16":"product-type-simple"},"_links":{"self":[{"href":"https:\/\/roveyayinevi.com.tr\/index.php\/wp-json\/wp\/v2\/product\/757101","targetHints":{"allow":["GET"]}}],"collection":[{"href":"https:\/\/roveyayinevi.com.tr\/index.php\/wp-json\/wp\/v2\/product"}],"about":[{"href":"https:\/\/roveyayinevi.com.tr\/index.php\/wp-json\/wp\/v2\/types\/product"}],"wp:attachment":[{"href":"https:\/\/roveyayinevi.com.tr\/index.php\/wp-json\/wp\/v2\/media?parent=757101"}],"wp:term":[{"taxonomy":"product_brand","embeddable":true,"href":"https:\/\/roveyayinevi.com.tr\/index.php\/wp-json\/wp\/v2\/product_brand?post=757101"},{"taxonomy":"product_cat","embeddable":true,"href":"https:\/\/roveyayinevi.com.tr\/index.php\/wp-json\/wp\/v2\/product_cat?post=757101"},{"taxonomy":"product_tag","embeddable":true,"href":"https:\/\/roveyayinevi.com.tr\/index.php\/wp-json\/wp\/v2\/product_tag?post=757101"}],"curies":[{"name":"wp","href":"https:\/\/api.w.org\/{rel}","templated":true}]}}