{"id":757090,"date":"2025-08-28T07:26:32","date_gmt":"2025-08-28T04:26:32","guid":{"rendered":"https:\/\/roveyayinevi.com.tr\/index.php\/urun\/koca-kafa-nate-sinif-atliyor\/"},"modified":"2026-04-16T03:10:04","modified_gmt":"2026-04-16T00:10:04","slug":"koca-kafa-nate-sinif-atliyor","status":"publish","type":"product","link":"https:\/\/roveyayinevi.com.tr\/index.php\/urun\/koca-kafa-nate-sinif-atliyor\/","title":{"rendered":"Koca Kafa Nate S\u0131n\u0131f Atl\u0131yor"},"content":{"rendered":"<p>Koca Kafa Nate\u2019i, arkada\u015flar\u0131 ve \u00f6\u011fretmenleri pek \u00e7ok \u015fekilde tan\u0131mlayabilir. Onu yaramazl\u0131\u011fa olan d\u00fc\u015fk\u00fcnl\u00fc\u011f\u00fcyle, ceza rekortmenli\u011fiyle, satran\u00e7taki ustal\u0131\u011f\u0131yla, zor sorular\u0131yla, da\u011f\u0131n\u0131kl\u0131\u011f\u0131yla bilirler\u2026 Ama s\u0131n\u0131f\u0131n en zeki ve \u00e7al\u0131\u015fkan \u00f6\u011frencisi Gina\u2019n\u0131n notlar\u0131n\u0131 sollayan biri olarak asla! Koca Kafa Nate S\u0131n\u0131f Atl\u0131yor\u2019da Nate\u2019in, arkada\u015flar\u0131n\u0131n ve bezgin \u00f6\u011fretmenlerinin okul hayat\u0131nda ya\u015fad\u0131klar\u0131 komik ve tuhaf anlar sizi bekliyor!<\/p>\n","protected":false},"excerpt":{"rendered":"<p>Koca Kafa Nate\u2019i, arkada\u015flar\u0131 ve \u00f6\u011fretmenleri pek \u00e7ok \u015fekilde tan\u0131mlayabilir. Onu yaramazl\u0131\u011fa olan d\u00fc\u015fk\u00fcnl\u00fc\u011f\u00fcyle, ceza rekortmenli\u011fiyle, satran\u00e7taki ustal\u0131\u011f\u0131yla, zor sorular\u0131yla, da\u011f\u0131n\u0131kl\u0131\u011f\u0131yla bilirler\u2026 Ama s\u0131n\u0131f\u0131n en zeki<span class=\"excerpt-hellip\"> [\u2026]<\/span><\/p>\n","protected":false},"featured_media":0,"template":"","meta":{"_monsterinsights_skip_tracking":false,"_monsterinsights_sitenote_active":false,"_monsterinsights_sitenote_note":"","_monsterinsights_sitenote_category":0},"product_brand":[],"product_cat":[12689,12274],"product_tag":[],"class_list":{"0":"post-757090","1":"product","2":"type-product","3":"status-publish","5":"product_cat-cizgi-roman-cocuk-ve-genclik-kitaplari","6":"product_cat-cocuk-ve-genclik-kitaplari","7":"pa_cilt-ciltsiz","8":"pa_tur-kitap","9":"pa_yayinevi-epsilon-yayinlari","10":"pa_yazar-lincoln-peirce","12":"first","13":"instock","14":"sale","15":"shipping-taxable","16":"purchasable","17":"product-type-simple"},"_links":{"self":[{"href":"https:\/\/roveyayinevi.com.tr\/index.php\/wp-json\/wp\/v2\/product\/757090","targetHints":{"allow":["GET"]}}],"collection":[{"href":"https:\/\/roveyayinevi.com.tr\/index.php\/wp-json\/wp\/v2\/product"}],"about":[{"href":"https:\/\/roveyayinevi.com.tr\/index.php\/wp-json\/wp\/v2\/types\/product"}],"wp:attachment":[{"href":"https:\/\/roveyayinevi.com.tr\/index.php\/wp-json\/wp\/v2\/media?parent=757090"}],"wp:term":[{"taxonomy":"product_brand","embeddable":true,"href":"https:\/\/roveyayinevi.com.tr\/index.php\/wp-json\/wp\/v2\/product_brand?post=757090"},{"taxonomy":"product_cat","embeddable":true,"href":"https:\/\/roveyayinevi.com.tr\/index.php\/wp-json\/wp\/v2\/product_cat?post=757090"},{"taxonomy":"product_tag","embeddable":true,"href":"https:\/\/roveyayinevi.com.tr\/index.php\/wp-json\/wp\/v2\/product_tag?post=757090"}],"curies":[{"name":"wp","href":"https:\/\/api.w.org\/{rel}","templated":true}]}}