{"id":757077,"date":"2025-08-28T07:26:08","date_gmt":"2025-08-28T04:26:08","guid":{"rendered":"https:\/\/roveyayinevi.com.tr\/index.php\/urun\/dinozorumun-saklandigi-yer\/"},"modified":"2026-04-16T03:10:03","modified_gmt":"2026-04-16T00:10:03","slug":"dinozorumun-saklandigi-yer","status":"publish","type":"product","link":"https:\/\/roveyayinevi.com.tr\/index.php\/urun\/dinozorumun-saklandigi-yer\/","title":{"rendered":"Dinozorumun Sakland\u0131\u011f\u0131 Yer"},"content":{"rendered":"<p>&#8220;Mert Ar\u0131k, nitelikli kitaplar\u0131yla c\u0327ocuklar\u0131n yarat\u0131c\u0131 du\u0308s\u0327u\u0308nme becerilerinin gelis\u0327mesine o\u0308nemli o\u0308lc\u0327u\u0308de katk\u0131 sag\u0306l\u0131yor.&#8221;                                                                                                                                     Prof. Dr. Serdarhan Musa Tas\u0327kayaSATIS\u0327 REKORLARI KIRARAK KI\u0307TAPLARI MI\u0307LYONLARA ULAS\u0327AN MERT ARIK\u2019TAN YI\u0307NE S\u0327AHANE BI\u0307R HI\u0307KA\u0302YE!O sabah o\u0308g\u0306retmen s\u0131n\u0131fa bu\u0308yu\u0308k bir su\u0308rprizle gelmis\u0327ti. Atlas, su\u0308rprizleri c\u0327ok seviyordu. Bu\u0308yu\u0308k su\u0308rprizlere ise bay\u0131l\u0131yordu. Bu\u0308yu\u0308k su\u0308rpriz neydi? Okumay\u0131 o\u0308g\u0306rendikleri zaman onlar\u0131 neler bekliyordu?Bir kitap c\u0327ocuklar\u0131 nerelere go\u0308tu\u0308rebilirdi?Ve dinozorunuzun nereye sakland\u0131g\u0306\u0131n\u0131 biliyor muydunuz?Haydi! Kemerlerinizi bag\u0306lay\u0131n.Heyecan dolu inan\u0131lmaz bir yolculug\u0306a bas\u0327l\u0131yoruz. Dinozorumun Sakland\u0131g\u0306\u0131 Yer, sizleri bu\u0308yu\u0308leyici bir maceraya davet ediyor!<\/p>\n","protected":false},"excerpt":{"rendered":"<p>&#8220;Mert Ar\u0131k, nitelikli kitaplar\u0131yla c\u0327ocuklar\u0131n yarat\u0131c\u0131 du\u0308s\u0327u\u0308nme becerilerinin gelis\u0327mesine o\u0308nemli o\u0308lc\u0327u\u0308de katk\u0131 sag\u0306l\u0131yor.&#8221; Prof. Dr. Serdarhan Musa Tas\u0327kayaSATIS\u0327 REKORLARI KIRARAK KI\u0307TAPLARI MI\u0307LYONLARA ULAS\u0327AN MERT ARIK\u2019TAN YI\u0307NE<span class=\"excerpt-hellip\"> [\u2026]<\/span><\/p>\n","protected":false},"featured_media":0,"template":"","meta":{"_monsterinsights_skip_tracking":false,"_monsterinsights_sitenote_active":false,"_monsterinsights_sitenote_note":"","_monsterinsights_sitenote_category":0},"product_brand":[],"product_cat":[12274,12284],"product_tag":[],"class_list":{"0":"post-757077","1":"product","2":"type-product","3":"status-publish","5":"product_cat-cocuk-ve-genclik-kitaplari","6":"product_cat-hikayeler","7":"pa_cilt-ciltsiz","8":"pa_tur-kitap","9":"pa_yayinevi-timas-cocuk","10":"pa_yazar-mert-arik","12":"first","13":"instock","14":"sale","15":"shipping-taxable","16":"purchasable","17":"product-type-simple"},"_links":{"self":[{"href":"https:\/\/roveyayinevi.com.tr\/index.php\/wp-json\/wp\/v2\/product\/757077","targetHints":{"allow":["GET"]}}],"collection":[{"href":"https:\/\/roveyayinevi.com.tr\/index.php\/wp-json\/wp\/v2\/product"}],"about":[{"href":"https:\/\/roveyayinevi.com.tr\/index.php\/wp-json\/wp\/v2\/types\/product"}],"wp:attachment":[{"href":"https:\/\/roveyayinevi.com.tr\/index.php\/wp-json\/wp\/v2\/media?parent=757077"}],"wp:term":[{"taxonomy":"product_brand","embeddable":true,"href":"https:\/\/roveyayinevi.com.tr\/index.php\/wp-json\/wp\/v2\/product_brand?post=757077"},{"taxonomy":"product_cat","embeddable":true,"href":"https:\/\/roveyayinevi.com.tr\/index.php\/wp-json\/wp\/v2\/product_cat?post=757077"},{"taxonomy":"product_tag","embeddable":true,"href":"https:\/\/roveyayinevi.com.tr\/index.php\/wp-json\/wp\/v2\/product_tag?post=757077"}],"curies":[{"name":"wp","href":"https:\/\/api.w.org\/{rel}","templated":true}]}}