{"id":757075,"date":"2025-08-28T07:26:04","date_gmt":"2025-08-28T04:26:04","guid":{"rendered":"https:\/\/roveyayinevi.com.tr\/index.php\/urun\/ekonomi-okulu\/"},"modified":"2026-04-15T03:21:25","modified_gmt":"2026-04-15T00:21:25","slug":"ekonomi-okulu","status":"publish","type":"product","link":"https:\/\/roveyayinevi.com.tr\/index.php\/urun\/ekonomi-okulu\/","title":{"rendered":"Ekonomi Okulu"},"content":{"rendered":"<p>\u201cSevgili Lidyal\u0131lar, krall\u0131\u011f\u0131ma ho\u015f geldiniz.\u201d Paray\u0131 ilk bulan Lidyal\u0131lardan binlerce y\u0131l sonra ayn\u0131 topraklarda arkeologlar, Lidyal\u0131lara ait bir yer alt\u0131 \u015fehri bulur. \u00c7\u0131kan haberlerden sonra \u00e7evre k\u00f6ylerdeki herkesin hayat\u0131 de\u011fi\u015fir. Orada ya\u015fayan herkes art\u0131k \u00e7ok zengindir. Fakat bu zenginlik fazla uzun s\u00fcrmez. Paray\u0131 do\u011fru kullanmay\u0131 bilmeyenler be\u015f paras\u0131z kal\u0131r ve tekrar k\u00f6ye d\u00f6nerler.Aileleriyle k\u00f6ylerine d\u00f6nen \u00f6\u011frenciler, \u00e7ok b\u00fcy\u00fck bir s\u00fcrprizle kar\u015f\u0131la\u015f\u0131r: &#8220;Lidya Krall\u0131\u011f\u0131.&#8221; En zengin olan\u0131n okul birincisi olaca\u011f\u0131 bir ekonomi okulu\u2026\u0130\u00e7inde birbirinden \u00f6zellikli formalar\u0131n, bilekliklerin; \u00e7e\u015fitli kurslar\u0131n, oyun makinelerinin, yiyecek ve i\u00e7eceklerin oldu\u011fu bir oyun ve e\u011flence krall\u0131\u011f\u0131\u2026 Bakal\u0131m, bu kadar ilgi \u00e7ekici unsurun oldu\u011fu bir yerde kim paras\u0131n\u0131 ak\u0131ll\u0131ca kullanmay\u0131 ba\u015far\u0131p okulunen zengini olacak?<\/p>\n","protected":false},"excerpt":{"rendered":"<p>\u201cSevgili Lidyal\u0131lar, krall\u0131\u011f\u0131ma ho\u015f geldiniz.\u201d Paray\u0131 ilk bulan Lidyal\u0131lardan binlerce y\u0131l sonra ayn\u0131 topraklarda arkeologlar, Lidyal\u0131lara ait bir yer alt\u0131 \u015fehri bulur. \u00c7\u0131kan haberlerden sonra \u00e7evre<span class=\"excerpt-hellip\"> [\u2026]<\/span><\/p>\n","protected":false},"featured_media":0,"template":"","meta":{"_monsterinsights_skip_tracking":false,"_monsterinsights_sitenote_active":false,"_monsterinsights_sitenote_note":"","_monsterinsights_sitenote_category":0},"product_brand":[],"product_cat":[12291,12711],"product_tag":[],"class_list":{"0":"post-757075","1":"product","2":"type-product","3":"status-publish","5":"product_cat-edebiyat","6":"product_cat-roman-oyku","7":"pa_cilt-ciltsiz","8":"pa_tur-kitap","9":"pa_yayinevi-genc-timas","10":"pa_yazar-yasar-bayraktar","12":"first","13":"instock","14":"sale","15":"shipping-taxable","16":"purchasable","17":"product-type-simple"},"_links":{"self":[{"href":"https:\/\/roveyayinevi.com.tr\/index.php\/wp-json\/wp\/v2\/product\/757075","targetHints":{"allow":["GET"]}}],"collection":[{"href":"https:\/\/roveyayinevi.com.tr\/index.php\/wp-json\/wp\/v2\/product"}],"about":[{"href":"https:\/\/roveyayinevi.com.tr\/index.php\/wp-json\/wp\/v2\/types\/product"}],"wp:attachment":[{"href":"https:\/\/roveyayinevi.com.tr\/index.php\/wp-json\/wp\/v2\/media?parent=757075"}],"wp:term":[{"taxonomy":"product_brand","embeddable":true,"href":"https:\/\/roveyayinevi.com.tr\/index.php\/wp-json\/wp\/v2\/product_brand?post=757075"},{"taxonomy":"product_cat","embeddable":true,"href":"https:\/\/roveyayinevi.com.tr\/index.php\/wp-json\/wp\/v2\/product_cat?post=757075"},{"taxonomy":"product_tag","embeddable":true,"href":"https:\/\/roveyayinevi.com.tr\/index.php\/wp-json\/wp\/v2\/product_tag?post=757075"}],"curies":[{"name":"wp","href":"https:\/\/api.w.org\/{rel}","templated":true}]}}