{"id":757074,"date":"2025-08-28T07:26:02","date_gmt":"2025-08-28T04:26:02","guid":{"rendered":"https:\/\/roveyayinevi.com.tr\/index.php\/urun\/zia-dunyayi-siliyor\/"},"modified":"2026-04-16T03:10:03","modified_gmt":"2026-04-16T00:10:03","slug":"zia-dunyayi-siliyor","status":"publish","type":"product","link":"https:\/\/roveyayinevi.com.tr\/index.php\/urun\/zia-dunyayi-siliyor\/","title":{"rendered":"Zia D\u00fcnyay\u0131 Siliyor"},"content":{"rendered":"<p>Zia, hislerini tan\u0131mlayan m\u00fckemmel kelimeyi bulamazsa, o kelimeyi kendisi yarat\u0131yor!\u00c7at\u0131 kat\u0131nda her zaman ilgin\u00e7 \u015feyler bar\u0131nd\u0131ran anneannesinin s\u00f6zl\u00fc\u011f\u00fcn\u00fc ke\u015ffeden Zia, bu s\u00f6zl\u00fc\u011f\u00fcn g\u00fcc\u00fcn\u00fcn fark\u0131nda de\u011fil. Anneannesinin bu s\u00f6zl\u00fc\u011f\u00fc herkesten saklamas\u0131n\u0131n nedeni, s\u00f6zl\u00fckten \u00e7\u0131kar\u0131lan kelimelerin hayat\u0131m\u0131zdan da \u00e7\u0131k\u0131yor olmas\u0131! Liseye yeni ba\u015flayan Zia, hem kendisinin hem de sevdiklerinin kar\u015f\u0131la\u015ft\u0131\u011f\u0131 zorluklar\u0131 g\u00f6r\u00fcnce, s\u00f6zl\u00fckten baz\u0131 kelimeleri \u00e7\u0131karmaya karar veriyor. Bunun her \u015feyi d\u00fczeltece\u011fini zanneden Zia, asl\u0131nda nas\u0131l bir kaosa yol a\u00e7t\u0131\u011f\u0131n\u0131n ise fark\u0131nda de\u011fil. Korkuyu, ac\u0131y\u0131, h\u00fczn\u00fc d\u00fcnyadan silmek, Zia\u2019n\u0131n hayat\u0131n\u0131 kolayla\u015ft\u0131rmak yerine her \u015feyi daha karma\u015f\u0131k h\u00e2le getiriyor.<\/p>\n","protected":false},"excerpt":{"rendered":"<p>Zia, hislerini tan\u0131mlayan m\u00fckemmel kelimeyi bulamazsa, o kelimeyi kendisi yarat\u0131yor!\u00c7at\u0131 kat\u0131nda her zaman ilgin\u00e7 \u015feyler bar\u0131nd\u0131ran anneannesinin s\u00f6zl\u00fc\u011f\u00fcn\u00fc ke\u015ffeden Zia, bu s\u00f6zl\u00fc\u011f\u00fcn g\u00fcc\u00fcn\u00fcn fark\u0131nda de\u011fil. Anneannesinin<span class=\"excerpt-hellip\"> [\u2026]<\/span><\/p>\n","protected":false},"featured_media":0,"template":"","meta":{"_monsterinsights_skip_tracking":false,"_monsterinsights_sitenote_active":false,"_monsterinsights_sitenote_note":"","_monsterinsights_sitenote_category":0},"product_brand":[],"product_cat":[12291,14777],"product_tag":[],"class_list":{"0":"post-757074","1":"product","2":"type-product","3":"status-publish","5":"product_cat-edebiyat","6":"product_cat-fantastik","7":"pa_cilt-ciltsiz","8":"pa_tur-kitap","9":"pa_yayinevi-genc-timas","10":"pa_yazar-bree-barton","12":"first","13":"instock","14":"sale","15":"shipping-taxable","16":"purchasable","17":"product-type-simple"},"_links":{"self":[{"href":"https:\/\/roveyayinevi.com.tr\/index.php\/wp-json\/wp\/v2\/product\/757074","targetHints":{"allow":["GET"]}}],"collection":[{"href":"https:\/\/roveyayinevi.com.tr\/index.php\/wp-json\/wp\/v2\/product"}],"about":[{"href":"https:\/\/roveyayinevi.com.tr\/index.php\/wp-json\/wp\/v2\/types\/product"}],"wp:attachment":[{"href":"https:\/\/roveyayinevi.com.tr\/index.php\/wp-json\/wp\/v2\/media?parent=757074"}],"wp:term":[{"taxonomy":"product_brand","embeddable":true,"href":"https:\/\/roveyayinevi.com.tr\/index.php\/wp-json\/wp\/v2\/product_brand?post=757074"},{"taxonomy":"product_cat","embeddable":true,"href":"https:\/\/roveyayinevi.com.tr\/index.php\/wp-json\/wp\/v2\/product_cat?post=757074"},{"taxonomy":"product_tag","embeddable":true,"href":"https:\/\/roveyayinevi.com.tr\/index.php\/wp-json\/wp\/v2\/product_tag?post=757074"}],"curies":[{"name":"wp","href":"https:\/\/api.w.org\/{rel}","templated":true}]}}