{"id":757073,"date":"2025-08-28T07:26:00","date_gmt":"2025-08-28T04:26:00","guid":{"rendered":"https:\/\/roveyayinevi.com.tr\/index.php\/urun\/kralin-gulusu\/"},"modified":"2026-04-16T03:10:03","modified_gmt":"2026-04-16T00:10:03","slug":"kralin-gulusu","status":"publish","type":"product","link":"https:\/\/roveyayinevi.com.tr\/index.php\/urun\/kralin-gulusu\/","title":{"rendered":"Kral\u0131n G\u00fcl\u00fc\u015f\u00fc"},"content":{"rendered":"<p>&#8220;Onun i\u00e7in ba\u015fka bir hayat m\u00fcmk\u00fcn olabilir mi?&#8221; Piraye&#8217;nin akl\u0131nda o\u011flu i\u00e7in hep bu soru vard\u0131. Atl\u0131 arabalar zaman\u0131nda bile\u011finde bak\u0131r k\u0131z\u0131l\u0131, par\u0131lt\u0131l\u0131 bir do\u011fum lekesiyle d\u00fcnyaya geldi Alaz. S\u00f6ylentiler kasaban\u0131n d\u00f6rt bir yan\u0131nda yank\u0131lanmaktayd\u0131: Tuhaf bir do\u011fum lekesiyle i\u015faretlenmi\u015f bu \u00e7ocuk, u\u011fursuz ve lanetliydi. Alaz&#8217;\u0131n do\u011fumundan dokuz y\u0131l sonras\u0131yd\u0131. Piraye \u00e7ok uzaklardaki Arnavut kald\u0131r\u0131ml\u0131 sokaklar\u0131nda s\u00fcsl\u00fc at arabalar\u0131 dola\u015fan, sanki hamurdan yap\u0131lm\u0131\u015f gibi g\u00f6r\u00fcnen beyaz evleriyle e\u015fsiz Bolena \u015fehrinde ya\u015faman\u0131n hayalini kurmakayd\u0131. Bu s\u0131rada kasaban\u0131n bereketi arts\u0131n diye bir b\u00fcy\u00fcc\u00fc getirilmi\u015fti. B\u00fcy\u00fcc\u00fc iyi niyetli gibi g\u00f6z\u00fckse de kalbinde karanl\u0131k bir g\u00fc\u00e7 ta\u015f\u0131maktayd\u0131. Yollar\u0131 kesi\u015fti\u011finde b\u00fcy\u00fcc\u00fc Alaz&#8217;a yakla\u015ft\u0131 ve ondan bir masumiyet al\u0131p kendi karanl\u0131\u011f\u0131n\u0131 g\u00fc\u00e7lendirmek istedi ancak beklenmedik bir \u015fey oldu. Kad\u0131n\u0131n keskin mavi g\u00f6zlerinden bir tanesi karard\u0131 ve kad\u0131n duman kusarak oldu\u011fu yerde k\u0131vrand\u0131. \u0130\u015fte o an Alaz&#8217;\u0131n kaderi de de\u011fi\u015fmi\u015fti&#8230; Haldun \u0130lkdo\u011fan, Kral\u0131n G\u00fcl\u00fc\u015f\u00fc kitab\u0131nda fantastik bir kurguyla yar\u0131n\u0131n sonsuz olas\u0131l\u0131klar\u0131n\u0131n kap\u0131lar\u0131n\u0131 aralayan Bolena \u015fehrinin ilham ve yarat\u0131c\u0131l\u0131k dolu ya\u015fam\u0131n\u0131 Alaz&#8217;\u0131n k\u00fc\u00e7\u00fck ad\u0131mlar\u0131yla ve hayali bir kral\u0131n \u00f6\u011fretileriyle deneyimlemeye davet ediyor.<\/p>\n","protected":false},"excerpt":{"rendered":"<p>&#8220;Onun i\u00e7in ba\u015fka bir hayat m\u00fcmk\u00fcn olabilir mi?&#8221; Piraye&#8217;nin akl\u0131nda o\u011flu i\u00e7in hep bu soru vard\u0131. Atl\u0131 arabalar zaman\u0131nda bile\u011finde bak\u0131r k\u0131z\u0131l\u0131, par\u0131lt\u0131l\u0131 bir do\u011fum lekesiyle<span class=\"excerpt-hellip\"> [\u2026]<\/span><\/p>\n","protected":false},"featured_media":0,"template":"","meta":{"_monsterinsights_skip_tracking":false,"_monsterinsights_sitenote_active":false,"_monsterinsights_sitenote_note":"","_monsterinsights_sitenote_category":0},"product_brand":[],"product_cat":[12291,14777],"product_tag":[],"class_list":{"0":"post-757073","1":"product","2":"type-product","3":"status-publish","5":"product_cat-edebiyat","6":"product_cat-fantastik","7":"pa_cilt-ciltsiz","8":"pa_tur-kitap","9":"pa_yayinevi-genc-timas","10":"pa_yazar-haldun-ilkdogan","12":"first","13":"instock","14":"sale","15":"shipping-taxable","16":"purchasable","17":"product-type-simple"},"_links":{"self":[{"href":"https:\/\/roveyayinevi.com.tr\/index.php\/wp-json\/wp\/v2\/product\/757073","targetHints":{"allow":["GET"]}}],"collection":[{"href":"https:\/\/roveyayinevi.com.tr\/index.php\/wp-json\/wp\/v2\/product"}],"about":[{"href":"https:\/\/roveyayinevi.com.tr\/index.php\/wp-json\/wp\/v2\/types\/product"}],"wp:attachment":[{"href":"https:\/\/roveyayinevi.com.tr\/index.php\/wp-json\/wp\/v2\/media?parent=757073"}],"wp:term":[{"taxonomy":"product_brand","embeddable":true,"href":"https:\/\/roveyayinevi.com.tr\/index.php\/wp-json\/wp\/v2\/product_brand?post=757073"},{"taxonomy":"product_cat","embeddable":true,"href":"https:\/\/roveyayinevi.com.tr\/index.php\/wp-json\/wp\/v2\/product_cat?post=757073"},{"taxonomy":"product_tag","embeddable":true,"href":"https:\/\/roveyayinevi.com.tr\/index.php\/wp-json\/wp\/v2\/product_tag?post=757073"}],"curies":[{"name":"wp","href":"https:\/\/api.w.org\/{rel}","templated":true}]}}